{"id":159882,"date":"2025-12-19T00:52:15","date_gmt":"2025-12-18T21:52:15","guid":{"rendered":"https:\/\/baldumarket.lt\/product\/szafka-kuchenna-dolna-1s-z-wkladem-do-segregacji-sorento-d60zs-ax-baltic-storm-green\/"},"modified":"2026-02-18T11:16:48","modified_gmt":"2026-02-18T08:16:48","slug":"szafka-kuchenna-dolna-1s-z-wkladem-do-segregacji-sorento-d60zs-ax-baltic-storm-green","status":"publish","type":"product","link":"https:\/\/baldumarket.lt\/lt\/product\/szafka-kuchenna-dolna-1s-z-wkladem-do-segregacji-sorento-d60zs-ax-baltic-storm-green\/","title":{"rendered":"Apatin\u0117 virtuv\u0117s spintel\u0117 1S su r\u016b\u0161iavimo \u012fd\u0117klu Sorento D60ZS AX Baltic Storm Green"},"content":{"rendered":"<p>Eleganti\u0161ka ir prakti\u0161ka \u201eSorento D60ZS 1S\u201c apatin\u0117 virtuv\u0117s spintel\u0117 su atliek\u0173 r\u016b\u0161iavimo \u012fd\u0117klu \u2013 puikus pasirinkimas tiems, kurie vertina ne tik funkcionalum\u0105, bet ir unikal\u0173 dizain\u0105. Matin\u0117s \u017ealios spalvos priekis kartu su \u201eBaltic Storm\u201c korpusu sukuria harmoning\u0105 visum\u0105, kuri neabejotinai papuo\u0161 bet kok\u012f virtuv\u0117s dizain\u0105. D\u0117l tvirt\u0173 med\u017eiag\u0173 ir modernios i\u0161vaizdos \u0161i spintel\u0117 lengvai prisitaiko prie \u012fvairi\u0173 interjero stili\u0173 \u2013 nuo minimalistinio iki tradici\u0161kesnio. Kuo \u0161i spintel\u0117 i\u0161siskiria? Svarbiausia, kad ji si\u016blo tobul\u0105 estetikos ir funkcionalumo derin\u012f. Komplekte yra dvi atliek\u0173 r\u016b\u0161iavimo d\u0117\u017e\u0117s \u2013 ne\u012fkainojama priemon\u0117 palaikant kasdien\u0119 tvark\u0105. Tai teigiamai veikia ne tik virtuv\u0117s estetik\u0105, bet ir aplink\u0105, skatinant aplinkai nekenksming\u0105 praktik\u0105. Dizainas neaukoja prakti\u0161kumo \u2013 juodos metalin\u0117s rankenos ne tik suteikia elegancijos, bet ir yra ne\u012ftik\u0117tinai patvarios. Visi\u0161kai i\u0161traukiamos b\u0117gel\u0117s leid\u017eia lengvai pasiekti spintel\u0117s turin\u012f, o \u0161velnaus u\u017edarymo mechanizmas u\u017etikrina tyl\u0173 ir begars\u012f veikim\u0105. Tai detal\u0117s, kurios lemia kasdienio naudojimo patogum\u0105.<\/p>","protected":false},"excerpt":{"rendered":"<p>Plotis (cm): 60<br \/>\n\u016agis (cm): 87<br \/>\nGylis (cm): 52<\/p>","protected":false},"featured_media":159883,"comment_status":"open","ping_status":"open","template":"","meta":[],"product_brand":[],"product_cat":[9436,4106],"product_tag":[],"class_list":{"0":"post-159882","1":"product","2":"type-product","3":"status-publish","4":"has-post-thumbnail","6":"product_cat-kitchen-system-sorento","7":"product_cat-gala-meble","9":"first","10":"instock","11":"purchasable","12":"product-type-simple"},"_links":{"self":[{"href":"https:\/\/baldumarket.lt\/lt\/wp-json\/wp\/v2\/product\/159882","targetHints":{"allow":["GET"]}}],"collection":[{"href":"https:\/\/baldumarket.lt\/lt\/wp-json\/wp\/v2\/product"}],"about":[{"href":"https:\/\/baldumarket.lt\/lt\/wp-json\/wp\/v2\/types\/product"}],"replies":[{"embeddable":true,"href":"https:\/\/baldumarket.lt\/lt\/wp-json\/wp\/v2\/comments?post=159882"}],"wp:featuredmedia":[{"embeddable":true,"href":"https:\/\/baldumarket.lt\/lt\/wp-json\/wp\/v2\/media\/159883"}],"wp:attachment":[{"href":"https:\/\/baldumarket.lt\/lt\/wp-json\/wp\/v2\/media?parent=159882"}],"wp:term":[{"taxonomy":"product_brand","embeddable":true,"href":"https:\/\/baldumarket.lt\/lt\/wp-json\/wp\/v2\/product_brand?post=159882"},{"taxonomy":"product_cat","embeddable":true,"href":"https:\/\/baldumarket.lt\/lt\/wp-json\/wp\/v2\/product_cat?post=159882"},{"taxonomy":"product_tag","embeddable":true,"href":"https:\/\/baldumarket.lt\/lt\/wp-json\/wp\/v2\/product_tag?post=159882"}],"curies":[{"name":"wp","href":"https:\/\/api.w.org\/{rel}","templated":true}]}}