{"id":159877,"date":"2025-12-19T00:52:05","date_gmt":"2025-12-18T21:52:05","guid":{"rendered":"https:\/\/baldumarket.lt\/product\/szafka-kuchenna-dolna-1s-z-wkladem-do-segregacji-sorento-d60zs-ax-bialy-mat-bezowy-mat\/"},"modified":"2026-02-18T11:16:48","modified_gmt":"2026-02-18T08:16:48","slug":"szafka-kuchenna-dolna-1s-z-wkladem-do-segregacji-sorento-d60zs-ax-bialy-mat-bezowy-mat","status":"publish","type":"product","link":"https:\/\/baldumarket.lt\/lt\/product\/szafka-kuchenna-dolna-1s-z-wkladem-do-segregacji-sorento-d60zs-ax-bialy-mat-bezowy-mat\/","title":{"rendered":"1S Apatin\u0117 virtuv\u0117s spintel\u0117 su r\u016b\u0161iavimo \u012fd\u0117klu Sorento D60ZS AX Matin\u0117 balta matin\u0117 sm\u0117lio spalvos"},"content":{"rendered":"<p>Paverskite savo virtuv\u0119 funkcionalia ir stilinga erdve su 1S apatine spintele i\u0161 \u201eSorento D60ZS AX\u201c kolekcijos. Matin\u0117s sm\u0117lio spalvos fasadai kartu su matin\u0117s baltos spalvos korpusu suteikia bet kokiam interjerui modernumo ir elegancijos. Kruop\u0161\u010diai parinktos spalvos suteikia spintelei subtilaus \u017eavesio, kuris puikiai dera prie \u012fvairi\u0173 virtuv\u0117s stili\u0173 \u2013 nuo klasikinio iki minimalistinio. D\u0117l apgalvoto dizaino \u0161i spintel\u0117 yra puikus sprendimas tiems, kurie vertina prakti\u0161kum\u0105 ir tvark\u0105. Su juoda metaline rankena ji yra ir patrauklus, ir patvarus priedas. Reguliuojamos kojel\u0117s, kuri\u0173 auk\u0161t\u012f galima reguliuoti nuo 15 iki 17 cm, leid\u017eia pritaikyti spintel\u0119 individualiai. Kiekviena detal\u0117 sukurta atsi\u017evelgiant \u012f maksimal\u0173 naudojimo patogum\u0105. M\u0117gaukit\u0117s komplekte esan\u010dio atliek\u0173 r\u016b\u0161iavimo \u012fd\u0117klo patogumu. Du 15 litr\u0173 konteineriai leid\u017eia efektyviai tvarkyti atliekas virtuv\u0117je, laikantis \u0161iuolaikini\u0173 aplinkosaugos standart\u0173. D\u0117l pilno i\u0161traukimo b\u0117geli\u0173 ir \u0161velnaus u\u017edarymo mechanizmo spintele naudotis itin patogu ir malonu, o tai dar labiau padidina kasdienio naudojimo kokyb\u0119.<\/p>","protected":false},"excerpt":{"rendered":"<p>Plotis (cm): 60<br \/>\n\u016agis (cm): 87<br \/>\nGylis (cm): 52<\/p>","protected":false},"featured_media":159878,"comment_status":"open","ping_status":"open","template":"","meta":[],"product_brand":[],"product_cat":[9436,4106],"product_tag":[],"class_list":{"0":"post-159877","1":"product","2":"type-product","3":"status-publish","4":"has-post-thumbnail","6":"product_cat-kitchen-system-sorento","7":"product_cat-gala-meble","9":"first","10":"instock","11":"purchasable","12":"product-type-simple"},"_links":{"self":[{"href":"https:\/\/baldumarket.lt\/lt\/wp-json\/wp\/v2\/product\/159877","targetHints":{"allow":["GET"]}}],"collection":[{"href":"https:\/\/baldumarket.lt\/lt\/wp-json\/wp\/v2\/product"}],"about":[{"href":"https:\/\/baldumarket.lt\/lt\/wp-json\/wp\/v2\/types\/product"}],"replies":[{"embeddable":true,"href":"https:\/\/baldumarket.lt\/lt\/wp-json\/wp\/v2\/comments?post=159877"}],"wp:featuredmedia":[{"embeddable":true,"href":"https:\/\/baldumarket.lt\/lt\/wp-json\/wp\/v2\/media\/159878"}],"wp:attachment":[{"href":"https:\/\/baldumarket.lt\/lt\/wp-json\/wp\/v2\/media?parent=159877"}],"wp:term":[{"taxonomy":"product_brand","embeddable":true,"href":"https:\/\/baldumarket.lt\/lt\/wp-json\/wp\/v2\/product_brand?post=159877"},{"taxonomy":"product_cat","embeddable":true,"href":"https:\/\/baldumarket.lt\/lt\/wp-json\/wp\/v2\/product_cat?post=159877"},{"taxonomy":"product_tag","embeddable":true,"href":"https:\/\/baldumarket.lt\/lt\/wp-json\/wp\/v2\/product_tag?post=159877"}],"curies":[{"name":"wp","href":"https:\/\/api.w.org\/{rel}","templated":true}]}}