{"id":159872,"date":"2025-12-19T00:51:55","date_gmt":"2025-12-18T21:51:55","guid":{"rendered":"https:\/\/baldumarket.lt\/product\/szafka-kuchenna-dolna-1s-z-wkladem-do-segregacji-sorento-d60zs-ax-puccini\/"},"modified":"2026-02-18T11:16:30","modified_gmt":"2026-02-18T08:16:30","slug":"szafka-kuchenna-dolna-1s-z-wkladem-do-segregacji-sorento-d60zs-ax-puccini","status":"publish","type":"product","link":"https:\/\/baldumarket.lt\/lt\/product\/szafka-kuchenna-dolna-1s-z-wkladem-do-segregacji-sorento-d60zs-ax-puccini\/","title":{"rendered":"1S Apatin\u0117 virtuv\u0117s spintel\u0117 su r\u016b\u0161iavimo \u012fd\u0117klu Sorento D60ZS AX Puccini"},"content":{"rendered":"<p>Pakelkite savo virtuv\u0117s estetik\u0105 \u012f nauj\u0105 lyg\u012f su \u201eSorento D60ZS AX\u201c apatine spintele i\u0161 garsaus \u201eGa\u0142a Meble\u201c prek\u0117s \u017eenklo \u201ePuccini\u201c kolekcijos. Stilinga \u201ePuccini\u201c apdaila harmoningai dera tiek su moderniu, tiek su klasikiniu interjero dizainu, suteikdama erdvei elegancijos ir rafinuotumo. \u0160i virtuv\u0117s spintel\u0117 \u017eavi ne tik savo dizainu, bet ir prakti\u0161kumu, kuris patenkins bet kur\u012f funkcionali\u0173 sprendim\u0173 entuziast\u0105. D\u0117l gerai apgalvoto dizaino \u0161i spintel\u0117 su atliek\u0173 r\u016b\u0161iavimo \u012fd\u0117klu taps ne\u012fkainojamu bet kurios virtuv\u0117s elementu. Viso i\u0161traukimo b\u0117geliai u\u017etikrina skland\u0173 ir lengv\u0105 stal\u010di\u0173 atidarym\u0105, leid\u017eiant\u012f greitai ir patogiai pasiekti turin\u012f. Klasikin\u0117s juodo metalo rankenos pabr\u0117\u017eia modern\u0173 spintel\u0117s charakter\u012f ir si\u016blo patvarum\u0105 bei patogum\u0105 naudoti. Su \u0161ia spintele kasdien\u0117 veikla bus grynas malonumas. Profesionaliai suprojektuota laminuota plok\u0161t\u0117, i\u0161 kurios pagaminta tiek spintel\u0117s priekin\u0117 dalis, tiek korpusas, garantuoja atsparum\u0105 pa\u017eeidimams ir ilgalaik\u0119 gra\u017ei\u0105 i\u0161vaizd\u0105. Komplekte yra dvi 15 litr\u0173 talpos \u0161iuk\u0161liad\u0117\u017e\u0117s, tod\u0117l lengva sistemingai r\u016b\u0161iuoti atliekas \u2013 idealus sprendimas tiems, kuriems r\u016bpi aplinka. Auk\u0161tos, reguliuojamo auk\u0161\u010dio kojel\u0117s leid\u017eia pritaikyti spintel\u0119 pagal individualius poreikius.<\/p>","protected":false},"excerpt":{"rendered":"<p>Plotis (cm): 60<br \/>\n\u016agis (cm): 87<br \/>\nGylis (cm): 52<\/p>","protected":false},"featured_media":159873,"comment_status":"open","ping_status":"open","template":"","meta":[],"product_brand":[],"product_cat":[9436,4106],"product_tag":[],"class_list":{"0":"post-159872","1":"product","2":"type-product","3":"status-publish","4":"has-post-thumbnail","6":"product_cat-kitchen-system-sorento","7":"product_cat-gala-meble","9":"first","10":"instock","11":"purchasable","12":"product-type-simple"},"_links":{"self":[{"href":"https:\/\/baldumarket.lt\/lt\/wp-json\/wp\/v2\/product\/159872","targetHints":{"allow":["GET"]}}],"collection":[{"href":"https:\/\/baldumarket.lt\/lt\/wp-json\/wp\/v2\/product"}],"about":[{"href":"https:\/\/baldumarket.lt\/lt\/wp-json\/wp\/v2\/types\/product"}],"replies":[{"embeddable":true,"href":"https:\/\/baldumarket.lt\/lt\/wp-json\/wp\/v2\/comments?post=159872"}],"wp:featuredmedia":[{"embeddable":true,"href":"https:\/\/baldumarket.lt\/lt\/wp-json\/wp\/v2\/media\/159873"}],"wp:attachment":[{"href":"https:\/\/baldumarket.lt\/lt\/wp-json\/wp\/v2\/media?parent=159872"}],"wp:term":[{"taxonomy":"product_brand","embeddable":true,"href":"https:\/\/baldumarket.lt\/lt\/wp-json\/wp\/v2\/product_brand?post=159872"},{"taxonomy":"product_cat","embeddable":true,"href":"https:\/\/baldumarket.lt\/lt\/wp-json\/wp\/v2\/product_cat?post=159872"},{"taxonomy":"product_tag","embeddable":true,"href":"https:\/\/baldumarket.lt\/lt\/wp-json\/wp\/v2\/product_tag?post=159872"}],"curies":[{"name":"wp","href":"https:\/\/api.w.org\/{rel}","templated":true}]}}