{"id":159867,"date":"2025-12-19T00:51:46","date_gmt":"2025-12-18T21:51:46","guid":{"rendered":"https:\/\/baldumarket.lt\/product\/szafka-kuchenna-dolna-1s-z-wkladem-do-segregacji-sorento-d60zs-ax-puccini-bezowy-mat\/"},"modified":"2026-02-18T11:16:30","modified_gmt":"2026-02-18T08:16:30","slug":"szafka-kuchenna-dolna-1s-z-wkladem-do-segregacji-sorento-d60zs-ax-puccini-bezowy-mat","status":"publish","type":"product","link":"https:\/\/baldumarket.lt\/lt\/product\/szafka-kuchenna-dolna-1s-z-wkladem-do-segregacji-sorento-d60zs-ax-puccini-bezowy-mat\/","title":{"rendered":"1S Apatin\u0117 virtuv\u0117s spintel\u0117 su r\u016b\u0161iavimo \u012fd\u0117klu Sorento D60ZS AX Puccini matin\u0117s sm\u0117lio spalvos"},"content":{"rendered":"<p>Sukurkite tobul\u0105 erdv\u0119 savo virtuv\u0117je su \u201eSorento\u201c apatine spintele su atliek\u0173 r\u016b\u0161iavimo \u012fd\u0117klu, pasi\u017eymin\u010dia rafinuotu matin\u0117s sm\u0117lio spalvos atspalviu. \u0160i stilinga spintel\u0117 sujungia elegancij\u0105 ir prakti\u0161kum\u0105, suteikdama funkcional\u0173 sprendim\u0105 atliek\u0173 laikymui ir r\u016b\u0161iavimui. D\u0117l harmoningo sm\u0117lio ir Puccini spalv\u0173 derinio ji suteikia \u0161ilumos ir modernumo bet kokiam virtuv\u0117s dizainui. Spintel\u0117, kurios fasadai ir korpusas pagaminti i\u0161 atsparios pa\u017eeidimams laminuotos plok\u0161t\u0117s, yra ne tik gra\u017ei, bet ir ilgaam\u017e\u0117. Matin\u0117 apdaila pabr\u0117\u017eia baldo subtilum\u0105 ir elegancij\u0105, o juodos metalin\u0117s rankenos suteikia charakterio. Reguliuojamos kojel\u0117s leid\u017eia lengvai pritaikyti spintel\u0117s auk\u0161t\u012f pagal savo poreikius, u\u017etikrinant visi\u0161k\u0105 stabilum\u0105 ir naudojimo patogum\u0105. \u0160ios spintel\u0117s funkcionalumas neatsiejamas nuo estetikos \u2013 prakti\u0161ki viso i\u0161traukimo b\u0117geliai suteikia lengv\u0105 prieig\u0105 prie turinio, o \u0161velnaus u\u017edarymo funkcija leid\u017eia ja naudotis dar patogiau. Integruota 2 \u00d7 15 litr\u0173 talpos atliek\u0173 r\u016b\u0161iavimo sistema yra puikus sprendimas tiems, kurie r\u016bpinasi aplinka. Jos d\u0117ka galite lengvai atskirti skirting\u0173 r\u016b\u0161i\u0173 atliekas, o tai palengvins j\u0173 v\u0117lesn\u012f utilizavim\u0105.<\/p>","protected":false},"excerpt":{"rendered":"<p>Plotis (cm): 60<br \/>\n\u016agis (cm): 87<br \/>\nGylis (cm): 52<\/p>","protected":false},"featured_media":159868,"comment_status":"open","ping_status":"open","template":"","meta":[],"product_brand":[],"product_cat":[9436,4106],"product_tag":[],"class_list":{"0":"post-159867","1":"product","2":"type-product","3":"status-publish","4":"has-post-thumbnail","6":"product_cat-kitchen-system-sorento","7":"product_cat-gala-meble","9":"first","10":"instock","11":"purchasable","12":"product-type-simple"},"_links":{"self":[{"href":"https:\/\/baldumarket.lt\/lt\/wp-json\/wp\/v2\/product\/159867","targetHints":{"allow":["GET"]}}],"collection":[{"href":"https:\/\/baldumarket.lt\/lt\/wp-json\/wp\/v2\/product"}],"about":[{"href":"https:\/\/baldumarket.lt\/lt\/wp-json\/wp\/v2\/types\/product"}],"replies":[{"embeddable":true,"href":"https:\/\/baldumarket.lt\/lt\/wp-json\/wp\/v2\/comments?post=159867"}],"wp:featuredmedia":[{"embeddable":true,"href":"https:\/\/baldumarket.lt\/lt\/wp-json\/wp\/v2\/media\/159868"}],"wp:attachment":[{"href":"https:\/\/baldumarket.lt\/lt\/wp-json\/wp\/v2\/media?parent=159867"}],"wp:term":[{"taxonomy":"product_brand","embeddable":true,"href":"https:\/\/baldumarket.lt\/lt\/wp-json\/wp\/v2\/product_brand?post=159867"},{"taxonomy":"product_cat","embeddable":true,"href":"https:\/\/baldumarket.lt\/lt\/wp-json\/wp\/v2\/product_cat?post=159867"},{"taxonomy":"product_tag","embeddable":true,"href":"https:\/\/baldumarket.lt\/lt\/wp-json\/wp\/v2\/product_tag?post=159867"}],"curies":[{"name":"wp","href":"https:\/\/api.w.org\/{rel}","templated":true}]}}