{"id":159862,"date":"2025-12-19T00:51:36","date_gmt":"2025-12-18T21:51:36","guid":{"rendered":"https:\/\/baldumarket.lt\/product\/szafka-kuchenna-dolna-1s-z-wkladem-do-segregacji-sorento-d60zs-ax-puccini-green\/"},"modified":"2026-02-18T11:16:30","modified_gmt":"2026-02-18T08:16:30","slug":"szafka-kuchenna-dolna-1s-z-wkladem-do-segregacji-sorento-d60zs-ax-puccini-green","status":"publish","type":"product","link":"https:\/\/baldumarket.lt\/lt\/product\/szafka-kuchenna-dolna-1s-z-wkladem-do-segregacji-sorento-d60zs-ax-puccini-green\/","title":{"rendered":"1S apatin\u0117 virtuv\u0117s spintel\u0117 su r\u016b\u0161iavimo \u012fd\u0117klu Sorento D60ZS AX Puccini \u017ealia"},"content":{"rendered":"<p>Atraskite i\u0161skirtin\u012f \u201eSorento 1S\u201c apatin\u0117s virtuv\u0117s spintel\u0117s su r\u016b\u0161iavimo \u012fd\u0117klu \u201ePuccini Green\u201c spalvos i\u0161 garsaus \u201eGa\u0142a Meble\u201c prek\u0117s \u017eenklo funkcionalum\u0105 ir estetik\u0105. \u0160is gerai apgalvotas dizainas harmoningai derina modern\u0173 dizain\u0105 su prakti\u0161kumu, puikiai papildydamas bet koki\u0105 virtuv\u0119. Eleganti\u0161ka \u017ealia apdaila suteikia interjerui unikalaus gaivumo ir \u0161iuolaiki\u0161ko stiliaus. \u012esp\u016bdingas ne tik estetinis patrauklumas, bet ir funkcionalumas. Spintel\u0117 apr\u016bpinta prakti\u0161ku r\u016b\u0161iavimo \u012fd\u0117klu, kuris palengvina kasdien\u0119 aplinkos prie\u017ei\u016br\u0105 ir virtuv\u0117s organizavim\u0105. Viso i\u0161traukimo b\u0117geliai leid\u017eia greitai ir patogiai pasiekti spintel\u0117s turin\u012f, o tai \u017eymiai padidina komfort\u0105. Juodos metalin\u0117s rankenos suteikia modernumo ir puikiai papildo bendr\u0105 dizain\u0105, pabr\u0117\u017edamos jos dizainerio charakter\u012f. Auk\u0161tos, reguliuojamos kojel\u0117s, siekian\u010dios iki 15 cm, u\u017etikrina stabilum\u0105 ir leid\u017eia spintel\u0117s auk\u0161t\u012f reguliuoti pagal individualius poreikius. Tai ne tik dekoratyvinis elementas, bet ir prakti\u0161kas sprendimas pritaikant spintel\u0119 prie \u012fvairi\u0173 pavir\u0161i\u0173.<\/p>","protected":false},"excerpt":{"rendered":"<p>Plotis (cm): 60<br \/>\n\u016agis (cm): 87<br \/>\nGylis (cm): 52<\/p>","protected":false},"featured_media":159863,"comment_status":"open","ping_status":"open","template":"","meta":[],"product_brand":[],"product_cat":[9436,4106],"product_tag":[],"class_list":{"0":"post-159862","1":"product","2":"type-product","3":"status-publish","4":"has-post-thumbnail","6":"product_cat-kitchen-system-sorento","7":"product_cat-gala-meble","9":"first","10":"instock","11":"purchasable","12":"product-type-simple"},"_links":{"self":[{"href":"https:\/\/baldumarket.lt\/lt\/wp-json\/wp\/v2\/product\/159862","targetHints":{"allow":["GET"]}}],"collection":[{"href":"https:\/\/baldumarket.lt\/lt\/wp-json\/wp\/v2\/product"}],"about":[{"href":"https:\/\/baldumarket.lt\/lt\/wp-json\/wp\/v2\/types\/product"}],"replies":[{"embeddable":true,"href":"https:\/\/baldumarket.lt\/lt\/wp-json\/wp\/v2\/comments?post=159862"}],"wp:featuredmedia":[{"embeddable":true,"href":"https:\/\/baldumarket.lt\/lt\/wp-json\/wp\/v2\/media\/159863"}],"wp:attachment":[{"href":"https:\/\/baldumarket.lt\/lt\/wp-json\/wp\/v2\/media?parent=159862"}],"wp:term":[{"taxonomy":"product_brand","embeddable":true,"href":"https:\/\/baldumarket.lt\/lt\/wp-json\/wp\/v2\/product_brand?post=159862"},{"taxonomy":"product_cat","embeddable":true,"href":"https:\/\/baldumarket.lt\/lt\/wp-json\/wp\/v2\/product_cat?post=159862"},{"taxonomy":"product_tag","embeddable":true,"href":"https:\/\/baldumarket.lt\/lt\/wp-json\/wp\/v2\/product_tag?post=159862"}],"curies":[{"name":"wp","href":"https:\/\/api.w.org\/{rel}","templated":true}]}}