{"id":159858,"date":"2025-12-19T00:51:28","date_gmt":"2025-12-18T21:51:28","guid":{"rendered":"https:\/\/baldumarket.lt\/product\/szafka-kuchenna-dolna-1s-zabudowa-kuchenki-sorento-d60zk-baltic-storm-bezowy-mat\/"},"modified":"2026-02-18T11:16:30","modified_gmt":"2026-02-18T08:16:30","slug":"szafka-kuchenna-dolna-1s-zabudowa-kuchenki-sorento-d60zk-baltic-storm-bezowy-mat","status":"publish","type":"product","link":"https:\/\/baldumarket.lt\/lt\/product\/szafka-kuchenna-dolna-1s-zabudowa-kuchenki-sorento-d60zk-baltic-storm-bezowy-mat\/","title":{"rendered":"Apatin\u0117 virtuv\u0117s spintel\u0117 1S \u012fmontuojama virykl\u0117 Sorento D60ZK Baltic Storm Beige Matte"},"content":{"rendered":"<p>Atraskite i\u0161skirtin\u012f \u201eSorento D60ZK\u201c virtuv\u0117s spintel\u0117s, matin\u0117s sm\u0117lio spalvos, elegancij\u0105 ir funkcionalum\u0105 \u2013 tobul\u0105 bet kurios modernios virtuv\u0117s papildym\u0105. Jos ak\u012f traukianti estetika skland\u017eiai dera su \u012fvairi\u0173 stili\u0173 interjerais. \u201eBaltic Storm\u201c apdaila suteikia rafinuot\u0105 charakter\u012f, derindama klasikin\u012f stili\u0173 su \u0161iuolaikinio gaivumo prisilietimu.<\/p>\n<p>Sukurta tiems, kurie vertina prakti\u0161kum\u0105, \u0161i virtuv\u0117s spintel\u0117 puikiai atitinka bet kurios virtuv\u0117s funkcinius poreikius. Ergonomi\u0161kas dizainas garantuoja ne tik komfort\u0105, bet ir didesn\u0119 erdv\u0117s i\u0161d\u0117stymo laisv\u0119. D\u0117l juod\u0173 metalini\u0173 ranken\u0117li\u0173 kasdienis naudojimas tampa malonumu, tuo pa\u010diu pabr\u0117\u017eiant interjero elegancij\u0105.<\/p>\n<p>Viso i\u0161traukimo stal\u010dius yra dar viena savyb\u0117, d\u0117l kurios \u0161i spintel\u0117 yra universalus ir nepakei\u010diamas virtuv\u0117s aksesuaras. \u0160is sprendimas leid\u017eia lengvai pasiekti viduje laikomus daiktus, u\u017etikrinant lengv\u0105 organizavim\u0105 ir tvark\u0105. Reguliuojamos 15 cm kojel\u0117s leid\u017eia pritaikyti spintel\u0119 prie bet kokio stalvir\u0161io auk\u0161\u010dio \u2013 tai didelis privalumas tiems, kurie vertina galimyb\u0119 suasmeninti savo interjer\u0105.<\/p>\n<p>Visas baldas pagamintas i\u0161 auk\u0161tos kokyb\u0117s laminuotos plok\u0161t\u0117s, u\u017etikrinan\u010dios atsparum\u0105 pa\u017eeidimams ir ilgaam\u017ei\u0161kum\u0105 daugel\u012f met\u0173. Spintel\u0117 sukurta taip, kad j\u0105 b\u016bt\u0173 galima surinkti savaranki\u0161kai, tod\u0117l sutaupysite papildom\u0173 \u012frengimo i\u0161laid\u0173. Pasirinkdami \u201eSorento D60ZK\u201c spintel\u0119, investuojate \u012f patikimum\u0105, prakti\u0161kum\u0105 ir stili\u0173, kurie daugel\u012f met\u0173 papuo\u0161 j\u016bs\u0173 virtuv\u0119.<\/p>","protected":false},"excerpt":{"rendered":"<p>Plotis (cm): 60<br \/>\n\u016agis (cm): 87<br \/>\nGylis (cm): 52<\/p>","protected":false},"featured_media":159859,"comment_status":"open","ping_status":"open","template":"","meta":[],"product_brand":[],"product_cat":[9436,4106],"product_tag":[],"class_list":{"0":"post-159858","1":"product","2":"type-product","3":"status-publish","4":"has-post-thumbnail","6":"product_cat-kitchen-system-sorento","7":"product_cat-gala-meble","9":"first","10":"instock","11":"purchasable","12":"product-type-simple"},"_links":{"self":[{"href":"https:\/\/baldumarket.lt\/lt\/wp-json\/wp\/v2\/product\/159858","targetHints":{"allow":["GET"]}}],"collection":[{"href":"https:\/\/baldumarket.lt\/lt\/wp-json\/wp\/v2\/product"}],"about":[{"href":"https:\/\/baldumarket.lt\/lt\/wp-json\/wp\/v2\/types\/product"}],"replies":[{"embeddable":true,"href":"https:\/\/baldumarket.lt\/lt\/wp-json\/wp\/v2\/comments?post=159858"}],"wp:featuredmedia":[{"embeddable":true,"href":"https:\/\/baldumarket.lt\/lt\/wp-json\/wp\/v2\/media\/159859"}],"wp:attachment":[{"href":"https:\/\/baldumarket.lt\/lt\/wp-json\/wp\/v2\/media?parent=159858"}],"wp:term":[{"taxonomy":"product_brand","embeddable":true,"href":"https:\/\/baldumarket.lt\/lt\/wp-json\/wp\/v2\/product_brand?post=159858"},{"taxonomy":"product_cat","embeddable":true,"href":"https:\/\/baldumarket.lt\/lt\/wp-json\/wp\/v2\/product_cat?post=159858"},{"taxonomy":"product_tag","embeddable":true,"href":"https:\/\/baldumarket.lt\/lt\/wp-json\/wp\/v2\/product_tag?post=159858"}],"curies":[{"name":"wp","href":"https:\/\/api.w.org\/{rel}","templated":true}]}}