{"id":159854,"date":"2025-12-19T00:51:20","date_gmt":"2025-12-18T21:51:20","guid":{"rendered":"https:\/\/baldumarket.lt\/product\/szafka-kuchenna-dolna-1s-zabudowa-kuchenki-sorento-d60zk-baltic-storm-green\/"},"modified":"2026-02-18T11:16:30","modified_gmt":"2026-02-18T08:16:30","slug":"szafka-kuchenna-dolna-1s-zabudowa-kuchenki-sorento-d60zk-baltic-storm-green","status":"publish","type":"product","link":"https:\/\/baldumarket.lt\/lt\/product\/szafka-kuchenna-dolna-1s-zabudowa-kuchenki-sorento-d60zk-baltic-storm-green\/","title":{"rendered":"Apatin\u0117 virtuv\u0117s spintel\u0117 1S \u012emontuojama virykl\u0117 Sorento D60ZK Baltic Storm Green"},"content":{"rendered":"<p>Pristatome \u201eSorento D60ZK\u201c virtuv\u0117s spintel\u0119, kuri suteiks j\u016bs\u0173 virtuvei modern\u0173 ir stiling\u0105 charakter\u012f. Jos sodri, matin\u0117 \u017ealia priekin\u0117 dalis kartu su \u201eBaltic Storm\u201c korpusu sukuria harmoning\u0105 ir rami\u0105 atmosfer\u0105, puikiai tinkan\u010di\u0105 kulinariniams \u0161edevrams kurti j\u016bs\u0173 namuose.<\/p>\n<p>\u201eSorento\u201c apatin\u0117 spintel\u0117 yra ne tik esteti\u0161kas j\u016bs\u0173 virtuv\u0117s papildymas, bet ir prakti\u0161kas sprendimas. D\u0117l i\u0161manaus i\u0161planavimo ji puikiai veikia kaip \u012fmontuojama virykl\u0117s spintel\u0117, suteikianti papildomos vietos virtuv\u0117s priedams laikyti. Visi\u0161kai i\u0161traukiamos b\u0117gel\u0117s leid\u017eia greitai ir lengvai pasiekti visus laikomus daiktus, u\u017etikrinant kasdien\u012f patogum\u0105.<\/p>\n<p>\u0160i\u0105 spintel\u0119 suk\u016br\u0117me i\u0161 auk\u0161tos kokyb\u0117s laminuotos plok\u0161t\u0117s, u\u017etikrinan\u010dios atsparum\u0105 pa\u017eeidimams ir ilgaam\u017ei\u0161kum\u0105. Tai puikus pasirinkimas ie\u0161kantiems stiling\u0173, bet funkcionali\u0173 virtuv\u0117s bald\u0173. Reguliuojamos 15 cm kojel\u0117s suteikia elegancijos ir leid\u017eia spintelei prisitaikyti prie nelygi\u0173 grind\u0173, i\u0161laikant jos stabilum\u0105 bet kokioje situacijoje.<\/p>\n<p>\u201eSorento\u201c apatin\u0117 spintel\u0117 taip pat lengvai surenkama. Sukurta savaranki\u0161kam surinkimui, ji taupo j\u016bs\u0173 laik\u0105 ir pinigus, kuriuos skirtum\u0117te specialistams. D\u0117l patvari\u0173, juodo metalo ranken\u0173 kiekvienas baldas yra suprojektuotas taip, kad j\u012f b\u016bt\u0173 lengva surinkti, nereikia sud\u0117ting\u0173 \u012franki\u0173, tod\u0117l konstrukcija yra tvirta ir prakti\u0161ka. Pasirinkdami \u0161i\u0105 spintel\u0119, investuojate \u012f savo virtuv\u0117s komfort\u0105 ir stili\u0173.<\/p>","protected":false},"excerpt":{"rendered":"<p>Plotis (cm): 60<br \/>\n\u016agis (cm): 87<br \/>\nGylis (cm): 52<\/p>","protected":false},"featured_media":159855,"comment_status":"open","ping_status":"open","template":"","meta":[],"product_brand":[],"product_cat":[9436,4106],"product_tag":[],"class_list":{"0":"post-159854","1":"product","2":"type-product","3":"status-publish","4":"has-post-thumbnail","6":"product_cat-kitchen-system-sorento","7":"product_cat-gala-meble","9":"first","10":"instock","11":"purchasable","12":"product-type-simple"},"_links":{"self":[{"href":"https:\/\/baldumarket.lt\/lt\/wp-json\/wp\/v2\/product\/159854","targetHints":{"allow":["GET"]}}],"collection":[{"href":"https:\/\/baldumarket.lt\/lt\/wp-json\/wp\/v2\/product"}],"about":[{"href":"https:\/\/baldumarket.lt\/lt\/wp-json\/wp\/v2\/types\/product"}],"replies":[{"embeddable":true,"href":"https:\/\/baldumarket.lt\/lt\/wp-json\/wp\/v2\/comments?post=159854"}],"wp:featuredmedia":[{"embeddable":true,"href":"https:\/\/baldumarket.lt\/lt\/wp-json\/wp\/v2\/media\/159855"}],"wp:attachment":[{"href":"https:\/\/baldumarket.lt\/lt\/wp-json\/wp\/v2\/media?parent=159854"}],"wp:term":[{"taxonomy":"product_brand","embeddable":true,"href":"https:\/\/baldumarket.lt\/lt\/wp-json\/wp\/v2\/product_brand?post=159854"},{"taxonomy":"product_cat","embeddable":true,"href":"https:\/\/baldumarket.lt\/lt\/wp-json\/wp\/v2\/product_cat?post=159854"},{"taxonomy":"product_tag","embeddable":true,"href":"https:\/\/baldumarket.lt\/lt\/wp-json\/wp\/v2\/product_tag?post=159854"}],"curies":[{"name":"wp","href":"https:\/\/api.w.org\/{rel}","templated":true}]}}