{"id":159850,"date":"2025-12-19T00:51:13","date_gmt":"2025-12-18T21:51:13","guid":{"rendered":"https:\/\/baldumarket.lt\/product\/szafka-kuchenna-dolna-1s-zabudowa-kuchenki-sorento-d60zk-bialy-green\/"},"modified":"2026-02-18T11:16:30","modified_gmt":"2026-02-18T08:16:30","slug":"szafka-kuchenna-dolna-1s-zabudowa-kuchenki-sorento-d60zk-bialy-green","status":"publish","type":"product","link":"https:\/\/baldumarket.lt\/lt\/product\/szafka-kuchenna-dolna-1s-zabudowa-kuchenki-sorento-d60zk-bialy-green\/","title":{"rendered":"Apatin\u0117 virtuv\u0117s spintel\u0117 1S \u012fmontuojama virykl\u0117 Sorento D60ZK balta \u017ealia"},"content":{"rendered":"<p>Atraskite stiliaus ir funkcionalumo harmonij\u0105 su \u201eSorento 1S\u201c apatine virtuv\u0117s spintele. Eleganti\u0161kas matin\u0117s \u017ealios spalvos priekis kartu su baltu korpusu sukuria unikal\u0173 derin\u012f, kuris suteiks j\u016bs\u0173 virtuvei modernumo. D\u0117l auk\u0161tos kokyb\u0117s laminuotos plok\u0161t\u0117s naudojimo \u0161i spintel\u0117 ne tik \u017eavi savo estetika, bet ir u\u017etikrina ilgalaik\u012f patvarum\u0105 kasdieniam naudojimui, puikiai atitikdama moderni\u0173 virtuvi\u0173 poreikius.<\/p>\n<p>\u201eSorento\u201c spintel\u0117s apgalvotas dizainas skirtas ne tik i\u0161vaizdai, bet ir prakti\u0161kumui. D\u0117l matmen\u0173 \u2013 60 cm plo\u010dio, 87 cm auk\u0161\u010dio ir 52 cm gylio \u2013 ji puikiai tinka bet kokiai virtuv\u0117s erdvei. Auk\u0161tos kojel\u0117s, kuri\u0173 auk\u0161tis reguliuojamas iki 17 cm, ne tik pagerina estetik\u0105, bet ir leid\u017eia lengvai valyti, o tai ne\u012fkainojama kasdien naudojant.<\/p>\n<p>Atidar\u0119 stal\u010di\u0173, atrasite pilno i\u0161traukimo b\u0117geli\u0173 privalumus. Tai leid\u017eia patogiai laikyti virtuv\u0117s priedus ir suteikia visi\u0161k\u0105 prieig\u0105 prie turinio. Visi j\u016bs\u0173 \u012frankiai visada bus po ranka, tod\u0117l maisto ruo\u0161imas ir darbo vietos organizavimas bus daug lengvesnis.<\/p>\n<p>1S apatin\u0117s virtuv\u0117s spintel\u0117s surinkimas yra paprastas ir intuityvus, tod\u0117l ji idealiai tinka visiems, vertinantiems savaranki\u0161k\u0105 dizain\u0105. Tai taip pat puiki galimyb\u0117 i\u0161reik\u0161ti savo stili\u0173 virtuv\u0117je. Jos lankstumas derinant j\u0105 su kitais virtuv\u0117s elementais leid\u017eia sukurti unikal\u0173 komplekt\u0105, atspindint\u012f j\u016bs\u0173 asmenyb\u0119.<\/p>\n<p>Nesvarbu, ar planuojate nauj\u0105 virtuv\u0119, ar norite atnaujinti esam\u0105 interjer\u0105, apatin\u0117 virtuv\u0117s spintel\u0117 \u201e1S\u201c yra puikus pasirinkimas, derinantis estetik\u0105, funkcionalum\u0105 ir lengv\u0105 surinkim\u0105. Paverskite savo virtuv\u0119 vieta, kuri \u012fkvepia gaminti maist\u0105 ir leisti laik\u0105 su artimaisiais!<\/p>","protected":false},"excerpt":{"rendered":"<p>Plotis (cm): 60<br \/>\n\u016agis (cm): 87<br \/>\nGylis (cm): 52<\/p>","protected":false},"featured_media":159851,"comment_status":"open","ping_status":"open","template":"","meta":[],"product_brand":[],"product_cat":[9436,4106],"product_tag":[],"class_list":{"0":"post-159850","1":"product","2":"type-product","3":"status-publish","4":"has-post-thumbnail","6":"product_cat-kitchen-system-sorento","7":"product_cat-gala-meble","9":"first","10":"instock","11":"purchasable","12":"product-type-simple"},"_links":{"self":[{"href":"https:\/\/baldumarket.lt\/lt\/wp-json\/wp\/v2\/product\/159850","targetHints":{"allow":["GET"]}}],"collection":[{"href":"https:\/\/baldumarket.lt\/lt\/wp-json\/wp\/v2\/product"}],"about":[{"href":"https:\/\/baldumarket.lt\/lt\/wp-json\/wp\/v2\/types\/product"}],"replies":[{"embeddable":true,"href":"https:\/\/baldumarket.lt\/lt\/wp-json\/wp\/v2\/comments?post=159850"}],"wp:featuredmedia":[{"embeddable":true,"href":"https:\/\/baldumarket.lt\/lt\/wp-json\/wp\/v2\/media\/159851"}],"wp:attachment":[{"href":"https:\/\/baldumarket.lt\/lt\/wp-json\/wp\/v2\/media?parent=159850"}],"wp:term":[{"taxonomy":"product_brand","embeddable":true,"href":"https:\/\/baldumarket.lt\/lt\/wp-json\/wp\/v2\/product_brand?post=159850"},{"taxonomy":"product_cat","embeddable":true,"href":"https:\/\/baldumarket.lt\/lt\/wp-json\/wp\/v2\/product_cat?post=159850"},{"taxonomy":"product_tag","embeddable":true,"href":"https:\/\/baldumarket.lt\/lt\/wp-json\/wp\/v2\/product_tag?post=159850"}],"curies":[{"name":"wp","href":"https:\/\/api.w.org\/{rel}","templated":true}]}}