{"id":159845,"date":"2025-12-19T00:51:03","date_gmt":"2025-12-18T21:51:03","guid":{"rendered":"https:\/\/baldumarket.lt\/product\/szafka-kuchenna-dolna-1s-zabudowa-kuchenki-sorento-d60zk-bialy-mat\/"},"modified":"2026-02-18T11:16:30","modified_gmt":"2026-02-18T08:16:30","slug":"szafka-kuchenna-dolna-1s-zabudowa-kuchenki-sorento-d60zk-bialy-mat","status":"publish","type":"product","link":"https:\/\/baldumarket.lt\/lt\/product\/szafka-kuchenna-dolna-1s-zabudowa-kuchenki-sorento-d60zk-bialy-mat\/","title":{"rendered":"Apatin\u0117 virtuv\u0117s spintel\u0117 1S \u012fmontuojama virykl\u0117 Sorento D60ZK matin\u0117s baltos spalvos"},"content":{"rendered":"<p>J\u016bs\u0173 virtuv\u0117s i\u0161vaizda nusipelno unikalaus akcento, o matin\u0117s baltos spalvos apatin\u0117 virtuv\u0117s spintel\u0117 \u201eSorento D60ZK\u201c \u2013 puikus pasirinkimas norint sukurti stiling\u0105 ir funkcional\u0173 interjer\u0105. D\u0117l subtilios elegancijos, minimalistinio dizaino ir modernios estetikos \u0161i spintel\u0117 puikiai dera prie bet kokio virtuv\u0117s dizaino. Matin\u0117s baltos spalvos priekis, pagamintas i\u0161 auk\u0161tos kokyb\u0117s MDF, suteikia lengvumo, pabr\u0117\u017eiant modern\u0173 kambario charakter\u012f. Funkcionalumas ir estetika \u010dia dera tarpusavyje. Reguliuojamos kojel\u0117s leid\u017eia puikiai reguliuoti auk\u0161t\u012f, o tai ypa\u010d svarbu projektuojant virtuv\u0119. \u0160is prakti\u0161kas sprendimas u\u017etikrina, kad kiekviena virtuv\u0117je praleista akimirka b\u016bt\u0173 malonumas. Spintel\u0117 sukurta taip, kad joje tilpt\u0173 visi b\u016btini virtuv\u0117s reikmenys, taip pat yra patogi vieta kasdieniams virtuv\u0117s priedams. Kasdien naudojant \u012fvertinsite pilno i\u0161traukimo b\u0117gelius, kurie suteikia lengv\u0105 prieig\u0105 prie spintel\u0117s vidaus. Kiekvienas elementas buvo kruop\u0161\u010diai apgalvotas, siekiant maksimaliai padidinti tvark\u0105 ir komfort\u0105. D\u0117l to visi reikalingi virtuv\u0117s elementai yra po ranka, matomoje vietoje ir tuo pa\u010diu metu pasl\u0117pti u\u017e esteti\u0161ko ir darnaus priekio.<\/p>","protected":false},"excerpt":{"rendered":"<p>Plotis (cm): 60<br \/>\n\u016agis (cm): 87<br \/>\nGylis (cm): 52<\/p>","protected":false},"featured_media":159846,"comment_status":"open","ping_status":"open","template":"","meta":[],"product_brand":[],"product_cat":[9436,4106],"product_tag":[],"class_list":{"0":"post-159845","1":"product","2":"type-product","3":"status-publish","4":"has-post-thumbnail","6":"product_cat-kitchen-system-sorento","7":"product_cat-gala-meble","9":"first","10":"instock","11":"purchasable","12":"product-type-simple"},"_links":{"self":[{"href":"https:\/\/baldumarket.lt\/lt\/wp-json\/wp\/v2\/product\/159845","targetHints":{"allow":["GET"]}}],"collection":[{"href":"https:\/\/baldumarket.lt\/lt\/wp-json\/wp\/v2\/product"}],"about":[{"href":"https:\/\/baldumarket.lt\/lt\/wp-json\/wp\/v2\/types\/product"}],"replies":[{"embeddable":true,"href":"https:\/\/baldumarket.lt\/lt\/wp-json\/wp\/v2\/comments?post=159845"}],"wp:featuredmedia":[{"embeddable":true,"href":"https:\/\/baldumarket.lt\/lt\/wp-json\/wp\/v2\/media\/159846"}],"wp:attachment":[{"href":"https:\/\/baldumarket.lt\/lt\/wp-json\/wp\/v2\/media?parent=159845"}],"wp:term":[{"taxonomy":"product_brand","embeddable":true,"href":"https:\/\/baldumarket.lt\/lt\/wp-json\/wp\/v2\/product_brand?post=159845"},{"taxonomy":"product_cat","embeddable":true,"href":"https:\/\/baldumarket.lt\/lt\/wp-json\/wp\/v2\/product_cat?post=159845"},{"taxonomy":"product_tag","embeddable":true,"href":"https:\/\/baldumarket.lt\/lt\/wp-json\/wp\/v2\/product_tag?post=159845"}],"curies":[{"name":"wp","href":"https:\/\/api.w.org\/{rel}","templated":true}]}}