{"id":159841,"date":"2025-12-19T00:50:55","date_gmt":"2025-12-18T21:50:55","guid":{"rendered":"https:\/\/baldumarket.lt\/product\/szafka-kuchenna-dolna-1s-zabudowa-kuchenki-sorento-d60zk-bialy-mat-bezowy-mat\/"},"modified":"2026-02-18T11:16:30","modified_gmt":"2026-02-18T08:16:30","slug":"szafka-kuchenna-dolna-1s-zabudowa-kuchenki-sorento-d60zk-bialy-mat-bezowy-mat","status":"publish","type":"product","link":"https:\/\/baldumarket.lt\/lt\/product\/szafka-kuchenna-dolna-1s-zabudowa-kuchenki-sorento-d60zk-bialy-mat-bezowy-mat\/","title":{"rendered":"Apatin\u0117 virtuv\u0117s spintel\u0117 1S \u012fmontuojama virykl\u0117 Sorento D60ZK matin\u0117 balta matin\u0117 sm\u0117lio spalva"},"content":{"rendered":"<p>\u012ene\u0161kite \u012f savo virtuv\u0119 elegancijos su \u201eSorento D60ZK\u201c apatine spintele matin\u0117s sm\u0117lio ir matin\u0117s baltos spalvos. \u0160i spintel\u0117 yra modernaus dizaino \u012fsik\u016bnijimas, subtiliai \u012fsiliejantis \u012f bet kok\u012f interjer\u0105. Jos prislopintos spalvos suteikia virtuvei ramyb\u0117s ir harmonijos atmosfer\u0105, deran\u010di\u0105 tiek su \u0161iuolaikiniu, tiek su klasikiniu interjero dizainu.<\/p>\n<p>D\u0117l sumaniai suprojektuotos erdv\u0117s \u201eSorento D60ZK\u201c apatin\u0117 spintel\u0117 leid\u017eia patogiai integruoti virykl\u0119. \u0160is sprendimas ne tik taupo viet\u0105, bet ir padeda palaikyti \u0161var\u0105 bei tvark\u0105 virtuv\u0117je. Reguliuojamos 15 cm kojel\u0117s u\u017etikrina stabilum\u0105 ir leid\u017eia puikiai prisitaikyti prie nelygi\u0173 grind\u0173, dar labiau padidindamos komfort\u0105.<\/p>\n<p>Taip pat nereikia r\u016bpintis spintel\u0117s patvarumu; priekin\u0117s dalys ir korpusas pagaminti i\u0161 18 mm storio laminuotos plok\u0161t\u0117s ir yra atspar\u016bs kasdieniam naudojimui. D\u0117l modernios apdailos \u0161i spintel\u0117 yra ne tik funkcionali, bet ir lengvai valoma, tod\u0117l puikiai tinka bet kuriai virtuvei. Matin\u0117 apdaila suteikia prabangos prisilietim\u0105 ir yra prakti\u0161kas pasirinkimas da\u017enai naudojamai patalpai.<\/p>\n<p>\u201eSorento D60ZK\u201c spintel\u0117s surinkimas yra paprastas ir nereikalauja joki\u0173 speciali\u0173 \u012fg\u016bd\u017ei\u0173, tod\u0117l j\u0105 galima greitai ir efektyviai sumontuoti j\u016bs\u0173 virtuv\u0117je. Viso i\u0161traukimo stal\u010di\u0173 b\u0117geliai suteikia lengv\u0105 prieig\u0105 prie stal\u010di\u0173 vidaus, o tai \u017eymiai supaprastina kasdienes u\u017eduotis. Pasirinkite \u0161i\u0105 funkcionali\u0105 ir esteti\u0161kai suprojektuot\u0105 spintel\u0119, kad suteiktum\u0117te savo virtuvei nauj\u0105 i\u0161vaizd\u0105.<\/p>","protected":false},"excerpt":{"rendered":"<p>Plotis (cm): 60<br \/>\n\u016agis (cm): 87<br \/>\nGylis (cm): 52<\/p>","protected":false},"featured_media":159842,"comment_status":"open","ping_status":"open","template":"","meta":[],"product_brand":[],"product_cat":[9436,4106],"product_tag":[],"class_list":{"0":"post-159841","1":"product","2":"type-product","3":"status-publish","4":"has-post-thumbnail","6":"product_cat-kitchen-system-sorento","7":"product_cat-gala-meble","9":"first","10":"instock","11":"purchasable","12":"product-type-simple"},"_links":{"self":[{"href":"https:\/\/baldumarket.lt\/lt\/wp-json\/wp\/v2\/product\/159841","targetHints":{"allow":["GET"]}}],"collection":[{"href":"https:\/\/baldumarket.lt\/lt\/wp-json\/wp\/v2\/product"}],"about":[{"href":"https:\/\/baldumarket.lt\/lt\/wp-json\/wp\/v2\/types\/product"}],"replies":[{"embeddable":true,"href":"https:\/\/baldumarket.lt\/lt\/wp-json\/wp\/v2\/comments?post=159841"}],"wp:featuredmedia":[{"embeddable":true,"href":"https:\/\/baldumarket.lt\/lt\/wp-json\/wp\/v2\/media\/159842"}],"wp:attachment":[{"href":"https:\/\/baldumarket.lt\/lt\/wp-json\/wp\/v2\/media?parent=159841"}],"wp:term":[{"taxonomy":"product_brand","embeddable":true,"href":"https:\/\/baldumarket.lt\/lt\/wp-json\/wp\/v2\/product_brand?post=159841"},{"taxonomy":"product_cat","embeddable":true,"href":"https:\/\/baldumarket.lt\/lt\/wp-json\/wp\/v2\/product_cat?post=159841"},{"taxonomy":"product_tag","embeddable":true,"href":"https:\/\/baldumarket.lt\/lt\/wp-json\/wp\/v2\/product_tag?post=159841"}],"curies":[{"name":"wp","href":"https:\/\/api.w.org\/{rel}","templated":true}]}}