{"id":159837,"date":"2025-12-19T00:50:48","date_gmt":"2025-12-18T21:50:48","guid":{"rendered":"https:\/\/baldumarket.lt\/product\/szafka-kuchenna-dolna-1s-zabudowa-kuchenki-sorento-d60zk-bialy-mat-puccini\/"},"modified":"2026-02-18T11:16:14","modified_gmt":"2026-02-18T08:16:14","slug":"szafka-kuchenna-dolna-1s-zabudowa-kuchenki-sorento-d60zk-bialy-mat-puccini","status":"publish","type":"product","link":"https:\/\/baldumarket.lt\/lt\/product\/szafka-kuchenna-dolna-1s-zabudowa-kuchenki-sorento-d60zk-bialy-mat-puccini\/","title":{"rendered":"Apatin\u0117 virtuv\u0117s spintel\u0117 1S \u012fmontuojama virykl\u0117 Sorento D60ZK matin\u0117s baltos spalvos Puccini"},"content":{"rendered":"<p>Atraskite elegancij\u0105 ir funkcionalum\u0105 viename \u2013 su \u201eSorento D60ZK\u201c virtuv\u0117s spintele \u201ePuccini\u201c spalvos su matin\u0117s baltos spalvos korpusu i\u0161 \u201eGa\u0142a Meble\u201c. \u0160i stilinga spintel\u0117 atitinka \u0161iuolaikines tendencijas, derindama minimalistin\u012f dizain\u0105 su prakti\u0161kumu, kuris pakeis j\u016bs\u0173 virtuv\u0119. Subtilus matin\u0117s baltos spalvos korpusas kartu su i\u0161rai\u0161kingu \u201ePuccini\u201c fasadu sukuria harmoning\u0105 kompozicij\u0105, kuri prad\u017eiugins kiekvien\u0105 sve\u010di\u0105.<\/p>\n<p>Svajojate apie virtuv\u0119, kuri \u017eav\u0117t\u0173 tiek i\u0161vaizda, tiek funkcionalumu? \u201eSorento\u201c spintel\u0117 \u2013 puikus pasirinkimas! D\u0117l apgalvoto dizaino gal\u0117site m\u0117gautis didele daikt\u0173 laikymo vieta ir tvarkingai laikyti svarbiausi\u0105 nam\u0173 kambar\u012f. Laminuota plok\u0161t\u0117, i\u0161 kurios ji pagaminta, yra labai atspari pa\u017eeidimams, tod\u0117l tarnaus ilgus metus.<\/p>\n<p>\u0160i\u0105 spintel\u0119 galite lengvai pritaikyti savo virtuvei d\u0117l reguliuojam\u0173 kojeli\u0173, kurios leid\u017eia reguliuoti auk\u0161t\u012f 15 cm, kad atitikt\u0173 individualius poreikius ir s\u0105lygas. Tai puikus sprendimas tiems, kurie vertina ir estetik\u0105, ir patogum\u0105. Be to, stal\u010dius su pilno i\u0161traukimo b\u0117geliu garantuoja lengv\u0105 prieig\u0105 prie laikom\u0173 daikt\u0173, tod\u0117l maisto gaminimas tampa dar malonesnis!<\/p>\n<p>\u201eSorento\u201c spintel\u0117 taip pat yra idealus pasirinkimas tiems, kurie m\u0117gsta surinkti patys. Paprasta surinkimo sistema leid\u017eia greitai ir be vargo sumontuoti, tod\u0117l galite i\u0161 karto m\u0117gautis savo nauju virtuv\u0117s dizainu. \u010cia susijungia \u017eavesys ir kokyb\u0117, si\u016blant gamin\u012f, kuris tampa neatsiejama j\u016bs\u0173 nam\u0173 interjero dalimi, pagerina jo i\u0161vaizd\u0105 ir funkcionalum\u0105.<\/p>","protected":false},"excerpt":{"rendered":"<p>Plotis (cm): 60<br \/>\n\u016agis (cm): 87<br \/>\nGylis (cm): 52<\/p>","protected":false},"featured_media":159838,"comment_status":"open","ping_status":"open","template":"","meta":[],"product_brand":[],"product_cat":[9436,4106],"product_tag":[],"class_list":{"0":"post-159837","1":"product","2":"type-product","3":"status-publish","4":"has-post-thumbnail","6":"product_cat-kitchen-system-sorento","7":"product_cat-gala-meble","9":"first","10":"instock","11":"purchasable","12":"product-type-simple"},"_links":{"self":[{"href":"https:\/\/baldumarket.lt\/lt\/wp-json\/wp\/v2\/product\/159837","targetHints":{"allow":["GET"]}}],"collection":[{"href":"https:\/\/baldumarket.lt\/lt\/wp-json\/wp\/v2\/product"}],"about":[{"href":"https:\/\/baldumarket.lt\/lt\/wp-json\/wp\/v2\/types\/product"}],"replies":[{"embeddable":true,"href":"https:\/\/baldumarket.lt\/lt\/wp-json\/wp\/v2\/comments?post=159837"}],"wp:featuredmedia":[{"embeddable":true,"href":"https:\/\/baldumarket.lt\/lt\/wp-json\/wp\/v2\/media\/159838"}],"wp:attachment":[{"href":"https:\/\/baldumarket.lt\/lt\/wp-json\/wp\/v2\/media?parent=159837"}],"wp:term":[{"taxonomy":"product_brand","embeddable":true,"href":"https:\/\/baldumarket.lt\/lt\/wp-json\/wp\/v2\/product_brand?post=159837"},{"taxonomy":"product_cat","embeddable":true,"href":"https:\/\/baldumarket.lt\/lt\/wp-json\/wp\/v2\/product_cat?post=159837"},{"taxonomy":"product_tag","embeddable":true,"href":"https:\/\/baldumarket.lt\/lt\/wp-json\/wp\/v2\/product_tag?post=159837"}],"curies":[{"name":"wp","href":"https:\/\/api.w.org\/{rel}","templated":true}]}}