{"id":159833,"date":"2025-12-19T00:50:40","date_gmt":"2025-12-18T21:50:40","guid":{"rendered":"https:\/\/baldumarket.lt\/product\/szafka-kuchenna-dolna-1s-zabudowa-kuchenki-sorento-d60zk-puccini\/"},"modified":"2026-02-18T11:16:14","modified_gmt":"2026-02-18T08:16:14","slug":"szafka-kuchenna-dolna-1s-zabudowa-kuchenki-sorento-d60zk-puccini","status":"publish","type":"product","link":"https:\/\/baldumarket.lt\/lt\/product\/szafka-kuchenna-dolna-1s-zabudowa-kuchenki-sorento-d60zk-puccini\/","title":{"rendered":"Apatin\u0117 virtuv\u0117s spintel\u0117 1S \u012fmontuojama virykl\u0117 Sorento D60ZK Puccini"},"content":{"rendered":"<p>Pakelkite savo virtuv\u0119 \u012f kit\u0105 elegancijos lyg\u012f su m\u016bs\u0173 \u201eSorento D60ZK\u201c apatine spintele \u201ePuccini\u201c spalvos. Jos nesenstantis dizainas suteiks j\u016bs\u0173 virtuv\u0117s erdvei modernumo ir skland\u017eiai der\u0117s prie \u012fvairi\u0173 interjero stili\u0173. Sodri, rafinuota \u201ePuccini\u201c spalva tiek priekin\u0117je dalyje, tiek korpuse suteikia spintelei rafinuotumo, kuris tikrai su\u017eav\u0117s kiekvien\u0105 sve\u010di\u0105.<\/p>\n<p>\u0160i \u012fmontuojama virykl\u0117s spintel\u0117, sukurta atsi\u017evelgiant \u012f maksimal\u0173 funkcionalum\u0105, derina stili\u0173 ir prakti\u0161kum\u0105. Kompakti\u0161ki matmenys puikiai tinka net ma\u017eesn\u0117ms erdv\u0117ms ir suteikia daug vietos daiktams susid\u0117ti. Reguliuojamos kojel\u0117s leid\u017eia spintelei idealiai prisitaikyti prie kit\u0173 bald\u0173 auk\u0161\u010dio, taip padidinant komfort\u0105 ir u\u017etikrinant darni\u0105 visos virtuv\u0117s i\u0161vaizd\u0105.<\/p>\n<p>Vienas i\u0161 praktini\u0173 \u201eSorento\u201c spintel\u0117s privalum\u0173 \u2013 pilnai i\u0161traukiamas stal\u010dius. \u0160is novatori\u0161kas sprendimas leid\u017eia lengvai pasiekti visus laikomus daiktus, tod\u0117l kasdienis maisto gaminimas tampa daug malonesne patirtimi. D\u0117l eleganti\u0161k\u0173 juod\u0173 metalini\u0173 ranken\u0173 ji ne tik atrodo stilingai, bet ir yra patogi bei patvari naudoti.<\/p>\n<p>D\u0117l savaranki\u0161ko surinkimo galimybi\u0173 \u201eSorento\u201c spintel\u0117 yra ne tik puikus pasirinkimas esteti\u0161kai, bet ir ekonomi\u0161kai. Kruop\u0161\u010diai parengtos instrukcijos leid\u017eia lengvai surinkti, tod\u0117l virtuv\u0119 galite greitai pertvarkyti be specialist\u0173 pagalbos. Pakelkite savo kulinarin\u0119 karalyst\u0119 \u012f kit\u0105 lyg\u012f, pasirinkdami funkcionalum\u0105 ir elegancij\u0105 viename.<\/p>","protected":false},"excerpt":{"rendered":"<p>Plotis (cm): 60<br \/>\n\u016agis (cm): 87<br \/>\nGylis (cm): 52<\/p>","protected":false},"featured_media":159834,"comment_status":"open","ping_status":"open","template":"","meta":[],"product_brand":[],"product_cat":[9436,4106],"product_tag":[],"class_list":{"0":"post-159833","1":"product","2":"type-product","3":"status-publish","4":"has-post-thumbnail","6":"product_cat-kitchen-system-sorento","7":"product_cat-gala-meble","9":"first","10":"instock","11":"purchasable","12":"product-type-simple"},"_links":{"self":[{"href":"https:\/\/baldumarket.lt\/lt\/wp-json\/wp\/v2\/product\/159833","targetHints":{"allow":["GET"]}}],"collection":[{"href":"https:\/\/baldumarket.lt\/lt\/wp-json\/wp\/v2\/product"}],"about":[{"href":"https:\/\/baldumarket.lt\/lt\/wp-json\/wp\/v2\/types\/product"}],"replies":[{"embeddable":true,"href":"https:\/\/baldumarket.lt\/lt\/wp-json\/wp\/v2\/comments?post=159833"}],"wp:featuredmedia":[{"embeddable":true,"href":"https:\/\/baldumarket.lt\/lt\/wp-json\/wp\/v2\/media\/159834"}],"wp:attachment":[{"href":"https:\/\/baldumarket.lt\/lt\/wp-json\/wp\/v2\/media?parent=159833"}],"wp:term":[{"taxonomy":"product_brand","embeddable":true,"href":"https:\/\/baldumarket.lt\/lt\/wp-json\/wp\/v2\/product_brand?post=159833"},{"taxonomy":"product_cat","embeddable":true,"href":"https:\/\/baldumarket.lt\/lt\/wp-json\/wp\/v2\/product_cat?post=159833"},{"taxonomy":"product_tag","embeddable":true,"href":"https:\/\/baldumarket.lt\/lt\/wp-json\/wp\/v2\/product_tag?post=159833"}],"curies":[{"name":"wp","href":"https:\/\/api.w.org\/{rel}","templated":true}]}}