{"id":159829,"date":"2025-12-19T00:50:32","date_gmt":"2025-12-18T21:50:32","guid":{"rendered":"https:\/\/baldumarket.lt\/product\/szafka-kuchenna-dolna-1s-zabudowa-kuchenki-sorento-d60zk-puccini-bezowy-mat\/"},"modified":"2026-02-18T11:16:14","modified_gmt":"2026-02-18T08:16:14","slug":"szafka-kuchenna-dolna-1s-zabudowa-kuchenki-sorento-d60zk-puccini-bezowy-mat","status":"publish","type":"product","link":"https:\/\/baldumarket.lt\/lt\/product\/szafka-kuchenna-dolna-1s-zabudowa-kuchenki-sorento-d60zk-puccini-bezowy-mat\/","title":{"rendered":"Apatin\u0117 virtuv\u0117s spintel\u0117 1S \u012fmontuojama virykl\u0117 Sorento D60ZK Puccini matin\u0117s sm\u0117lio spalvos"},"content":{"rendered":"<p>Atraskite elegancij\u0105 ir funkcionalum\u0105 su m\u016bs\u0173 gaminiu \u2013 apatine virtuv\u0117s spintele \u201eSorento D60ZK 1S\u201c su stilinga matin\u0117s sm\u0117lio spalvos apdaila. \u0160i spintel\u0117 ne tik padidina j\u016bs\u0173 virtuv\u0117s erdv\u0119, bet ir \u012fk\u016bnija stiliaus esm\u0119, puikiai papildydama bet kok\u012f modern\u0173 interjer\u0105. D\u0117l harmoningos spalv\u0173 gamos, kurioje subtilus sm\u0117lio spalvos fasadas dera su Puccini spalvos korpuso rafinuotumu, j\u016bs\u0173 virtuv\u0117 \u012fgis nauj\u0105 estetin\u012f aspekt\u0105.<\/p>\n<p>Kiekviena \u0161ios spintel\u0117s detal\u0117 kruop\u0161\u010diai apgalvota, siekiant u\u017etikrinti visi\u0161k\u0105 patogum\u0105 ir komfort\u0105. Reguliuojamos 15 cm kojel\u0117s puikiai prisitaiko prie j\u016bs\u0173 stalvir\u0161io auk\u0161\u010dio, tod\u0117l tai ne\u012ftik\u0117tinai universalus sprendimas tiek modernioms, tiek tradicin\u0117ms virtuv\u0117ms. Sukurta montuoti vir\u0161 virykl\u0117s, \u0161i spintel\u0117 ne tik taupo viet\u0105, bet ir prakti\u0161kai bei esteti\u0161kai integruojasi.<\/p>\n<p>Pagaminta i\u0161 atsparios pa\u017eeidimams laminuotos plok\u0161t\u0117s, \u201eSorento\u201c spintel\u0117 garantuoja ilgaam\u017ei\u0161kum\u0105 ir lengv\u0105 valym\u0105. Laminuota apdaila apsaugo nuo \u012fbr\u0117\u017eim\u0173 ir dr\u0117gm\u0117s, o tai labai svarbu virtuv\u0117je. Tai rei\u0161kia, kad gal\u0117site d\u017eiaugtis gra\u017eia savo bald\u0173 i\u0161vaizda daugel\u012f met\u0173.<\/p>\n<p>Atraskite nauj\u0105 organizavimo dimensij\u0105 su stal\u010diumi, turin\u010diu pilno i\u0161traukimo b\u0117gelius, u\u017etikrinan\u010dius greit\u0105 ir lengv\u0105 prieig\u0105 prie laikom\u0173 daikt\u0173. Puikus estetikos ir funkcionalumo derinys paver\u010dia apatin\u0119 virtuv\u0117s spintel\u0119 1S idealiu sprendimu bet kuriai moderniai virtuvei, siekian\u010diai suderinti stili\u0173 ir prakti\u0161kum\u0105.<\/p>","protected":false},"excerpt":{"rendered":"<p>Plotis (cm): 60<br \/>\n\u016agis (cm): 87<br \/>\nGylis (cm): 52<\/p>","protected":false},"featured_media":159830,"comment_status":"open","ping_status":"open","template":"","meta":[],"product_brand":[],"product_cat":[9436,4106],"product_tag":[],"class_list":{"0":"post-159829","1":"product","2":"type-product","3":"status-publish","4":"has-post-thumbnail","6":"product_cat-kitchen-system-sorento","7":"product_cat-gala-meble","9":"first","10":"instock","11":"purchasable","12":"product-type-simple"},"_links":{"self":[{"href":"https:\/\/baldumarket.lt\/lt\/wp-json\/wp\/v2\/product\/159829","targetHints":{"allow":["GET"]}}],"collection":[{"href":"https:\/\/baldumarket.lt\/lt\/wp-json\/wp\/v2\/product"}],"about":[{"href":"https:\/\/baldumarket.lt\/lt\/wp-json\/wp\/v2\/types\/product"}],"replies":[{"embeddable":true,"href":"https:\/\/baldumarket.lt\/lt\/wp-json\/wp\/v2\/comments?post=159829"}],"wp:featuredmedia":[{"embeddable":true,"href":"https:\/\/baldumarket.lt\/lt\/wp-json\/wp\/v2\/media\/159830"}],"wp:attachment":[{"href":"https:\/\/baldumarket.lt\/lt\/wp-json\/wp\/v2\/media?parent=159829"}],"wp:term":[{"taxonomy":"product_brand","embeddable":true,"href":"https:\/\/baldumarket.lt\/lt\/wp-json\/wp\/v2\/product_brand?post=159829"},{"taxonomy":"product_cat","embeddable":true,"href":"https:\/\/baldumarket.lt\/lt\/wp-json\/wp\/v2\/product_cat?post=159829"},{"taxonomy":"product_tag","embeddable":true,"href":"https:\/\/baldumarket.lt\/lt\/wp-json\/wp\/v2\/product_tag?post=159829"}],"curies":[{"name":"wp","href":"https:\/\/api.w.org\/{rel}","templated":true}]}}