{"id":159825,"date":"2025-12-19T00:50:24","date_gmt":"2025-12-18T21:50:24","guid":{"rendered":"https:\/\/baldumarket.lt\/product\/szafka-kuchenna-dolna-1s-zabudowa-kuchenki-sorento-d60zk-puccini-bialy-mat-ramka\/"},"modified":"2026-02-18T11:16:14","modified_gmt":"2026-02-18T08:16:14","slug":"szafka-kuchenna-dolna-1s-zabudowa-kuchenki-sorento-d60zk-puccini-bialy-mat-ramka","status":"publish","type":"product","link":"https:\/\/baldumarket.lt\/lt\/product\/szafka-kuchenna-dolna-1s-zabudowa-kuchenki-sorento-d60zk-puccini-bialy-mat-ramka\/","title":{"rendered":"Apatin\u0117 virtuv\u0117s spintel\u0117 1S \u012fmontuojama virykl\u0117 Sorento D60ZK Puccini matin\u0117s baltos spalvos r\u0117melis"},"content":{"rendered":"<p>Sveiki atvyk\u0119 \u012f virtuv\u0117s elegancijos pasaul\u012f su \u201eSorento D60ZK\u201c apatine spintele, kurios spalva \u2013 matin\u0117 balta su Puccini apdaila. \u0160i spintel\u0117 \u2013 tobulas modernaus stiliaus ir funkcionalumo derinys, patenkinsiantis net ir i\u0161rankiausius interjero dizaino entuziastus. Eleganti\u0161kas matin\u0117s baltos spalvos priekis subtiliai atspindi \u0161vies\u0105, sukurdamas unikaliai jauki\u0105 ir \u0161vari\u0105 atmosfer\u0105 j\u016bs\u0173 virtuv\u0117je.<\/p>\n<p>\u201eSorento D60ZK\u201c \u2013 ne tik gra\u017eus, bet ir prakti\u0161kas sprendimas j\u016bs\u0173 interjerui. D\u0117l erdvaus vidaus jis puikiai tinka virtuv\u0117s reikmenims laikyti ir leid\u017eia \u012fmontuoti virykl\u0119. Stilingi r\u0117mai suteikia bendrai i\u0161vaizdai charakterio, sukurdami klasikin\u0119 elegancij\u0105 su modernumo prieskoniu.<\/p>\n<p>Auk\u0161tos, reguliuojamo auk\u0161\u010dio kojel\u0117s u\u017etikrina optimal\u0173 pritaikym\u0105 individualiems poreikiams ir stabilum\u0105, o tai labai svarbu virtuv\u0117s aplinkoje. Viso i\u0161traukimo stal\u010di\u0173 mechanizmas leid\u017eia nepaprastai lengvai ir patogiai pasiekti viduje esan\u010dius daiktus. \u0160is sprendimas supaprastina kasdien\u012f maisto gaminim\u0105 ir valym\u0105, padidindamas kasdieni\u0173 darb\u0173 efektyvum\u0105.<\/p>\n<p>Patvari konstrukcija, pagaminta i\u0161 MDF ir laminuotos plok\u0161t\u0117s, garantuoja ilgalaik\u012f patvarum\u0105. Savaranki\u0161kas surinkimas \u2013 puiki galimyb\u0117 k\u016brybi\u0161kai \u012fgyvendinti savo interjero dizain\u0105 ir i\u0161reik\u0161ti savo individual\u0173 stili\u0173. M\u0117gaukit\u0117s virtuve, kurioje dera funkcionalumas, stilius ir patogumas, su \u201eSorento D60ZK\u201c spintele.<\/p>","protected":false},"excerpt":{"rendered":"<p>Plotis (cm): 60<br \/>\n\u016agis (cm): 87<br \/>\nGylis (cm): 52<\/p>","protected":false},"featured_media":159826,"comment_status":"open","ping_status":"open","template":"","meta":[],"product_brand":[],"product_cat":[9436,4106],"product_tag":[],"class_list":{"0":"post-159825","1":"product","2":"type-product","3":"status-publish","4":"has-post-thumbnail","6":"product_cat-kitchen-system-sorento","7":"product_cat-gala-meble","9":"first","10":"instock","11":"purchasable","12":"product-type-simple"},"_links":{"self":[{"href":"https:\/\/baldumarket.lt\/lt\/wp-json\/wp\/v2\/product\/159825","targetHints":{"allow":["GET"]}}],"collection":[{"href":"https:\/\/baldumarket.lt\/lt\/wp-json\/wp\/v2\/product"}],"about":[{"href":"https:\/\/baldumarket.lt\/lt\/wp-json\/wp\/v2\/types\/product"}],"replies":[{"embeddable":true,"href":"https:\/\/baldumarket.lt\/lt\/wp-json\/wp\/v2\/comments?post=159825"}],"wp:featuredmedia":[{"embeddable":true,"href":"https:\/\/baldumarket.lt\/lt\/wp-json\/wp\/v2\/media\/159826"}],"wp:attachment":[{"href":"https:\/\/baldumarket.lt\/lt\/wp-json\/wp\/v2\/media?parent=159825"}],"wp:term":[{"taxonomy":"product_brand","embeddable":true,"href":"https:\/\/baldumarket.lt\/lt\/wp-json\/wp\/v2\/product_brand?post=159825"},{"taxonomy":"product_cat","embeddable":true,"href":"https:\/\/baldumarket.lt\/lt\/wp-json\/wp\/v2\/product_cat?post=159825"},{"taxonomy":"product_tag","embeddable":true,"href":"https:\/\/baldumarket.lt\/lt\/wp-json\/wp\/v2\/product_tag?post=159825"}],"curies":[{"name":"wp","href":"https:\/\/api.w.org\/{rel}","templated":true}]}}