{"id":159820,"date":"2025-12-19T00:50:14","date_gmt":"2025-12-18T21:50:14","guid":{"rendered":"https:\/\/baldumarket.lt\/product\/szafka-kuchenna-dolna-1s1d-sorento-d40s1-p-l-bialy-mat-puccini\/"},"modified":"2026-02-18T11:16:14","modified_gmt":"2026-02-18T08:16:14","slug":"szafka-kuchenna-dolna-1s1d-sorento-d40s1-p-l-bialy-mat-puccini","status":"publish","type":"product","link":"https:\/\/baldumarket.lt\/lt\/product\/szafka-kuchenna-dolna-1s1d-sorento-d40s1-p-l-bialy-mat-puccini\/","title":{"rendered":"Apatin\u0117 virtuv\u0117s spintel\u0117 1S1D Sorento D40S1 P\/L Matin\u0117 balta Puccini"},"content":{"rendered":"<p>Atraskite i\u0161skirtin\u012f \u201cSorento D40S1\u201d virtuv\u0117s spintel\u0117s su \u201cPuccini\u201d apdaila universalum\u0105, kuri puikiai dera su \u0161iuolaikin\u0117mis interjero dizaino tendencijomis. Eleganti\u0161ki, laminuoti fasadai suteikia interjerui lengvumo ir rafinuoto stiliaus, sukurdami harmoning\u0105 visum\u0105 su matin\u0117s baltos spalvos korpusu. \u0160is baldas papuo\u0161 bet kuri\u0105 virtuv\u0119, taps jos traukos centru, suteiks gaivumo ir unikalaus charakterio. Jums patiks \u0161ios virtuv\u0117s spintel\u0117s funkcionalumas kiekvien\u0105 dien\u0105. Gerai apgalvotas interjeras leid\u017eia efektyviai laikyti virtuv\u0117s reikmenis, atlaisvinant darbo viet\u0105. Tai tikrai idealus sprendimas, kuris palengvina \u012fvairi\u0173 daikt\u0173 organizavim\u0105, o kartu \u017eavi tyliai u\u017esidaran\u010diomis durel\u0117mis, kurios yra ne tik patogios, bet ir ne\u012ftik\u0117tinai patogios naudoti. Pagaminta i\u0161 tvirtos laminuotos plok\u0161t\u0117s, \u201eSorento D40S1\u201c spintel\u0117 yra tvirta ir ilgaam\u017e\u0117, u\u017etikrindama ilgamet\u012f naudojim\u0105 be r\u016bpes\u010di\u0173. Juoda metalin\u0117 rankena ne tik suteikia elegancijos, bet ir yra prakti\u0161ka bei patogi kasdieniam naudojimui. Stilingas spintel\u0117s dizainas atitinka subalansuot\u0105, minimalistin\u012f po\u017ei\u016br\u012f \u012f virtuv\u0117s erdv\u0117s i\u0161d\u0117stym\u0105.<\/p>","protected":false},"excerpt":{"rendered":"<p>Plotis (cm): 40<br \/>\n\u016agis (cm): 87<br \/>\nGylis (cm): 52<\/p>","protected":false},"featured_media":159821,"comment_status":"open","ping_status":"open","template":"","meta":[],"product_brand":[],"product_cat":[9436,4106],"product_tag":[],"class_list":{"0":"post-159820","1":"product","2":"type-product","3":"status-publish","4":"has-post-thumbnail","6":"product_cat-kitchen-system-sorento","7":"product_cat-gala-meble","9":"first","10":"instock","11":"purchasable","12":"product-type-simple"},"_links":{"self":[{"href":"https:\/\/baldumarket.lt\/lt\/wp-json\/wp\/v2\/product\/159820","targetHints":{"allow":["GET"]}}],"collection":[{"href":"https:\/\/baldumarket.lt\/lt\/wp-json\/wp\/v2\/product"}],"about":[{"href":"https:\/\/baldumarket.lt\/lt\/wp-json\/wp\/v2\/types\/product"}],"replies":[{"embeddable":true,"href":"https:\/\/baldumarket.lt\/lt\/wp-json\/wp\/v2\/comments?post=159820"}],"wp:featuredmedia":[{"embeddable":true,"href":"https:\/\/baldumarket.lt\/lt\/wp-json\/wp\/v2\/media\/159821"}],"wp:attachment":[{"href":"https:\/\/baldumarket.lt\/lt\/wp-json\/wp\/v2\/media?parent=159820"}],"wp:term":[{"taxonomy":"product_brand","embeddable":true,"href":"https:\/\/baldumarket.lt\/lt\/wp-json\/wp\/v2\/product_brand?post=159820"},{"taxonomy":"product_cat","embeddable":true,"href":"https:\/\/baldumarket.lt\/lt\/wp-json\/wp\/v2\/product_cat?post=159820"},{"taxonomy":"product_tag","embeddable":true,"href":"https:\/\/baldumarket.lt\/lt\/wp-json\/wp\/v2\/product_tag?post=159820"}],"curies":[{"name":"wp","href":"https:\/\/api.w.org\/{rel}","templated":true}]}}