{"id":159815,"date":"2025-12-19T00:50:03","date_gmt":"2025-12-18T21:50:03","guid":{"rendered":"https:\/\/baldumarket.lt\/product\/szafka-kuchenna-dolna-1s1s-sorento-d40s1-p-l-bialy-mat-bezowy-mat\/"},"modified":"2026-02-18T11:16:14","modified_gmt":"2026-02-18T08:16:14","slug":"szafka-kuchenna-dolna-1s1s-sorento-d40s1-p-l-bialy-mat-bezowy-mat","status":"publish","type":"product","link":"https:\/\/baldumarket.lt\/lt\/product\/szafka-kuchenna-dolna-1s1s-sorento-d40s1-p-l-bialy-mat-bezowy-mat\/","title":{"rendered":"Apatin\u0117 virtuv\u0117s spintel\u0117 1S1S Sorento D40S1 P\/L matin\u0117 balta matin\u0117 sm\u0117lio spalvos"},"content":{"rendered":"<p>\u012esivaizduokite virtuv\u0119, kurioje elegancija ir funkcionalumas dera tobuloje harmonijoje. Apatin\u0117 virtuv\u0117s spintel\u0117 \u201e1S1S Sorento D40S1\u201c, kuri\u0105 galima \u012fsigyti baltos ir matin\u0117s sm\u0117lio spalvos, puikiai papildo moderni\u0105 virtuv\u0117s erdv\u0119. Sukurta atkreipiant d\u0117mes\u012f \u012f ma\u017eiausias detales, ji si\u016blo subtil\u0173 minimalizmo ir klas\u0117s derin\u012f, kuris papuo\u0161 bet kok\u012f interjer\u0105. M\u016bs\u0173 nuolat kintan\u010diame ir \u012ftemptame gyvenime estetika turi der\u0117ti su funkcionalumu. \u0160is baldas yra \u0161io dueto kvintesencija. D\u0117l kompakti\u0161k\u0173 matmen\u0173 ji tiks prie bet kokio virtuv\u0117s i\u0161planavimo, o nuosekli spalv\u0173 gama suteiks kambariui harmonijos ir ramyb\u0117s. Patikima laminuotos plok\u0161t\u0117s konstrukcija u\u017etikrina patvarum\u0105 ir atsparum\u0105 kasdieniam naudojimui, garantuodama ilg\u0105 ir be r\u016bpes\u010di\u0173 tarnavimo laik\u0105. Svarbu ne tik i\u0161vaizda \u2013 prakti\u0161kumas taip pat daro \u0161i\u0105 spintel\u0119 unikali\u0105. Apgalvotos savyb\u0117s, tokios kaip \u0161velniai u\u017esidarantys vyriai ir pilno i\u0161traukimo b\u0117geliai, leid\u017eia lengvai ir skland\u017eiai pasiekti vid\u0173. Reguliuojamo auk\u0161\u010dio kojel\u0117s u\u017etikrina suderinamum\u0105 su \u012fvairiais pavir\u0161iais, tod\u0117l surinkimas tampa dar patogesnis. Tiksliai pagamintos juodos metalin\u0117s rankenos suteikia charakterio ir pabr\u0117\u017eia unikal\u0173 stili\u0173.<\/p>","protected":false},"excerpt":{"rendered":"<p>Plotis (cm): 40<br \/>\n\u016agis (cm): 87<br \/>\nGylis (cm): 52<\/p>","protected":false},"featured_media":159816,"comment_status":"open","ping_status":"open","template":"","meta":[],"product_brand":[],"product_cat":[9436,4106],"product_tag":[],"class_list":{"0":"post-159815","1":"product","2":"type-product","3":"status-publish","4":"has-post-thumbnail","6":"product_cat-kitchen-system-sorento","7":"product_cat-gala-meble","9":"first","10":"instock","11":"purchasable","12":"product-type-simple"},"_links":{"self":[{"href":"https:\/\/baldumarket.lt\/lt\/wp-json\/wp\/v2\/product\/159815","targetHints":{"allow":["GET"]}}],"collection":[{"href":"https:\/\/baldumarket.lt\/lt\/wp-json\/wp\/v2\/product"}],"about":[{"href":"https:\/\/baldumarket.lt\/lt\/wp-json\/wp\/v2\/types\/product"}],"replies":[{"embeddable":true,"href":"https:\/\/baldumarket.lt\/lt\/wp-json\/wp\/v2\/comments?post=159815"}],"wp:featuredmedia":[{"embeddable":true,"href":"https:\/\/baldumarket.lt\/lt\/wp-json\/wp\/v2\/media\/159816"}],"wp:attachment":[{"href":"https:\/\/baldumarket.lt\/lt\/wp-json\/wp\/v2\/media?parent=159815"}],"wp:term":[{"taxonomy":"product_brand","embeddable":true,"href":"https:\/\/baldumarket.lt\/lt\/wp-json\/wp\/v2\/product_brand?post=159815"},{"taxonomy":"product_cat","embeddable":true,"href":"https:\/\/baldumarket.lt\/lt\/wp-json\/wp\/v2\/product_cat?post=159815"},{"taxonomy":"product_tag","embeddable":true,"href":"https:\/\/baldumarket.lt\/lt\/wp-json\/wp\/v2\/product_tag?post=159815"}],"curies":[{"name":"wp","href":"https:\/\/api.w.org\/{rel}","templated":true}]}}