{"id":159810,"date":"2025-12-19T00:49:53","date_gmt":"2025-12-18T21:49:53","guid":{"rendered":"https:\/\/baldumarket.lt\/product\/szafka-kuchenna-dolna-2-drzwiowa-d40sp-p-l-linea-white-bialy-mat\/"},"modified":"2026-02-18T11:35:21","modified_gmt":"2026-02-18T08:35:21","slug":"szafka-kuchenna-dolna-2-drzwiowa-d40sp-p-l-linea-white-bialy-mat","status":"publish","type":"product","link":"https:\/\/baldumarket.lt\/lt\/product\/szafka-kuchenna-dolna-2-drzwiowa-d40sp-p-l-linea-white-bialy-mat\/","title":{"rendered":"Apatin\u0117 2 dur\u0173 virtuv\u0117s spintel\u0117 D40SP-P\/L Linea balta matin\u0117"},"content":{"rendered":"<p>Su \u201eGa\u0142a Meble\u201c \u201eLinea White\u201c apatine virtuv\u0117s spintele suteikti savo virtuvei naujos kokyb\u0117s ir elegancijos tapo lengviau. \u0160i stilinga spintel\u0117 pasi\u017eymi moderniu dizainu, kuris harmoningai derina matin\u0119 balt\u0105 spalv\u0105 su subtiliomis auksin\u0117mis ranken\u0117l\u0117mis, suteikdamas interjerui klas\u0117s akcent\u0105. \u0160ios spintel\u0117s estetika puikiai dera su minimalistin\u0117mis tendencijomis ir si\u016blo prakti\u0161kus sprendimus kasdieniam naudojimui. Matin\u0117s baltos spalvos MDF fasadai ir laminuotos plok\u0161t\u0117s korpusas daro \u201eLinea White\u201c spintel\u0119 vizualiai lengv\u0105, ta\u010diau strukt\u016bri\u0161kai tvirt\u0105. Tai puikus pasirinkimas tiems, kurie vertina paprastum\u0105 ir elegancij\u0105. \u0160io baldo prakti\u0161kum\u0105 sustiprina tyl\u016bs vyriai, leid\u017eiantys durel\u0117ms \u0161velniai u\u017esidaryti, o tai ypa\u010d svarbu da\u017enai naudojamose virtuv\u0117se. Dvi erdvios vidin\u0117s dalys suteikia daug vietos visiems svarbiausiems virtuv\u0117s priedams laikyti, i\u0161laikant tvark\u0105 ir harmonij\u0105.<\/p>","protected":false},"excerpt":{"rendered":"<p>Plotis (cm): 40<br \/>\n\u016agis (cm): 212<br \/>\nGylis (cm): 58<\/p>","protected":false},"featured_media":159811,"comment_status":"open","ping_status":"open","template":"","meta":[],"product_brand":[],"product_cat":[9446,4106],"product_tag":[],"class_list":{"0":"post-159810","1":"product","2":"type-product","3":"status-publish","4":"has-post-thumbnail","6":"product_cat-kitchen-system-linea-white","7":"product_cat-gala-meble","9":"first","10":"instock","11":"purchasable","12":"product-type-simple"},"_links":{"self":[{"href":"https:\/\/baldumarket.lt\/lt\/wp-json\/wp\/v2\/product\/159810","targetHints":{"allow":["GET"]}}],"collection":[{"href":"https:\/\/baldumarket.lt\/lt\/wp-json\/wp\/v2\/product"}],"about":[{"href":"https:\/\/baldumarket.lt\/lt\/wp-json\/wp\/v2\/types\/product"}],"replies":[{"embeddable":true,"href":"https:\/\/baldumarket.lt\/lt\/wp-json\/wp\/v2\/comments?post=159810"}],"wp:featuredmedia":[{"embeddable":true,"href":"https:\/\/baldumarket.lt\/lt\/wp-json\/wp\/v2\/media\/159811"}],"wp:attachment":[{"href":"https:\/\/baldumarket.lt\/lt\/wp-json\/wp\/v2\/media?parent=159810"}],"wp:term":[{"taxonomy":"product_brand","embeddable":true,"href":"https:\/\/baldumarket.lt\/lt\/wp-json\/wp\/v2\/product_brand?post=159810"},{"taxonomy":"product_cat","embeddable":true,"href":"https:\/\/baldumarket.lt\/lt\/wp-json\/wp\/v2\/product_cat?post=159810"},{"taxonomy":"product_tag","embeddable":true,"href":"https:\/\/baldumarket.lt\/lt\/wp-json\/wp\/v2\/product_tag?post=159810"}],"curies":[{"name":"wp","href":"https:\/\/api.w.org\/{rel}","templated":true}]}}