{"id":159805,"date":"2025-12-19T00:49:45","date_gmt":"2025-12-18T21:49:45","guid":{"rendered":"https:\/\/baldumarket.lt\/product\/szafka-kuchenna-dolna-2-drzwiowa-d60-aspen-grey-szary-polysk\/"},"modified":"2026-02-06T19:54:30","modified_gmt":"2026-02-06T16:54:30","slug":"szafka-kuchenna-dolna-2-drzwiowa-d60-aspen-grey-szary-polysk","status":"publish","type":"product","link":"https:\/\/baldumarket.lt\/lt\/product\/szafka-kuchenna-dolna-2-drzwiowa-d60-aspen-grey-szary-polysk\/","title":{"rendered":"Apatin\u0117 2 dur\u0173 virtuv\u0117s spintel\u0117 D60, drebul\u0117s pilka, blizgi"},"content":{"rendered":"<p>Atraskite elegancij\u0105 ir modernum\u0105 su D60 Aspen Grey apatine virtuv\u0117s spintele blizgios pilkos spalvos. \u0160i spintel\u0117 yra ne tik j\u016bs\u0173 virtuv\u0117s baldo dalis, bet ir tikras elementas, suteikiantis j\u016bs\u0173 virtuvei stiliaus ir rafinuotumo. Jos blizgus pilkas priekis, pagamintas i\u0161 auk\u0161tos kokyb\u0117s MDF, traukia ak\u012f ir suteikia klas\u0117s prisilietim\u0105, puikiai papildydamas tiek modern\u0173, tiek klasikin\u012f interjer\u0105. Funkcionalumas yra pagrindinis \u0161ios spintel\u0117s bruo\u017eas. D\u0117l erdvaus vidaus ir erdvaus i\u0161planavimo joje lengvai tilps visi j\u016bs\u0173 virtuv\u0117s reikmenys. Raskite viet\u0105 savo puodams, indams ir smulkiems priedams, m\u0117gaukit\u0117s organizuota erdve, kuri supaprastins kasdien\u012f maisto gaminim\u0105 ir valym\u0105. Dvi atidaromos durys suteikia lengv\u0105 prieig\u0105 prie visko, kas yra viduje, \u2013 tai did\u017eiulis privalumas bet kurioje modernioje virtuv\u0117je. Reguliuojamos kojel\u0117s leid\u017eia puikiai pritaikyti spintel\u0117s auk\u0161t\u012f prie j\u016bs\u0173 virtuv\u0117s, u\u017etikrinant stabilum\u0105 net ant nelygi\u0173 pavir\u0161i\u0173. Spintel\u0117 apr\u016bpinta savaime u\u017esidaran\u010diais vyriais, kurie u\u017etikrina skland\u0173 ir tyl\u0173 dureli\u0173 u\u017edarym\u0105, dar labiau padidindami komfort\u0105. Balta matin\u0117 korpuso apdaila gra\u017eiai kontrastuoja su blizgia priekine dalimi, suteikdama interjerui gaivumo ir erdvumo.<\/p>","protected":false},"excerpt":{"rendered":"<p>Plotis (cm): 60<br \/>\n\u016agis (cm): 82<br \/>\nGylis (cm): 47<\/p>","protected":false},"featured_media":159806,"comment_status":"open","ping_status":"open","template":"","meta":[],"product_brand":[],"product_cat":[9451,4106,9118],"product_tag":[],"class_list":{"0":"post-159805","1":"product","2":"type-product","3":"status-publish","4":"has-post-thumbnail","6":"product_cat-kitchen-system-aspen-grey","7":"product_cat-gala-meble","8":"product_cat-kitchen-cabinets","10":"first","11":"instock","12":"purchasable","13":"product-type-simple"},"_links":{"self":[{"href":"https:\/\/baldumarket.lt\/lt\/wp-json\/wp\/v2\/product\/159805","targetHints":{"allow":["GET"]}}],"collection":[{"href":"https:\/\/baldumarket.lt\/lt\/wp-json\/wp\/v2\/product"}],"about":[{"href":"https:\/\/baldumarket.lt\/lt\/wp-json\/wp\/v2\/types\/product"}],"replies":[{"embeddable":true,"href":"https:\/\/baldumarket.lt\/lt\/wp-json\/wp\/v2\/comments?post=159805"}],"wp:featuredmedia":[{"embeddable":true,"href":"https:\/\/baldumarket.lt\/lt\/wp-json\/wp\/v2\/media\/159806"}],"wp:attachment":[{"href":"https:\/\/baldumarket.lt\/lt\/wp-json\/wp\/v2\/media?parent=159805"}],"wp:term":[{"taxonomy":"product_brand","embeddable":true,"href":"https:\/\/baldumarket.lt\/lt\/wp-json\/wp\/v2\/product_brand?post=159805"},{"taxonomy":"product_cat","embeddable":true,"href":"https:\/\/baldumarket.lt\/lt\/wp-json\/wp\/v2\/product_cat?post=159805"},{"taxonomy":"product_tag","embeddable":true,"href":"https:\/\/baldumarket.lt\/lt\/wp-json\/wp\/v2\/product_tag?post=159805"}],"curies":[{"name":"wp","href":"https:\/\/api.w.org\/{rel}","templated":true}]}}