{"id":159801,"date":"2025-12-19T00:49:38","date_gmt":"2025-12-18T21:49:38","guid":{"rendered":"https:\/\/baldumarket.lt\/product\/szafka-kuchenna-dolna-2-drzwiowa-d60-aspen-white-bialy-polysk\/"},"modified":"2026-02-06T13:20:20","modified_gmt":"2026-02-06T10:20:20","slug":"szafka-kuchenna-dolna-2-drzwiowa-d60-aspen-white-bialy-polysk","status":"publish","type":"product","link":"https:\/\/baldumarket.lt\/lt\/product\/szafka-kuchenna-dolna-2-drzwiowa-d60-aspen-white-bialy-polysk\/","title":{"rendered":"Apatin\u0117 2 dur\u0173 virtuv\u0117s spintel\u0117 D60 drebul\u0117s balta blizgi spalva"},"content":{"rendered":"<p>Atraskite \u0161i\u0105 i\u0161skirtinai eleganti\u0161k\u0105 virtuv\u0117s spintel\u0119 i\u0161 \u201eAspen White\u201c kolekcijos, kuri suteiks j\u016bs\u0173 virtuvei \u017eavesio ir modernumo. Baltas blizgesys suteikia interjerui \u0161viesesn\u012f ir atviresn\u012f vaizd\u0105, kartu suteikdamas jam modernumo. \u0160i spintel\u0117 puikiai tinka tiems, kurie vertina minimalistin\u012f stili\u0173 ir nori savo namams suteikti prabangos.<\/p>\n<p>\u201eLower D60\u201c virtuv\u0117s spintel\u0117 \u017eavi ne tik savo i\u0161vaizda, bet ir funkcionalumu, patenkindama net ir i\u0161rankiausi\u0173 vir\u0117j\u0173 poreikius. Erdvus vidus ir dviej\u0173 dureli\u0173 \u012f\u0117jimas leid\u017eia lengvai laikyti indus, stalo \u012frankius ir smulkius prietaisus, tod\u0117l kasdieniai darbai tampa tikru malonumu. MDF konstrukcija u\u017etikrina jos patvarum\u0105 ir atsparum\u0105 pa\u017eeidimams, u\u017etikrinant ilgalaik\u012f naudojim\u0105.<\/p>\n<p>Stabilumas ir lengvas pritaikymas yra kiti \u0161ios virtuv\u0117s spintel\u0117s privalumai. Reguliuojamos kojel\u0117s leid\u017eia reguliuoti auk\u0161t\u012f, o tai ypa\u010d naudinga ant nelygi\u0173 pavir\u0161i\u0173. Tai padarys j\u016bs\u0173 virtuv\u0119 ne tik stiling\u0105, bet ir funkcionali\u0105. Pa\u017eang\u016bs savaime u\u017esidarantys vyriai u\u017etikrina tyl\u0173 ir skland\u0173 dur\u0173 u\u017edarym\u0105, pa\u0161alindami triuk\u0161m\u0105 kambaryje ir u\u017etikrindami j\u016bs\u0173 komfort\u0105.<\/p>\n<p>Pasirinkdami \u201eAspen White\u201c spintel\u0119, renkat\u0117s ne tik modern\u0173 ir esteti\u0161kai patraukl\u0173 gamin\u012f, bet ir patog\u0173 naudoti. D\u0117l savaranki\u0161ko surinkimo galimybi\u0173 galite lengvai pritaikyti j\u0105 prie savo virtuv\u0117s i\u0161planavimo, sukurdami erdv\u0119, kuri puikiai atitikt\u0173 j\u016bs\u0173 poreikius. \u0160i spintel\u0117 yra puikus pasirinkimas tiems, kurie siekia suderinti estetik\u0105 su prakti\u0161kumu.<\/p>","protected":false},"excerpt":{"rendered":"<p>Plotis (cm): 60<br \/>\n\u016agis (cm): 82<br \/>\nGylis (cm): 47<\/p>","protected":false},"featured_media":159802,"comment_status":"open","ping_status":"open","template":"","meta":[],"product_brand":[],"product_cat":[9445,4106,9118],"product_tag":[],"class_list":{"0":"post-159801","1":"product","2":"type-product","3":"status-publish","4":"has-post-thumbnail","6":"product_cat-kitchen-system-aspen-white","7":"product_cat-gala-meble","8":"product_cat-kitchen-cabinets","10":"first","11":"instock","12":"purchasable","13":"product-type-simple"},"_links":{"self":[{"href":"https:\/\/baldumarket.lt\/lt\/wp-json\/wp\/v2\/product\/159801","targetHints":{"allow":["GET"]}}],"collection":[{"href":"https:\/\/baldumarket.lt\/lt\/wp-json\/wp\/v2\/product"}],"about":[{"href":"https:\/\/baldumarket.lt\/lt\/wp-json\/wp\/v2\/types\/product"}],"replies":[{"embeddable":true,"href":"https:\/\/baldumarket.lt\/lt\/wp-json\/wp\/v2\/comments?post=159801"}],"wp:featuredmedia":[{"embeddable":true,"href":"https:\/\/baldumarket.lt\/lt\/wp-json\/wp\/v2\/media\/159802"}],"wp:attachment":[{"href":"https:\/\/baldumarket.lt\/lt\/wp-json\/wp\/v2\/media?parent=159801"}],"wp:term":[{"taxonomy":"product_brand","embeddable":true,"href":"https:\/\/baldumarket.lt\/lt\/wp-json\/wp\/v2\/product_brand?post=159801"},{"taxonomy":"product_cat","embeddable":true,"href":"https:\/\/baldumarket.lt\/lt\/wp-json\/wp\/v2\/product_cat?post=159801"},{"taxonomy":"product_tag","embeddable":true,"href":"https:\/\/baldumarket.lt\/lt\/wp-json\/wp\/v2\/product_tag?post=159801"}],"curies":[{"name":"wp","href":"https:\/\/api.w.org\/{rel}","templated":true}]}}