{"id":159796,"date":"2025-12-19T00:49:29","date_gmt":"2025-12-18T21:49:29","guid":{"rendered":"https:\/\/baldumarket.lt\/product\/szafka-kuchenna-dolna-2-drzwiowa-d60-linea-grey-szary-mat\/"},"modified":"2026-02-18T11:35:21","modified_gmt":"2026-02-18T08:35:21","slug":"szafka-kuchenna-dolna-2-drzwiowa-d60-linea-grey-szary-mat","status":"publish","type":"product","link":"https:\/\/baldumarket.lt\/lt\/product\/szafka-kuchenna-dolna-2-drzwiowa-d60-linea-grey-szary-mat\/","title":{"rendered":"Apatin\u0117 2 dur\u0173 virtuv\u0117s spintel\u0117 D60 Linea pilka matin\u0117"},"content":{"rendered":"<p>\u012esivaizduokite modernaus dizaino ir funkcionalumo harmonij\u0105, kuri\u0105 j\u016bs\u0173 virtuvei atne\u0161 D60 Linea Grey apatin\u0117 spintel\u0117. \u0160is unikalus garsaus \u201eGa\u0142a Meble\u201c prek\u0117s \u017eenklo pasi\u016blymas yra apgalvotas akcentas, pabr\u0117\u017eiantis bet kokio interjero elegancij\u0105 ir stili\u0173. Subtilus pilkas fasad\u0173 blizgesys puikiai papildo klasikin\u012f matin\u012f balt\u0105 korpus\u0105, sukurdamas subtil\u0173, ta\u010diau i\u0161rai\u0161king\u0105 spalv\u0173 derin\u012f. Kasdien naudojant D60 Linea Grey spintel\u0117 pasirodo esanti ne tik gra\u017ei, bet ir ne\u012ftik\u0117tinai prakti\u0161ka. Jos didel\u0117 vidin\u0117 erdv\u0117 talpina vis\u0105 b\u016btiniausi\u0105 virtuv\u0117s \u012frang\u0105, padeda palaikyti tvark\u0105 ir atlaisvinti papildomos erdv\u0117s virtuv\u0117je. Reguliuojamos kojel\u0117s leid\u017eia reguliuoti auk\u0161t\u012f pagal savo pageidavimus, tod\u0117l j\u012f lengva montuoti \u012fvairiose virtuv\u0117se. Pasirink\u0119 \u0161\u012f model\u012f, galite b\u016bti tikri d\u0117l tvirtumo ir ilgaam\u017ei\u0161kumo, kur\u012f garantuoja auk\u0161tos kokyb\u0117s med\u017eiagos \u2013 MDF fasadai ir laminuotas korpusas. Savaime u\u017esidarantys vyriai u\u017etikrina patog\u0173 naudojim\u0105 ir puik\u0173 dureli\u0173 prigludim\u0105, dar labiau padidindami spintel\u0117s funkcionalum\u0105 ir padidindami pasitenkinim\u0105 ja.<\/p>","protected":false},"excerpt":{"rendered":"<p>Plotis (cm): 60<br \/>\n\u016agis (cm): 82<br \/>\nGylis (cm): 47<\/p>","protected":false},"featured_media":159797,"comment_status":"open","ping_status":"open","template":"","meta":[],"product_brand":[],"product_cat":[9446,4106],"product_tag":[],"class_list":{"0":"post-159796","1":"product","2":"type-product","3":"status-publish","4":"has-post-thumbnail","6":"product_cat-kitchen-system-linea-white","7":"product_cat-gala-meble","9":"first","10":"instock","11":"purchasable","12":"product-type-simple"},"_links":{"self":[{"href":"https:\/\/baldumarket.lt\/lt\/wp-json\/wp\/v2\/product\/159796","targetHints":{"allow":["GET"]}}],"collection":[{"href":"https:\/\/baldumarket.lt\/lt\/wp-json\/wp\/v2\/product"}],"about":[{"href":"https:\/\/baldumarket.lt\/lt\/wp-json\/wp\/v2\/types\/product"}],"replies":[{"embeddable":true,"href":"https:\/\/baldumarket.lt\/lt\/wp-json\/wp\/v2\/comments?post=159796"}],"wp:featuredmedia":[{"embeddable":true,"href":"https:\/\/baldumarket.lt\/lt\/wp-json\/wp\/v2\/media\/159797"}],"wp:attachment":[{"href":"https:\/\/baldumarket.lt\/lt\/wp-json\/wp\/v2\/media?parent=159796"}],"wp:term":[{"taxonomy":"product_brand","embeddable":true,"href":"https:\/\/baldumarket.lt\/lt\/wp-json\/wp\/v2\/product_brand?post=159796"},{"taxonomy":"product_cat","embeddable":true,"href":"https:\/\/baldumarket.lt\/lt\/wp-json\/wp\/v2\/product_cat?post=159796"},{"taxonomy":"product_tag","embeddable":true,"href":"https:\/\/baldumarket.lt\/lt\/wp-json\/wp\/v2\/product_tag?post=159796"}],"curies":[{"name":"wp","href":"https:\/\/api.w.org\/{rel}","templated":true}]}}