{"id":159791,"date":"2025-12-19T00:49:19","date_gmt":"2025-12-18T21:49:19","guid":{"rendered":"https:\/\/baldumarket.lt\/product\/szafka-kuchenna-dolna-2-drzwiowa-d60-linea-white-bialy-mat\/"},"modified":"2026-02-18T11:35:21","modified_gmt":"2026-02-18T08:35:21","slug":"szafka-kuchenna-dolna-2-drzwiowa-d60-linea-white-bialy-mat","status":"publish","type":"product","link":"https:\/\/baldumarket.lt\/lt\/product\/szafka-kuchenna-dolna-2-drzwiowa-d60-linea-white-bialy-mat\/","title":{"rendered":"Apatin\u0117 2 dur\u0173 virtuv\u0117s spintel\u0117 D60 Linea balta matin\u0117 balta"},"content":{"rendered":"<p>Atraskite elegancij\u0105 ir funkcionalum\u0105, kur\u012f si\u016blo \u201eLinea White\u201c 2 dur\u0173 apatin\u0117 virtuv\u0117s spintel\u0117. Jos nesenstantis dizainas puikiai tinka modernioms virtuv\u0117ms, kuriose minimalizmas ir estetika dera koja kojon. Matin\u0117 balta priekin\u0117s dalies ir korpuso spalva suteikia jai lengvumo ir subtilumo, puikiai dera prie \u012fvairi\u0173 interjero stili\u0173. D\u0117l auksini\u0173 ranken\u0117li\u0173 \u201eLinea White\u201c spintel\u0117 i\u0161siskiria i\u0161 kit\u0173 bald\u0173, suteikdama virtuvei prabangos ir klas\u0117s. Kiekviena detal\u0117 \u2013 nuo metalini\u0173 ranken\u0117li\u0173 iki auk\u0161tos kokyb\u0117s MDF ir laminato plok\u0161\u010di\u0173 \u2013 buvo kruop\u0161\u010diai parinkta, siekiant u\u017etikrinti patvarum\u0105 ir tvirtum\u0105 daugel\u012f met\u0173. \u0160i spintel\u0117 yra ne tik gra\u017ei, bet ir prakti\u0161ka. Reguliuojamos kojel\u0117s leid\u017eia reguliuoti jos auk\u0161t\u012f pagal savo poreikius, tod\u0117l surinkimas ir derinimas prie kit\u0173 virtuv\u0117s element\u0173 yra daug lengvesnis. Spintel\u0117s viduje yra daug vietos daiktams susid\u0117ti, tod\u0117l virtuv\u0117je palaikysite tvark\u0105 ir organizuotum\u0105.<\/p>","protected":false},"excerpt":{"rendered":"<p>Plotis (cm): 60<br \/>\n\u016agis (cm): 82<br \/>\nGylis (cm): 47<\/p>","protected":false},"featured_media":159792,"comment_status":"open","ping_status":"open","template":"","meta":[],"product_brand":[],"product_cat":[9446,4106],"product_tag":[],"class_list":{"0":"post-159791","1":"product","2":"type-product","3":"status-publish","4":"has-post-thumbnail","6":"product_cat-kitchen-system-linea-white","7":"product_cat-gala-meble","9":"first","10":"instock","11":"purchasable","12":"product-type-simple"},"_links":{"self":[{"href":"https:\/\/baldumarket.lt\/lt\/wp-json\/wp\/v2\/product\/159791","targetHints":{"allow":["GET"]}}],"collection":[{"href":"https:\/\/baldumarket.lt\/lt\/wp-json\/wp\/v2\/product"}],"about":[{"href":"https:\/\/baldumarket.lt\/lt\/wp-json\/wp\/v2\/types\/product"}],"replies":[{"embeddable":true,"href":"https:\/\/baldumarket.lt\/lt\/wp-json\/wp\/v2\/comments?post=159791"}],"wp:featuredmedia":[{"embeddable":true,"href":"https:\/\/baldumarket.lt\/lt\/wp-json\/wp\/v2\/media\/159792"}],"wp:attachment":[{"href":"https:\/\/baldumarket.lt\/lt\/wp-json\/wp\/v2\/media?parent=159791"}],"wp:term":[{"taxonomy":"product_brand","embeddable":true,"href":"https:\/\/baldumarket.lt\/lt\/wp-json\/wp\/v2\/product_brand?post=159791"},{"taxonomy":"product_cat","embeddable":true,"href":"https:\/\/baldumarket.lt\/lt\/wp-json\/wp\/v2\/product_cat?post=159791"},{"taxonomy":"product_tag","embeddable":true,"href":"https:\/\/baldumarket.lt\/lt\/wp-json\/wp\/v2\/product_tag?post=159791"}],"curies":[{"name":"wp","href":"https:\/\/api.w.org\/{rel}","templated":true}]}}