{"id":159785,"date":"2025-12-19T00:49:08","date_gmt":"2025-12-18T21:49:08","guid":{"rendered":"https:\/\/baldumarket.lt\/product\/szafka-kuchenna-dolna-2-drzwiowa-d60-prowansja-sosna-andersen-bialy-mat\/"},"modified":"2026-02-06T13:08:29","modified_gmt":"2026-02-06T10:08:29","slug":"szafka-kuchenna-dolna-2-drzwiowa-d60-prowansja-sosna-andersen-bialy-mat","status":"publish","type":"product","link":"https:\/\/baldumarket.lt\/lt\/product\/szafka-kuchenna-dolna-2-drzwiowa-d60-prowansja-sosna-andersen-bialy-mat\/","title":{"rendered":"Apatin\u0117 2 dur\u0173 virtuv\u0117s spintel\u0117 D60, Provanso pu\u0161is, Anderseno balta matin\u0117"},"content":{"rendered":"<p>Atraskite elegancij\u0105 ir funkcionalum\u0105 su D60 Provence virtuv\u0117s spintele, kuri puikiai papildys moderni\u0173 virtuvi\u0173 atmosfer\u0105. Apdaila \u201eAndersen Pine\u201c mediena suteikia j\u016bs\u0173 interjerui \u0161ilumos ir nat\u016bralios estetikos. Subtilus matin\u0117s baltos spalvos pavir\u0161ius sukuria harmoning\u0105 fon\u0105 kitiems dekoratyviniams elementams, kartu i\u0161laikydamas lengvumo ir erdvumo poj\u016bt\u012f. Apgalvotas dizainas derina estetik\u0105 ir prakti\u0161kum\u0105, o erdvus interjeras slypi u\u017e dviej\u0173 dureli\u0173, kurios tvarkingai paslepia virtuv\u0117s priedus. 60 cm plo\u010dio, 82 cm auk\u0161\u010dio ir 47 cm gylio spintel\u0117 yra kruop\u0161\u010diai suplanuota, siekiant maksimaliai i\u0161naudoti naudojam\u0105 erdv\u0119 ir i\u0161laikyti eleganti\u0161k\u0105 i\u0161vaizd\u0105. Idealiai tinka tiek ma\u017eoms, tiek didel\u0117ms virtuv\u0117ms ir si\u016blo lanks\u010dius sprendimus, pritaikytus j\u016bs\u0173 poreikiams. Svarbu tai, kad spintel\u0117 pagaminta i\u0161 patvarios MDF plok\u0161t\u0117s ir laminuotos plok\u0161t\u0117s, u\u017etikrinan\u010dios patvarum\u0105 ir atsparum\u0105 kasdieniam naudojimui. Stilingos juodos metalin\u0117s rankenos ne tik suteikia modernumo, bet ir u\u017etikrina komfort\u0105 kasdien naudojant. D\u0117l reguliuojam\u0173 kojeli\u0173 galite lengvai reguliuoti auk\u0161t\u012f nuo 10 iki 12,5 cm, kad ji puikiai tilpt\u0173 j\u016bs\u0173 virtuv\u0117s erdv\u0117je.<\/p>","protected":false},"excerpt":{"rendered":"<p>Plotis (cm): 60<br \/>\n\u016agis (cm): 82<br \/>\nGylis (cm): 47<\/p>","protected":false},"featured_media":159786,"comment_status":"open","ping_status":"open","template":"","meta":[],"product_brand":[],"product_cat":[9444,9441,4106,9118],"product_tag":[],"class_list":{"0":"post-159785","1":"product","2":"type-product","3":"status-publish","4":"has-post-thumbnail","6":"product_cat-kitchen-system-prowansja-sosna-andersen","7":"product_cat-white","8":"product_cat-gala-meble","9":"product_cat-kitchen-cabinets","11":"first","12":"instock","13":"purchasable","14":"product-type-simple"},"_links":{"self":[{"href":"https:\/\/baldumarket.lt\/lt\/wp-json\/wp\/v2\/product\/159785","targetHints":{"allow":["GET"]}}],"collection":[{"href":"https:\/\/baldumarket.lt\/lt\/wp-json\/wp\/v2\/product"}],"about":[{"href":"https:\/\/baldumarket.lt\/lt\/wp-json\/wp\/v2\/types\/product"}],"replies":[{"embeddable":true,"href":"https:\/\/baldumarket.lt\/lt\/wp-json\/wp\/v2\/comments?post=159785"}],"wp:featuredmedia":[{"embeddable":true,"href":"https:\/\/baldumarket.lt\/lt\/wp-json\/wp\/v2\/media\/159786"}],"wp:attachment":[{"href":"https:\/\/baldumarket.lt\/lt\/wp-json\/wp\/v2\/media?parent=159785"}],"wp:term":[{"taxonomy":"product_brand","embeddable":true,"href":"https:\/\/baldumarket.lt\/lt\/wp-json\/wp\/v2\/product_brand?post=159785"},{"taxonomy":"product_cat","embeddable":true,"href":"https:\/\/baldumarket.lt\/lt\/wp-json\/wp\/v2\/product_cat?post=159785"},{"taxonomy":"product_tag","embeddable":true,"href":"https:\/\/baldumarket.lt\/lt\/wp-json\/wp\/v2\/product_tag?post=159785"}],"curies":[{"name":"wp","href":"https:\/\/api.w.org\/{rel}","templated":true}]}}