{"id":159780,"date":"2025-12-19T00:48:59","date_gmt":"2025-12-18T21:48:59","guid":{"rendered":"https:\/\/baldumarket.lt\/product\/szafka-kuchenna-dolna-2-drzwiowa-d60-sycylia-andersen\/"},"modified":"2026-02-06T12:46:45","modified_gmt":"2026-02-06T09:46:45","slug":"szafka-kuchenna-dolna-2-drzwiowa-d60-sycylia-andersen","status":"publish","type":"product","link":"https:\/\/baldumarket.lt\/lt\/product\/szafka-kuchenna-dolna-2-drzwiowa-d60-sycylia-andersen\/","title":{"rendered":"Apatin\u0117 2 dur\u0173 virtuv\u0117s spintel\u0117 D60 Sicily Andersen"},"content":{"rendered":"<p>Su \u201eGa\u0142a Meble\u201c apatine virtuv\u0117s spintele \u201eAndersen Sicylia\u201c suteikite savo namams unikalios itali\u0161ko stiliaus atmosferos. \u0160i eleganti\u0161ka pu\u0161ies spintel\u0117 \u201eAndersen\u201c ne tik papildys \u012fvairius interjerus, bet ir suteiks klas\u0117s bei elegancijos. Minimalistin\u0117 spalv\u0173 gama sukuria puik\u0173 fon\u0105 kitiems virtuv\u0117s elementams, pabr\u0117\u017edama modern\u0173 vaizd\u0105. Spintel\u0117 pasi\u017eymi gerai apgalvotu dizainu, tod\u0117l tai idealus sprendimas tiems, kurie vertina funkcionalum\u0105 ir estetik\u0105. Dviej\u0173 dureli\u0173 dizainas optimizuoja erdv\u0119, leid\u017eia patogiai laikyti visus b\u016btiniausius virtuv\u0117s reikmenis. Auk\u0161tos kokyb\u0117s MDF ir laminuotos plok\u0161t\u0117s konstrukcija u\u017etikrina patvarum\u0105 ir atsparum\u0105 kasdieniam naudojimui. Matinis baltas korpusas yra puikus pasirinkimas tiems, kurie ie\u0161ko elegancijos ir gaivos poj\u016b\u010dio savo virtuv\u0117je. Sidabrin\u0117s ranken\u0117l\u0117s, pagamintos i\u0161 patvaraus plastiko, efektyviai papildo bendr\u0105 dizain\u0105 ir u\u017etikrina komfort\u0105. Tai ma\u017ea detal\u0117, kuri daro didel\u0119 \u012ftak\u0105 galutiniam rezultatui.<\/p>","protected":false},"excerpt":{"rendered":"<p>Plotis (cm): 60<br \/>\n\u016agis (cm): 82<br \/>\nGylis (cm): 47<\/p>","protected":false},"featured_media":159781,"comment_status":"open","ping_status":"open","template":"","meta":[],"product_brand":[],"product_cat":[9440,9441,4106,9118],"product_tag":[],"class_list":{"0":"post-159780","1":"product","2":"type-product","3":"status-publish","4":"has-post-thumbnail","6":"product_cat-kitchen-system-sycylia-sosna-andersen","7":"product_cat-white","8":"product_cat-gala-meble","9":"product_cat-kitchen-cabinets","11":"first","12":"instock","13":"purchasable","14":"product-type-simple"},"_links":{"self":[{"href":"https:\/\/baldumarket.lt\/lt\/wp-json\/wp\/v2\/product\/159780","targetHints":{"allow":["GET"]}}],"collection":[{"href":"https:\/\/baldumarket.lt\/lt\/wp-json\/wp\/v2\/product"}],"about":[{"href":"https:\/\/baldumarket.lt\/lt\/wp-json\/wp\/v2\/types\/product"}],"replies":[{"embeddable":true,"href":"https:\/\/baldumarket.lt\/lt\/wp-json\/wp\/v2\/comments?post=159780"}],"wp:featuredmedia":[{"embeddable":true,"href":"https:\/\/baldumarket.lt\/lt\/wp-json\/wp\/v2\/media\/159781"}],"wp:attachment":[{"href":"https:\/\/baldumarket.lt\/lt\/wp-json\/wp\/v2\/media?parent=159780"}],"wp:term":[{"taxonomy":"product_brand","embeddable":true,"href":"https:\/\/baldumarket.lt\/lt\/wp-json\/wp\/v2\/product_brand?post=159780"},{"taxonomy":"product_cat","embeddable":true,"href":"https:\/\/baldumarket.lt\/lt\/wp-json\/wp\/v2\/product_cat?post=159780"},{"taxonomy":"product_tag","embeddable":true,"href":"https:\/\/baldumarket.lt\/lt\/wp-json\/wp\/v2\/product_tag?post=159780"}],"curies":[{"name":"wp","href":"https:\/\/api.w.org\/{rel}","templated":true}]}}