{"id":159775,"date":"2025-12-19T00:48:49","date_gmt":"2025-12-18T21:48:49","guid":{"rendered":"https:\/\/baldumarket.lt\/product\/szafka-kuchenna-dolna-2-drzwiowa-d60-sycylia-orzech\/"},"modified":"2026-02-06T14:32:35","modified_gmt":"2026-02-06T11:32:35","slug":"szafka-kuchenna-dolna-2-drzwiowa-d60-sycylia-orzech","status":"publish","type":"product","link":"https:\/\/baldumarket.lt\/lt\/product\/szafka-kuchenna-dolna-2-drzwiowa-d60-sycylia-orzech\/","title":{"rendered":"Apatin\u0117 2 dur\u0173 virtuv\u0117s spintel\u0117 D60 Sicily Walnut"},"content":{"rendered":"<p>Atraskite funkcionalum\u0105 ir elegancij\u0105, kuri\u0105 si\u016blo garsaus \u201eGa\u0142a Meble\u201c prek\u0117s \u017eenklo \u201eSycylia\u201c kolekcijos D60 apatin\u0117 virtuv\u0117s spintel\u0117. \u0160is dizainas yra tikras interjero dizaino pasaulio perlas, derinantis klasikin\u012f \u017eaves\u012f su moderniu funkcionalumu. Jos Milano rie\u0161uto apdaila suteiks j\u016bs\u0173 virtuvei \u0161ilumos ir jaukumo, sukurdama atmosfer\u0105, puikiai tinkan\u010di\u0105 kulinariniams eksperimentams. Su \u0161ia spintele lengvai sutvarkykite savo virtuv\u0117s erdv\u0119. D\u0117l apgalvoto dizaino ji si\u016blo neprilygstam\u0105 patogum\u0105 daiktams laikyti, kuris patenkins net ir reikliausi\u0173 vartotoj\u0173 l\u016bkes\u010dius. Laikykite savo m\u0117gstamus virtuv\u0117s reikmenis u\u017e eleganti\u0161k\u0173 dureli\u0173, m\u0117gaudamiesi tvarka ir estetika. \u0160i spintel\u0117 \u012frodo, kad elegancija ir prakti\u0161kumas gali \u017eengti koja kojon. Dar vienas \u0161ios virtuv\u0117s spintel\u0117s privalumas \u2013 lengvas surinkimas. Ji buvo sukurta vartotojams, kurie vertina nepriklausomyb\u0119 ir nori lengvai \u012fgyvendinti savo dizaino id\u0117jas. Stilingos sidabrin\u0117s ranken\u0117l\u0117s suteikia modernumo ir u\u017etikrina patog\u0173 naudojim\u0105.<\/p>","protected":false},"excerpt":{"rendered":"<p>Plotis (cm): 60<br \/>\n\u016agis (cm): 82<br \/>\nGylis (cm): 47<\/p>","protected":false},"featured_media":159776,"comment_status":"open","ping_status":"open","template":"","meta":[],"product_brand":[],"product_cat":[9450,4106,9118],"product_tag":[],"class_list":{"0":"post-159775","1":"product","2":"type-product","3":"status-publish","4":"has-post-thumbnail","6":"product_cat-kitchen-system-sycylia-orzech-milano","7":"product_cat-gala-meble","8":"product_cat-kitchen-cabinets","10":"first","11":"instock","12":"purchasable","13":"product-type-simple"},"_links":{"self":[{"href":"https:\/\/baldumarket.lt\/lt\/wp-json\/wp\/v2\/product\/159775","targetHints":{"allow":["GET"]}}],"collection":[{"href":"https:\/\/baldumarket.lt\/lt\/wp-json\/wp\/v2\/product"}],"about":[{"href":"https:\/\/baldumarket.lt\/lt\/wp-json\/wp\/v2\/types\/product"}],"replies":[{"embeddable":true,"href":"https:\/\/baldumarket.lt\/lt\/wp-json\/wp\/v2\/comments?post=159775"}],"wp:featuredmedia":[{"embeddable":true,"href":"https:\/\/baldumarket.lt\/lt\/wp-json\/wp\/v2\/media\/159776"}],"wp:attachment":[{"href":"https:\/\/baldumarket.lt\/lt\/wp-json\/wp\/v2\/media?parent=159775"}],"wp:term":[{"taxonomy":"product_brand","embeddable":true,"href":"https:\/\/baldumarket.lt\/lt\/wp-json\/wp\/v2\/product_brand?post=159775"},{"taxonomy":"product_cat","embeddable":true,"href":"https:\/\/baldumarket.lt\/lt\/wp-json\/wp\/v2\/product_cat?post=159775"},{"taxonomy":"product_tag","embeddable":true,"href":"https:\/\/baldumarket.lt\/lt\/wp-json\/wp\/v2\/product_tag?post=159775"}],"curies":[{"name":"wp","href":"https:\/\/api.w.org\/{rel}","templated":true}]}}