{"id":159771,"date":"2025-12-19T00:48:41","date_gmt":"2025-12-18T21:48:41","guid":{"rendered":"https:\/\/baldumarket.lt\/product\/szafka-kuchenna-dolna-2-drzwiowa-d60p-linea-white-bialy-mat\/"},"modified":"2026-02-18T11:35:21","modified_gmt":"2026-02-18T08:35:21","slug":"szafka-kuchenna-dolna-2-drzwiowa-d60p-linea-white-bialy-mat","status":"publish","type":"product","link":"https:\/\/baldumarket.lt\/lt\/product\/szafka-kuchenna-dolna-2-drzwiowa-d60p-linea-white-bialy-mat\/","title":{"rendered":"Apatin\u0117 2 dur\u0173 virtuv\u0117s spintel\u0117 D60P Linea balta matin\u0117 balta"},"content":{"rendered":"<p>Atraskite modern\u0173 \u017eaves\u012f ir ne\u012ftik\u0117tin\u0105 \u201eLinea White D60P\u201c 2 dur\u0173 apatin\u0117s virtuv\u0117s spintel\u0117s funkcionalum\u0105. \u0160i eleganti\u0161ka matin\u0117s baltos spalvos spintel\u0117 papildys bet kuri\u0105 virtuv\u0119, suteikdama jai gaiv\u0173, minimalistin\u012f vaizd\u0105. Subtilios auksin\u0117s ranken\u0117l\u0117s suteikia prabangos, kuri pritrauks kiekvieno lankytojo ak\u012f.<\/p>\n<p>Pagaminta i\u0161 MDF plok\u0161t\u0117s, pranc\u016bzi\u0161ko dizaino \u201eLinea White D60P\u201c spintel\u0117 derina estetik\u0105 ir patvarum\u0105. Matin\u0117s baltos spalvos priekin\u0117 dalis puikiai dera prie kit\u0173 virtuv\u0117s element\u0173, nepriklausomai nuo apdailos stiliaus. Matinis pavir\u0161ius yra itin lengvai valomas, tod\u0117l tai prakti\u0161kas sprendimas kasdieniam naudojimui.<\/p>\n<p>\u201eLinea White D60P\u201c spintel\u0117 gali pasigirti ne tik forma, bet ir funkcionalumu. \u0160velniai u\u017esidarantys vyriai ir kreipian\u010diosios u\u017etikrina tyl\u0173 dureli\u0173 atidarym\u0105 ir u\u017edarym\u0105, u\u017etikrindamos i\u0161skirtin\u012f komfort\u0105. Reguliuojamos kojel\u0117s leid\u017eia puikiai reguliuoti auk\u0161t\u012f pagal individualius poreikius, u\u017etikrinant stabilum\u0105 ant bet kokio pavir\u0161iaus.<\/p>\n<p>\u201eLinea White D60P\u201c spintel\u0117s surinkimas yra itin paprastas ir nesud\u0117tingas d\u0117ka prid\u0117t\u0173 instrukcij\u0173. Kiekvienas \u017eingsnis yra ai\u0161kiai apra\u0161ytas, tod\u0117l net ir ma\u017eai patirties turintys asmenys gali lengvai atlikti montavim\u0105. D\u0117l tvirt\u0173 med\u017eiag\u0173 ir tikslaus gamybos proceso galite b\u016bti tikri, kad \u201eLinea White D60P\u201c virtuv\u0117s spintel\u0117 atitiks net reikliausi\u0173 vartotoj\u0173 l\u016bkes\u010dius.<\/p>\n<p>Investuokite \u012f \u201eLinea White D60P\u201c spintel\u0119, kad gal\u0117tum\u0117te m\u0117gautis elegancija ir funkcionalumu savo virtuv\u0117je. Jos modernus dizainas kartu su apgalvota konstrukcija pavers kiekvien\u0105 virtuv\u0117je praleist\u0105 akimirk\u0105 tikru malonumu.<\/p>","protected":false},"excerpt":{"rendered":"<p>Plotis (cm): 60<br \/>\n\u016agis (cm): 212<br \/>\nGylis (cm): 58<\/p>","protected":false},"featured_media":159772,"comment_status":"open","ping_status":"open","template":"","meta":[],"product_brand":[],"product_cat":[9446,4106],"product_tag":[],"class_list":{"0":"post-159771","1":"product","2":"type-product","3":"status-publish","4":"has-post-thumbnail","6":"product_cat-kitchen-system-linea-white","7":"product_cat-gala-meble","9":"first","10":"instock","11":"purchasable","12":"product-type-simple"},"_links":{"self":[{"href":"https:\/\/baldumarket.lt\/lt\/wp-json\/wp\/v2\/product\/159771","targetHints":{"allow":["GET"]}}],"collection":[{"href":"https:\/\/baldumarket.lt\/lt\/wp-json\/wp\/v2\/product"}],"about":[{"href":"https:\/\/baldumarket.lt\/lt\/wp-json\/wp\/v2\/types\/product"}],"replies":[{"embeddable":true,"href":"https:\/\/baldumarket.lt\/lt\/wp-json\/wp\/v2\/comments?post=159771"}],"wp:featuredmedia":[{"embeddable":true,"href":"https:\/\/baldumarket.lt\/lt\/wp-json\/wp\/v2\/media\/159772"}],"wp:attachment":[{"href":"https:\/\/baldumarket.lt\/lt\/wp-json\/wp\/v2\/media?parent=159771"}],"wp:term":[{"taxonomy":"product_brand","embeddable":true,"href":"https:\/\/baldumarket.lt\/lt\/wp-json\/wp\/v2\/product_brand?post=159771"},{"taxonomy":"product_cat","embeddable":true,"href":"https:\/\/baldumarket.lt\/lt\/wp-json\/wp\/v2\/product_cat?post=159771"},{"taxonomy":"product_tag","embeddable":true,"href":"https:\/\/baldumarket.lt\/lt\/wp-json\/wp\/v2\/product_tag?post=159771"}],"curies":[{"name":"wp","href":"https:\/\/api.w.org\/{rel}","templated":true}]}}