{"id":159766,"date":"2025-12-19T00:48:32","date_gmt":"2025-12-18T21:48:32","guid":{"rendered":"https:\/\/baldumarket.lt\/product\/szafka-kuchenna-dolna-2-drzwiowa-d60r-p-l-linea-grey-szary-mat\/"},"modified":"2026-02-18T11:35:06","modified_gmt":"2026-02-18T08:35:06","slug":"szafka-kuchenna-dolna-2-drzwiowa-d60r-p-l-linea-grey-szary-mat","status":"publish","type":"product","link":"https:\/\/baldumarket.lt\/lt\/product\/szafka-kuchenna-dolna-2-drzwiowa-d60r-p-l-linea-grey-szary-mat\/","title":{"rendered":"Apatin\u0117 2 dur\u0173 virtuv\u0117s spintel\u0117 D60R P\/L Linea pilka matin\u0117"},"content":{"rendered":"<p>Paverskite savo virtuv\u0119 eleganti\u0161ka erdve su garsaus \u201eGa\u0142a Meble\u201c prek\u0117s \u017eenklo dviej\u0173 dur\u0173 apatine virtuv\u0117s spintele \u201eD60R P\/L Linea Grey\u201c. Subtilus matinis pilkas priekis suteikia modernumo ir sukuria atpalaiduojan\u010di\u0105 atmosfer\u0105. Blizgi apdaila patraukia ak\u012f ir harmoningai papildo kitus j\u016bs\u0173 virtuv\u0117s dekoro elementus. Tai pasirinkimas eleganti\u0161ko minimalizmo ir \u0161iuolaikinio dizaino m\u0117g\u0117jams. Negalima nuvertinti \u0161io spintel\u0117s funkcionalumo. 60 cm plotis si\u016blo daugyb\u0119 vietos taupymo galimybi\u0173, u\u017etikrindamas pakankamai vietos kasdieniams virtuv\u0117s priedams laikyti. Savaime u\u017esidarantys vyriai yra labai svarbi savyb\u0117, u\u017etikrinanti skland\u0173 ir tyl\u0173 spintel\u0117s atidarym\u0105 \u2013 puikus sprendimas tiems, kurie vertina komfort\u0105 ir d\u0117mes\u012f detal\u0117ms kasdien naudojant. Reguliuojamos kojel\u0117s, kuri\u0173 ilgis nuo 10 cm iki 12,5 cm, leid\u017eia puikiai prisitaikyti prie nelygi\u0173 grind\u0173, tod\u0117l \u0161i spintel\u0117 yra dar prakti\u0161kesn\u0117. Auk\u0161tos kokyb\u0117s laminuota plok\u0161t\u0117, i\u0161 kurios pagaminta spintel\u0117, u\u017etikrina patvarum\u0105. Kontrastingas matinis baltas korpusas suteikia puik\u0173 fon\u0105 eleganti\u0161kam pilkam priekiui. \u0160is spalv\u0173 derinys sukuria \u0161varos ir erdv\u0117s poj\u016bt\u012f, kuris yra labai pageidaujamas moderniose virtuv\u0117se.<\/p>","protected":false},"excerpt":{"rendered":"<p>Plotis (cm): 60<br \/>\n\u016agis (cm): 212<br \/>\nGylis (cm): 58<\/p>","protected":false},"featured_media":159767,"comment_status":"open","ping_status":"open","template":"","meta":[],"product_brand":[],"product_cat":[9446,4106],"product_tag":[],"class_list":{"0":"post-159766","1":"product","2":"type-product","3":"status-publish","4":"has-post-thumbnail","6":"product_cat-kitchen-system-linea-white","7":"product_cat-gala-meble","9":"first","10":"instock","11":"purchasable","12":"product-type-simple"},"_links":{"self":[{"href":"https:\/\/baldumarket.lt\/lt\/wp-json\/wp\/v2\/product\/159766","targetHints":{"allow":["GET"]}}],"collection":[{"href":"https:\/\/baldumarket.lt\/lt\/wp-json\/wp\/v2\/product"}],"about":[{"href":"https:\/\/baldumarket.lt\/lt\/wp-json\/wp\/v2\/types\/product"}],"replies":[{"embeddable":true,"href":"https:\/\/baldumarket.lt\/lt\/wp-json\/wp\/v2\/comments?post=159766"}],"wp:featuredmedia":[{"embeddable":true,"href":"https:\/\/baldumarket.lt\/lt\/wp-json\/wp\/v2\/media\/159767"}],"wp:attachment":[{"href":"https:\/\/baldumarket.lt\/lt\/wp-json\/wp\/v2\/media?parent=159766"}],"wp:term":[{"taxonomy":"product_brand","embeddable":true,"href":"https:\/\/baldumarket.lt\/lt\/wp-json\/wp\/v2\/product_brand?post=159766"},{"taxonomy":"product_cat","embeddable":true,"href":"https:\/\/baldumarket.lt\/lt\/wp-json\/wp\/v2\/product_cat?post=159766"},{"taxonomy":"product_tag","embeddable":true,"href":"https:\/\/baldumarket.lt\/lt\/wp-json\/wp\/v2\/product_tag?post=159766"}],"curies":[{"name":"wp","href":"https:\/\/api.w.org\/{rel}","templated":true}]}}