{"id":159761,"date":"2025-12-19T00:48:22","date_gmt":"2025-12-18T21:48:22","guid":{"rendered":"https:\/\/baldumarket.lt\/product\/szafka-kuchenna-dolna-2-drzwiowa-d60r-p-l-linea-white-bialy-mat\/"},"modified":"2026-02-18T11:35:06","modified_gmt":"2026-02-18T08:35:06","slug":"szafka-kuchenna-dolna-2-drzwiowa-d60r-p-l-linea-white-bialy-mat","status":"publish","type":"product","link":"https:\/\/baldumarket.lt\/lt\/product\/szafka-kuchenna-dolna-2-drzwiowa-d60r-p-l-linea-white-bialy-mat\/","title":{"rendered":"Apatin\u0117 2 dur\u0173 virtuv\u0117s spintel\u0117 D60R-P\/L Linea balta matin\u0117 balta"},"content":{"rendered":"<p>Apatin\u0117 \u201eLinea White\u201c virtuv\u0117s spintel\u0117 \u2013 tai elegancijos ir modernaus dizaino esm\u0117, puikiai papildanti bet kuri\u0105 virtuv\u0119. Matin\u0117s baltos spalvos priekis suteikia \u0161iam baldui stiling\u0105 ir lengvai valom\u0105 i\u0161vaizd\u0105. Auksin\u0117s ranken\u0117l\u0117s suteikia prabangos \u012fsp\u016bd\u012f, kuris patrauks kiekvieno sve\u010dio ak\u012f. I\u0161skirtinis \u201eLinea White\u201c spintel\u0117s funkcionalumas leid\u017eia maksimaliai i\u0161naudoti virtuv\u0117s erdv\u0119. Gerai apgalvotas vidinis i\u0161d\u0117stymas leid\u017eia patogiai laikyti \u012fvairius virtuv\u0117s reikmenis \u2013 nuo puod\u0173 ir keptuvi\u0173 iki smulki\u0173 pried\u0173. Reguliuojamos kojel\u0117s leid\u017eia puikiai pritaikyti spintel\u0119 prie bet kokio grind\u0173 pavir\u0161iaus, u\u017etikrinant stabilum\u0105 ir komfort\u0105 kasdienio naudojimo metu. \u201eLinea White\u201c spintel\u0117je naudojamos med\u017eiagos buvo kruop\u0161\u010diai parinktos, siekiant u\u017etikrinti patvarum\u0105 ir ilgaam\u017ei\u0161kum\u0105. MDF priekin\u0117 dalis yra ne tik esteti\u0161kai patraukli, bet ir atspari pa\u017eeidimams, tod\u0117l spintel\u0117 daugel\u012f met\u0173 i\u0161laiko gra\u017ei\u0105 i\u0161vaizd\u0105. Laminuotos plok\u0161t\u0117s korpusas dar labiau padidina atsparum\u0105 dr\u0117gmei ir \u012fbr\u0117\u017eimams, o tai labai svarbu dinami\u0161koje virtuv\u0117s aplinkoje.<\/p>","protected":false},"excerpt":{"rendered":"<p>Plotis (cm): 60<br \/>\n\u016agis (cm): 212<br \/>\nGylis (cm): 58<\/p>","protected":false},"featured_media":159762,"comment_status":"open","ping_status":"open","template":"","meta":[],"product_brand":[],"product_cat":[9446,4106],"product_tag":[],"class_list":{"0":"post-159761","1":"product","2":"type-product","3":"status-publish","4":"has-post-thumbnail","6":"product_cat-kitchen-system-linea-white","7":"product_cat-gala-meble","9":"first","10":"instock","11":"purchasable","12":"product-type-simple"},"_links":{"self":[{"href":"https:\/\/baldumarket.lt\/lt\/wp-json\/wp\/v2\/product\/159761","targetHints":{"allow":["GET"]}}],"collection":[{"href":"https:\/\/baldumarket.lt\/lt\/wp-json\/wp\/v2\/product"}],"about":[{"href":"https:\/\/baldumarket.lt\/lt\/wp-json\/wp\/v2\/types\/product"}],"replies":[{"embeddable":true,"href":"https:\/\/baldumarket.lt\/lt\/wp-json\/wp\/v2\/comments?post=159761"}],"wp:featuredmedia":[{"embeddable":true,"href":"https:\/\/baldumarket.lt\/lt\/wp-json\/wp\/v2\/media\/159762"}],"wp:attachment":[{"href":"https:\/\/baldumarket.lt\/lt\/wp-json\/wp\/v2\/media?parent=159761"}],"wp:term":[{"taxonomy":"product_brand","embeddable":true,"href":"https:\/\/baldumarket.lt\/lt\/wp-json\/wp\/v2\/product_brand?post=159761"},{"taxonomy":"product_cat","embeddable":true,"href":"https:\/\/baldumarket.lt\/lt\/wp-json\/wp\/v2\/product_cat?post=159761"},{"taxonomy":"product_tag","embeddable":true,"href":"https:\/\/baldumarket.lt\/lt\/wp-json\/wp\/v2\/product_tag?post=159761"}],"curies":[{"name":"wp","href":"https:\/\/api.w.org\/{rel}","templated":true}]}}