{"id":159756,"date":"2025-12-19T00:48:13","date_gmt":"2025-12-18T21:48:13","guid":{"rendered":"https:\/\/baldumarket.lt\/product\/szafka-kuchenna-dolna-2-drzwiowa-d60z-linea-white-bialy-mat\/"},"modified":"2026-02-18T11:35:06","modified_gmt":"2026-02-18T08:35:06","slug":"szafka-kuchenna-dolna-2-drzwiowa-d60z-linea-white-bialy-mat","status":"publish","type":"product","link":"https:\/\/baldumarket.lt\/lt\/product\/szafka-kuchenna-dolna-2-drzwiowa-d60z-linea-white-bialy-mat\/","title":{"rendered":"Apatin\u0117 2 dur\u0173 virtuv\u0117s spintel\u0117 D60Z Linea balta matin\u0117 balta"},"content":{"rendered":"<p>\u0160i unikali dviej\u0173 dur\u0173 apatin\u0117 virtuv\u0117s spintel\u0117 i\u0161 \u201eLinea White\u201c kolekcijos puikiai papildys bet kuri\u0105 moderni\u0105 virtuv\u0119. Eleganti\u0161ka matin\u0117 balta spalva suteikia interjerui gaivumo ir lengvumo, kartu suteikdama minimalistin\u012f charakter\u012f. \u0160i spintel\u0117 puikiai der\u0117s prie \u012fvairi\u0173 interjer\u0173 \u2013 tiek klasikini\u0173, tiek avangardini\u0173. Tvirta MDF ir laminuotos plok\u0161t\u0117s konstrukcija garantuoja patvarum\u0105 ir atsparum\u0105 kasdieniam naudojimui. Aukso spalvos metalin\u0117s rankenos suteikia elegancijos ir rafinuotumo, u\u017etikrinant, kad kiekviena detal\u0117 b\u016bt\u0173 kruop\u0161\u010diai apgalvota. Reguliuojamos kojel\u0117s leid\u017eia spintelei prisitaikyti prie nelygi\u0173 grind\u0173, u\u017etikrinant stabilum\u0105 ir esteti\u0161k\u0105 i\u0161vaizd\u0105. Ne tik gra\u017ei, bet ir funkcionali \u2013 \u0161velniai u\u017esidarantys vyriai u\u017etikrina komfort\u0105 ir pa\u0161alina nemalon\u0173 triuk\u0161m\u0105 u\u017edarant dureles. Optimal\u016bs matmenys \u2013 60 cm plo\u010dio, 47 cm gylio ir 82 cm auk\u0161\u010dio \u2013 u\u017etikrina, kad spintel\u0117je tilps visi b\u016btini virtuv\u0117s reikmenys neu\u017eimant per daug vietos.<\/p>","protected":false},"excerpt":{"rendered":"<p>Plotis (cm): 60<br \/>\n\u016agis (cm): 82<br \/>\nGylis (cm): 47<\/p>","protected":false},"featured_media":159757,"comment_status":"open","ping_status":"open","template":"","meta":[],"product_brand":[],"product_cat":[9446,4106],"product_tag":[],"class_list":{"0":"post-159756","1":"product","2":"type-product","3":"status-publish","4":"has-post-thumbnail","6":"product_cat-kitchen-system-linea-white","7":"product_cat-gala-meble","9":"first","10":"instock","11":"purchasable","12":"product-type-simple"},"_links":{"self":[{"href":"https:\/\/baldumarket.lt\/lt\/wp-json\/wp\/v2\/product\/159756","targetHints":{"allow":["GET"]}}],"collection":[{"href":"https:\/\/baldumarket.lt\/lt\/wp-json\/wp\/v2\/product"}],"about":[{"href":"https:\/\/baldumarket.lt\/lt\/wp-json\/wp\/v2\/types\/product"}],"replies":[{"embeddable":true,"href":"https:\/\/baldumarket.lt\/lt\/wp-json\/wp\/v2\/comments?post=159756"}],"wp:featuredmedia":[{"embeddable":true,"href":"https:\/\/baldumarket.lt\/lt\/wp-json\/wp\/v2\/media\/159757"}],"wp:attachment":[{"href":"https:\/\/baldumarket.lt\/lt\/wp-json\/wp\/v2\/media?parent=159756"}],"wp:term":[{"taxonomy":"product_brand","embeddable":true,"href":"https:\/\/baldumarket.lt\/lt\/wp-json\/wp\/v2\/product_brand?post=159756"},{"taxonomy":"product_cat","embeddable":true,"href":"https:\/\/baldumarket.lt\/lt\/wp-json\/wp\/v2\/product_cat?post=159756"},{"taxonomy":"product_tag","embeddable":true,"href":"https:\/\/baldumarket.lt\/lt\/wp-json\/wp\/v2\/product_tag?post=159756"}],"curies":[{"name":"wp","href":"https:\/\/api.w.org\/{rel}","templated":true}]}}