{"id":159751,"date":"2025-12-19T00:48:03","date_gmt":"2025-12-18T21:48:03","guid":{"rendered":"https:\/\/baldumarket.lt\/product\/szafka-kuchenna-dolna-2-drzwiowa-d60z-p-l-linea-white-bialy-mat\/"},"modified":"2026-02-18T11:35:06","modified_gmt":"2026-02-18T08:35:06","slug":"szafka-kuchenna-dolna-2-drzwiowa-d60z-p-l-linea-white-bialy-mat","status":"publish","type":"product","link":"https:\/\/baldumarket.lt\/lt\/product\/szafka-kuchenna-dolna-2-drzwiowa-d60z-p-l-linea-white-bialy-mat\/","title":{"rendered":"Apatin\u0117 2 dur\u0173 virtuv\u0117s spintel\u0117 D60Z-P\/L Linea balta matin\u0117 balta"},"content":{"rendered":"<p>Suteikite savo virtuvei elegancijos ir modernumo su \u201eLinea White\u201c apatine spintele. Matin\u0117s baltos spalvos korpusas ir priekin\u0117 dalis yra ne tik esteti\u0161kai patrauklus, bet ir funkcionalus bet kokio dizaino elementas. Nesvarbu, ar kuriate minimalistin\u0119, ar klasikin\u0119 virtuv\u0119, \u201eLinea White\u201c puikiai der\u0117s prie j\u016bs\u0173 interjero, suteikdama lengvumo ir Vidur\u017eemio j\u016bros regiono \u017eavesio. \u0160i apatin\u0117 spintel\u0117 turi dviej\u0173 dureli\u0173 priekin\u0119 dal\u012f, kuri u\u017etikrina lengv\u0105 prieig\u0105 ir padeda visk\u0105 sutvarkyti. Matin\u0117 MDF apdaila garantuoja patvarum\u0105 ir lengv\u0105 prie\u017ei\u016br\u0105, o tai ne\u012fkainojama kasdien naudojant. Be to, eleganti\u0161kos auksin\u0117s rankenos suteikia jai prabangos, kuri tikrai patrauks kiekvieno sve\u010dio ak\u012f. \u0160ios spintel\u0117s funkcionalum\u0105 padidina reguliuojamos kojel\u0117s, leid\u017eian\u010dios reguliuoti jos auk\u0161t\u012f pagal individualius poreikius ir grind\u0173 nelygumus. \u0160velniai u\u017esidarantys vyriai u\u017etikrina patog\u0173 naudojim\u0105, pa\u0161alina triuk\u0161m\u0105 ir apsaugo spintel\u0119 nuo pa\u017eeidim\u0173. Tai puikus sprendimas tiems, kurie vertina patogum\u0105 ir ilgaam\u017ei\u0161kum\u0105 kasdien naudojantis virtuve.<\/p>","protected":false},"excerpt":{"rendered":"<p>Plotis (cm): 60<br \/>\n\u016agis (cm): 82<br \/>\nGylis (cm): 47<\/p>","protected":false},"featured_media":159752,"comment_status":"open","ping_status":"open","template":"","meta":[],"product_brand":[],"product_cat":[9446,4106],"product_tag":[],"class_list":{"0":"post-159751","1":"product","2":"type-product","3":"status-publish","4":"has-post-thumbnail","6":"product_cat-kitchen-system-linea-white","7":"product_cat-gala-meble","9":"first","10":"instock","11":"purchasable","12":"product-type-simple"},"_links":{"self":[{"href":"https:\/\/baldumarket.lt\/lt\/wp-json\/wp\/v2\/product\/159751","targetHints":{"allow":["GET"]}}],"collection":[{"href":"https:\/\/baldumarket.lt\/lt\/wp-json\/wp\/v2\/product"}],"about":[{"href":"https:\/\/baldumarket.lt\/lt\/wp-json\/wp\/v2\/types\/product"}],"replies":[{"embeddable":true,"href":"https:\/\/baldumarket.lt\/lt\/wp-json\/wp\/v2\/comments?post=159751"}],"wp:featuredmedia":[{"embeddable":true,"href":"https:\/\/baldumarket.lt\/lt\/wp-json\/wp\/v2\/media\/159752"}],"wp:attachment":[{"href":"https:\/\/baldumarket.lt\/lt\/wp-json\/wp\/v2\/media?parent=159751"}],"wp:term":[{"taxonomy":"product_brand","embeddable":true,"href":"https:\/\/baldumarket.lt\/lt\/wp-json\/wp\/v2\/product_brand?post=159751"},{"taxonomy":"product_cat","embeddable":true,"href":"https:\/\/baldumarket.lt\/lt\/wp-json\/wp\/v2\/product_cat?post=159751"},{"taxonomy":"product_tag","embeddable":true,"href":"https:\/\/baldumarket.lt\/lt\/wp-json\/wp\/v2\/product_tag?post=159751"}],"curies":[{"name":"wp","href":"https:\/\/api.w.org\/{rel}","templated":true}]}}