{"id":159746,"date":"2025-12-19T00:47:53","date_gmt":"2025-12-18T21:47:53","guid":{"rendered":"https:\/\/baldumarket.lt\/product\/szafka-kuchenna-dolna-2-drzwiowa-d60zl-p-l-linea-white-bialy-mat\/"},"modified":"2026-02-18T11:35:06","modified_gmt":"2026-02-18T08:35:06","slug":"szafka-kuchenna-dolna-2-drzwiowa-d60zl-p-l-linea-white-bialy-mat","status":"publish","type":"product","link":"https:\/\/baldumarket.lt\/lt\/product\/szafka-kuchenna-dolna-2-drzwiowa-d60zl-p-l-linea-white-bialy-mat\/","title":{"rendered":"Apatin\u0117 2 dur\u0173 virtuv\u0117s spintel\u0117 D60ZL P\/L Linea balta matin\u0117 balta"},"content":{"rendered":"<p>Atraskite elegancij\u0105 ir funkcionalum\u0105 savo virtuv\u0117je su \u201eLinea White D60ZL\u201c 2 dur\u0173 apatine virtuv\u0117s spintele i\u0161 \u201eGa\u0142a Meble\u201c. \u0160i stilinga spintel\u0117 su matine balta apdaila puikiai papildys modern\u0173, minimalistin\u012f interjer\u0105, suteikdama lengvumo ir gaivumo. Estetinis patrauklumas suteikia virtuvei unikalaus \u017eavesio. I\u0161skirtin\u0117s auksin\u0117s ranken\u0117l\u0117s yra ak\u012f traukianti detal\u0117, suteikianti interjerui elegancijos. Kiekvienas \u0161ios spintel\u0117s elementas buvo kruop\u0161\u010diai sukurtas taip, kad ne tik gerai atrodyt\u0173, bet ir tarnaut\u0173 ilgus metus. Auk\u0161tos kokyb\u0117s MDF ir laminuota plok\u0161t\u0117 u\u017etikrina patvarum\u0105 ir atsparum\u0105 pa\u017eeidimams, o tai ypa\u010d svarbu tokiose darbo vietose kaip virtuv\u0117. \u0160ios spintel\u0117s funkcionalumas taip pat nusipelno ypatingo pamin\u0117jimo. Tyl\u016bs vyriai su \u0161velnaus u\u017edarymo sistema leid\u017eia kasdien\u012f naudojim\u0105 padaryti labai patog\u0173, nes neleid\u017eia garsiai trankyti dureli\u0173. Be to, reguliuojamos kojel\u0117s leid\u017eia puikiai reguliuoti spintel\u0117s auk\u0161t\u012f pagal savo poreikius, u\u017etikrinant stabilum\u0105 ir naudojimo komfort\u0105.<\/p>","protected":false},"excerpt":{"rendered":"<p>Plotis (cm): 60<br \/>\n\u016agis (cm): 212<br \/>\nGylis (cm): 58<\/p>","protected":false},"featured_media":159747,"comment_status":"open","ping_status":"open","template":"","meta":[],"product_brand":[],"product_cat":[9446,4106],"product_tag":[],"class_list":{"0":"post-159746","1":"product","2":"type-product","3":"status-publish","4":"has-post-thumbnail","6":"product_cat-kitchen-system-linea-white","7":"product_cat-gala-meble","9":"first","10":"instock","11":"purchasable","12":"product-type-simple"},"_links":{"self":[{"href":"https:\/\/baldumarket.lt\/lt\/wp-json\/wp\/v2\/product\/159746","targetHints":{"allow":["GET"]}}],"collection":[{"href":"https:\/\/baldumarket.lt\/lt\/wp-json\/wp\/v2\/product"}],"about":[{"href":"https:\/\/baldumarket.lt\/lt\/wp-json\/wp\/v2\/types\/product"}],"replies":[{"embeddable":true,"href":"https:\/\/baldumarket.lt\/lt\/wp-json\/wp\/v2\/comments?post=159746"}],"wp:featuredmedia":[{"embeddable":true,"href":"https:\/\/baldumarket.lt\/lt\/wp-json\/wp\/v2\/media\/159747"}],"wp:attachment":[{"href":"https:\/\/baldumarket.lt\/lt\/wp-json\/wp\/v2\/media?parent=159746"}],"wp:term":[{"taxonomy":"product_brand","embeddable":true,"href":"https:\/\/baldumarket.lt\/lt\/wp-json\/wp\/v2\/product_brand?post=159746"},{"taxonomy":"product_cat","embeddable":true,"href":"https:\/\/baldumarket.lt\/lt\/wp-json\/wp\/v2\/product_cat?post=159746"},{"taxonomy":"product_tag","embeddable":true,"href":"https:\/\/baldumarket.lt\/lt\/wp-json\/wp\/v2\/product_tag?post=159746"}],"curies":[{"name":"wp","href":"https:\/\/api.w.org\/{rel}","templated":true}]}}