{"id":159741,"date":"2025-12-19T00:47:44","date_gmt":"2025-12-18T21:47:44","guid":{"rendered":"https:\/\/baldumarket.lt\/product\/szafka-kuchenna-dolna-2-drzwiowa-d80-aspen-grey-szary-polysk\/"},"modified":"2026-02-06T19:54:30","modified_gmt":"2026-02-06T16:54:30","slug":"szafka-kuchenna-dolna-2-drzwiowa-d80-aspen-grey-szary-polysk","status":"publish","type":"product","link":"https:\/\/baldumarket.lt\/lt\/product\/szafka-kuchenna-dolna-2-drzwiowa-d80-aspen-grey-szary-polysk\/","title":{"rendered":"Apatin\u0117 2 dur\u0173 virtuv\u0117s spintel\u0117 D80, drebul\u0117s pilka, blizgi"},"content":{"rendered":"<p>Atraskite nauj\u0105 funkcionalumo dimensij\u0105 savo virtuv\u0117je su blizgia \u201eAspen Grey\u201c apatine spintele. \u0160is harmoningas baldas suteiks j\u016bs\u0173 interjerui elegancijos, derindamas modernum\u0105 su subtiliu blizgesiu. Pilki fasadai traukia ak\u012f ir sukuria stilingo \u017eavesio atmosfer\u0105, paversdami j\u016bs\u0173 virtuv\u0119 vieta, kurioje nor\u0117site praleisti daugiau laiko. \u0160i spintel\u0117 yra ne tik esteti\u0161kai patraukli, bet ir prakti\u0161ka kasdieniam naudojimui. Reguliuojamos kojel\u0117s leid\u017eia pritaikyti spintel\u0119 prie nelygi\u0173 grind\u0173, u\u017etikrinant stabilum\u0105 ir lengv\u0105 surinkim\u0105. Galimyb\u0117 patiems surinkti spintel\u0119 suteikia jums laisv\u0119 ir malonum\u0105 suasmeninti savo virtuv\u0117s erdv\u0119. I\u0161naudokite kiekvien\u0105 savo virtuv\u0117s interjero centimetr\u0105, kad pasiektum\u0117te maksimal\u0173 funkcionalum\u0105. Pagaminta i\u0161 auk\u0161tos kokyb\u0117s med\u017eiag\u0173, toki\u0173 kaip MDF fasadai ir laminuota plok\u0161t\u0117 korpusui, \u0161i spintel\u0117 sujungia patvarum\u0105 ir i\u0161skirtin\u012f dizain\u0105. I\u0161skirtinis pilko fasado ir matin\u0117s baltos spalvos korpuso derinys sukuria darni\u0105, moderni\u0105 i\u0161vaizd\u0105, kuri sukuria tvarkos ir tvarkingumo poj\u016bt\u012f. Tai leid\u017eia spintelei der\u0117ti prie bet kokio interjero, suteikiant rafinuotumo.<\/p>","protected":false},"excerpt":{"rendered":"<p>Plotis (cm): 80<br \/>\n\u016agis (cm): 82<br \/>\nGylis (cm): 47<\/p>","protected":false},"featured_media":159742,"comment_status":"open","ping_status":"open","template":"","meta":[],"product_brand":[],"product_cat":[9451,4106,9118],"product_tag":[],"class_list":{"0":"post-159741","1":"product","2":"type-product","3":"status-publish","4":"has-post-thumbnail","6":"product_cat-kitchen-system-aspen-grey","7":"product_cat-gala-meble","8":"product_cat-kitchen-cabinets","10":"first","11":"instock","12":"purchasable","13":"product-type-simple"},"_links":{"self":[{"href":"https:\/\/baldumarket.lt\/lt\/wp-json\/wp\/v2\/product\/159741","targetHints":{"allow":["GET"]}}],"collection":[{"href":"https:\/\/baldumarket.lt\/lt\/wp-json\/wp\/v2\/product"}],"about":[{"href":"https:\/\/baldumarket.lt\/lt\/wp-json\/wp\/v2\/types\/product"}],"replies":[{"embeddable":true,"href":"https:\/\/baldumarket.lt\/lt\/wp-json\/wp\/v2\/comments?post=159741"}],"wp:featuredmedia":[{"embeddable":true,"href":"https:\/\/baldumarket.lt\/lt\/wp-json\/wp\/v2\/media\/159742"}],"wp:attachment":[{"href":"https:\/\/baldumarket.lt\/lt\/wp-json\/wp\/v2\/media?parent=159741"}],"wp:term":[{"taxonomy":"product_brand","embeddable":true,"href":"https:\/\/baldumarket.lt\/lt\/wp-json\/wp\/v2\/product_brand?post=159741"},{"taxonomy":"product_cat","embeddable":true,"href":"https:\/\/baldumarket.lt\/lt\/wp-json\/wp\/v2\/product_cat?post=159741"},{"taxonomy":"product_tag","embeddable":true,"href":"https:\/\/baldumarket.lt\/lt\/wp-json\/wp\/v2\/product_tag?post=159741"}],"curies":[{"name":"wp","href":"https:\/\/api.w.org\/{rel}","templated":true}]}}