{"id":159737,"date":"2025-12-19T00:47:36","date_gmt":"2025-12-18T21:47:36","guid":{"rendered":"https:\/\/baldumarket.lt\/product\/szafka-kuchenna-dolna-2-drzwiowa-d80-aspen-white-bialy-polysk\/"},"modified":"2026-02-18T11:30:50","modified_gmt":"2026-02-18T08:30:50","slug":"szafka-kuchenna-dolna-2-drzwiowa-d80-aspen-white-bialy-polysk","status":"publish","type":"product","link":"https:\/\/baldumarket.lt\/lt\/product\/szafka-kuchenna-dolna-2-drzwiowa-d80-aspen-white-bialy-polysk\/","title":{"rendered":"Apatin\u0117 2 dur\u0173 virtuv\u0117s spintel\u0117 D80 Aspen White Gloss"},"content":{"rendered":"<p>\u201eAspen White\u201c apatin\u0117 spintel\u0117 \u2013 eleganti\u0161kas sprendimas tiems, kurie nori savo virtuvei suteikti modernaus \u017eavesio. Blizgantys balti fasadai kartu su matiniu korpuso pavir\u0161iumi sukuria \u0161iuolaiki\u0161k\u0105 harmonij\u0105, kuri atgaivina bet kuri\u0105 virtuv\u0117s erdv\u0119. Jos sant\u016bri spalv\u0173 gama puikiai dera su \u012fvairiais interjero stiliais \u2013 nuo skandinavi\u0161ko minimalizmo iki tradicin\u0117s elegancijos.<\/p>\n<p>\u0160i spintel\u0117 i\u0161siskiria ne tik estetika, bet ir funkcionalumu, kuris puikiai dera prie kasdienio gyvenimo ritmo. Reguliuojamos kojel\u0117s leid\u017eia lengvai pritaikyti jos auk\u0161t\u012f pagal poreikius, u\u017etikrinant stabilum\u0105 ir patogum\u0105 naudojant, nepaisant grind\u0173 nelygum\u0173. Spintel\u0117s viduje yra erdv\u0117s, kuri palengvina prietais\u0173 ir reikmen\u0173 organizavim\u0105, o tai ne\u012fkainojama spar\u010diai besikei\u010dian\u010dioje virtuv\u0117je.<\/p>\n<p>Vienas pagrindini\u0173 \u201eAspen White\u201c apatin\u0117s spintel\u0117s privalum\u0173 \u2013 i\u0161skirtinis naudojimo patogumas, pasiekiamas d\u0117l savaime u\u017esiver\u017eian\u010di\u0173 vyri\u0173. D\u0117l tylaus ir sklandaus j\u0173 veikimo spintel\u0117s atidarymas ir u\u017edarymas kaskart yra malonus, o tai liudija apie auk\u0161t\u0105 gamybos lyg\u012f. Be to, modernios med\u017eiagos, tokios kaip MDF ir laminuota plok\u0161t\u0117, garantuoja ilgaam\u017ei\u0161kum\u0105 ir atsparum\u0105 kasdieniams virtuv\u0117s i\u0161\u0161\u016bkiams.<\/p>\n<p>Surinkimas patiems ne tik suteikia pasitenkinimo jausm\u0105, bet ir leid\u017eia pritaikyti spintel\u0119 pagal individualius poreikius ir pageidavimus. Procesas yra skaidrus ir intuityvus, o tai rei\u0161kia, kad norint m\u0117gautis nauju pirkiniu, nereikia gai\u0161ti valand\u0173 valandas vargti. \u201eAspen White\u201c apatin\u0117 spintel\u0117 yra investicija, kurioje dera gro\u017eis, funkcionalumas ir patvarumas \u2013 b\u016btinas bet kurios modernios virtuv\u0117s atributas.<\/p>","protected":false},"excerpt":{"rendered":"<p>Plotis (cm): 80<br \/>\n\u016agis (cm): 82<br \/>\nGylis (cm): 47<\/p>","protected":false},"featured_media":159738,"comment_status":"open","ping_status":"open","template":"","meta":[],"product_brand":[],"product_cat":[9445,4106],"product_tag":[],"class_list":{"0":"post-159737","1":"product","2":"type-product","3":"status-publish","4":"has-post-thumbnail","6":"product_cat-kitchen-system-aspen-white","7":"product_cat-gala-meble","9":"first","10":"instock","11":"purchasable","12":"product-type-simple"},"_links":{"self":[{"href":"https:\/\/baldumarket.lt\/lt\/wp-json\/wp\/v2\/product\/159737","targetHints":{"allow":["GET"]}}],"collection":[{"href":"https:\/\/baldumarket.lt\/lt\/wp-json\/wp\/v2\/product"}],"about":[{"href":"https:\/\/baldumarket.lt\/lt\/wp-json\/wp\/v2\/types\/product"}],"replies":[{"embeddable":true,"href":"https:\/\/baldumarket.lt\/lt\/wp-json\/wp\/v2\/comments?post=159737"}],"wp:featuredmedia":[{"embeddable":true,"href":"https:\/\/baldumarket.lt\/lt\/wp-json\/wp\/v2\/media\/159738"}],"wp:attachment":[{"href":"https:\/\/baldumarket.lt\/lt\/wp-json\/wp\/v2\/media?parent=159737"}],"wp:term":[{"taxonomy":"product_brand","embeddable":true,"href":"https:\/\/baldumarket.lt\/lt\/wp-json\/wp\/v2\/product_brand?post=159737"},{"taxonomy":"product_cat","embeddable":true,"href":"https:\/\/baldumarket.lt\/lt\/wp-json\/wp\/v2\/product_cat?post=159737"},{"taxonomy":"product_tag","embeddable":true,"href":"https:\/\/baldumarket.lt\/lt\/wp-json\/wp\/v2\/product_tag?post=159737"}],"curies":[{"name":"wp","href":"https:\/\/api.w.org\/{rel}","templated":true}]}}