{"id":159733,"date":"2025-12-19T00:47:28","date_gmt":"2025-12-18T21:47:28","guid":{"rendered":"https:\/\/baldumarket.lt\/product\/szafka-kuchenna-dolna-2-drzwiowa-d80-langen-artisan\/"},"modified":"2026-02-18T11:27:03","modified_gmt":"2026-02-18T08:27:03","slug":"szafka-kuchenna-dolna-2-drzwiowa-d80-langen-artisan","status":"publish","type":"product","link":"https:\/\/baldumarket.lt\/lt\/product\/szafka-kuchenna-dolna-2-drzwiowa-d80-langen-artisan\/","title":{"rendered":"Apatin\u0117 2 dur\u0173 virtuv\u0117s spintel\u0117 D80 Langen Artisan"},"content":{"rendered":"<p>Atraskite elegancij\u0105 ir funkcionalum\u0105 su \u201eLangen Artisan D80\u201c dviej\u0173 dur\u0173 apatine virtuv\u0117s spintele. Stilingas jos dizainas i\u0161 \u201eArtisan Oak\u201c suteiks j\u016bs\u0173 virtuvei unikalaus charakterio. Gra\u017eiai \u017evilgantis medienos atspalvis suteiks \u0161ilumos ir jaukumo bet kokiam interjerui, sukurdamas harmoning\u0105 kompozicij\u0105 su kitais baldais.<\/p>\n<p>\u0160i spintel\u0117 pasi\u017eymi ne tik estetika, bet ir tikru komfortu. Jos prakti\u0161kumas atsiskleid\u017eia gerai apgalvotame dizaine, kuris suteikia daug vietos svarbiausiems virtuv\u0117s priedams laikyti. Auk\u0161tos kokyb\u0117s laminuotos plok\u0161t\u0117s konstrukcija garantuoja patvarum\u0105 kasdieniam naudojimui, tod\u0117l tai idealus pasirinkimas bet kuriai \u0161eimai.<\/p>\n<p>Reguliuojamos kojel\u0117s suteikia visi\u0161k\u0105 laisv\u0119 reguliuoti spintel\u0117s auk\u0161t\u012f pagal individualius poreikius, tod\u0117l surinkimas tampa itin paprastas. Modernios juodos metalin\u0117s rankenos dar labiau patraukia d\u0117mes\u012f, suteikdamos spintelei minimalistinio, ta\u010diau i\u0161skirtinio charakterio. Taip pat galite pasirinkti atidarymo spustel\u0117jus sistem\u0105, kuri panaikina ranken\u0173 poreik\u012f.<\/p>\n<p>D\u0117l i\u0161manaus savaranki\u0161ko surinkimo spintel\u0119 surinkti labai paprasta ir nereikia joki\u0173 speciali\u0173 \u012fg\u016bd\u017ei\u0173. \u0160i spintel\u0117 suteiks j\u016bs\u0173 virtuvei nauj\u0105 funkcionalumo ir stiliaus dimensij\u0105, patrauks d\u0117mes\u012f ir \u012fkv\u0117ps d\u0117mesio. Nelaukite! Tegul j\u016bs\u0173 virtuv\u0117 su\u017eiba su \u0161ia unikalia \u201eGa\u0142a Meble\u201c spintele.<\/p>","protected":false},"excerpt":{"rendered":"<p>Plotis (cm): 80<br \/>\n\u016agis (cm): 82<br \/>\nGylis (cm): 47<\/p>","protected":false},"featured_media":159734,"comment_status":"open","ping_status":"open","template":"","meta":[],"product_brand":[],"product_cat":[9442,4106],"product_tag":[],"class_list":{"0":"post-159733","1":"product","2":"type-product","3":"status-publish","4":"has-post-thumbnail","6":"product_cat-kitchen-system-langen-dab-artisan","7":"product_cat-gala-meble","9":"first","10":"instock","11":"purchasable","12":"product-type-simple"},"_links":{"self":[{"href":"https:\/\/baldumarket.lt\/lt\/wp-json\/wp\/v2\/product\/159733","targetHints":{"allow":["GET"]}}],"collection":[{"href":"https:\/\/baldumarket.lt\/lt\/wp-json\/wp\/v2\/product"}],"about":[{"href":"https:\/\/baldumarket.lt\/lt\/wp-json\/wp\/v2\/types\/product"}],"replies":[{"embeddable":true,"href":"https:\/\/baldumarket.lt\/lt\/wp-json\/wp\/v2\/comments?post=159733"}],"wp:featuredmedia":[{"embeddable":true,"href":"https:\/\/baldumarket.lt\/lt\/wp-json\/wp\/v2\/media\/159734"}],"wp:attachment":[{"href":"https:\/\/baldumarket.lt\/lt\/wp-json\/wp\/v2\/media?parent=159733"}],"wp:term":[{"taxonomy":"product_brand","embeddable":true,"href":"https:\/\/baldumarket.lt\/lt\/wp-json\/wp\/v2\/product_brand?post=159733"},{"taxonomy":"product_cat","embeddable":true,"href":"https:\/\/baldumarket.lt\/lt\/wp-json\/wp\/v2\/product_cat?post=159733"},{"taxonomy":"product_tag","embeddable":true,"href":"https:\/\/baldumarket.lt\/lt\/wp-json\/wp\/v2\/product_tag?post=159733"}],"curies":[{"name":"wp","href":"https:\/\/api.w.org\/{rel}","templated":true}]}}