{"id":159728,"date":"2025-12-19T00:47:18","date_gmt":"2025-12-18T21:47:18","guid":{"rendered":"https:\/\/baldumarket.lt\/product\/szafka-kuchenna-dolna-2-drzwiowa-d80-langen-beige\/"},"modified":"2026-02-18T11:26:47","modified_gmt":"2026-02-18T08:26:47","slug":"szafka-kuchenna-dolna-2-drzwiowa-d80-langen-beige","status":"publish","type":"product","link":"https:\/\/baldumarket.lt\/lt\/product\/szafka-kuchenna-dolna-2-drzwiowa-d80-langen-beige\/","title":{"rendered":"Apatin\u0117 2 dur\u0173 virtuv\u0117s spintel\u0117 D80 Langen Beige"},"content":{"rendered":"<p>Atraskite i\u0161skirtin\u0119 D80 Langen apatin\u0119 spintel\u0119 eleganti\u0161ko sm\u0117lio atspalvio, kuri taps dekoratyviniu akcentu j\u016bs\u0173 virtuv\u0117je. \u201eGa\u0142a Meble\u201c dizainas derina elegancij\u0105 ir funkcionalum\u0105, sukurdamas erdv\u0119, kurioje maisto gaminimas tampa kasdieniu malonumu. Subtilus, matinis priekin\u0117s dalies pavir\u0161ius kartu su i\u0161skirtiniais \u201eArtisan Oak\u201c \u0105\u017euolo tonais sukuria ry\u0161k\u0173 derin\u012f, kuris harmoningai papildo modern\u0173 virtuv\u0117s interjer\u0105. D80 Langen spintel\u0117, u\u017etikrinanti ne tik estetik\u0105, bet ir komfort\u0105, puikiai sutvarko erdv\u0119, palengvindama prieig\u0105 prie virtuv\u0117s pried\u0173. D\u0117l apgalvoto dizaino j\u016bs\u0173 virtuv\u0117s reikmenys ras savo viet\u0105, o kasdienis maisto gaminimas taps organizuotesnis ir efektyvesnis. \u0160i spintel\u0117 yra puikus sprendimas, palaikantis k\u016brybin\u0119 virtuv\u0117s, kaip nam\u0173 \u0161irdies, atmosfer\u0105. Juodos metalin\u0117s ranken\u0117l\u0117s suteikia spintelei eleganti\u0161k\u0105 akcent\u0105, pabr\u0117\u017eiant jos unikal\u0173 charakter\u012f. \u0160i ma\u017ea, bet svarbi detal\u0117 pagerina vizualin\u012f poj\u016bt\u012f ir leid\u017eia lengvai ja naudotis. Pagaminta i\u0161 auk\u0161tos kokyb\u0117s med\u017eiag\u0173, ji u\u017etikrina ilgaam\u017ei\u0161kum\u0105 ir atsparum\u0105 intensyviam naudojimui, tod\u0117l spintel\u0117 daugel\u012f met\u0173 i\u0161laikys savo estetin\u0119 vert\u0119.<\/p>","protected":false},"excerpt":{"rendered":"<p>Plotis (cm): 80<br \/>\n\u016agis (cm): 82<br \/>\nGylis (cm): 47<\/p>","protected":false},"featured_media":159729,"comment_status":"open","ping_status":"open","template":"","meta":[],"product_brand":[],"product_cat":[9442,4106],"product_tag":[],"class_list":{"0":"post-159728","1":"product","2":"type-product","3":"status-publish","4":"has-post-thumbnail","6":"product_cat-kitchen-system-langen-dab-artisan","7":"product_cat-gala-meble","9":"first","10":"instock","11":"purchasable","12":"product-type-simple"},"_links":{"self":[{"href":"https:\/\/baldumarket.lt\/lt\/wp-json\/wp\/v2\/product\/159728","targetHints":{"allow":["GET"]}}],"collection":[{"href":"https:\/\/baldumarket.lt\/lt\/wp-json\/wp\/v2\/product"}],"about":[{"href":"https:\/\/baldumarket.lt\/lt\/wp-json\/wp\/v2\/types\/product"}],"replies":[{"embeddable":true,"href":"https:\/\/baldumarket.lt\/lt\/wp-json\/wp\/v2\/comments?post=159728"}],"wp:featuredmedia":[{"embeddable":true,"href":"https:\/\/baldumarket.lt\/lt\/wp-json\/wp\/v2\/media\/159729"}],"wp:attachment":[{"href":"https:\/\/baldumarket.lt\/lt\/wp-json\/wp\/v2\/media?parent=159728"}],"wp:term":[{"taxonomy":"product_brand","embeddable":true,"href":"https:\/\/baldumarket.lt\/lt\/wp-json\/wp\/v2\/product_brand?post=159728"},{"taxonomy":"product_cat","embeddable":true,"href":"https:\/\/baldumarket.lt\/lt\/wp-json\/wp\/v2\/product_cat?post=159728"},{"taxonomy":"product_tag","embeddable":true,"href":"https:\/\/baldumarket.lt\/lt\/wp-json\/wp\/v2\/product_tag?post=159728"}],"curies":[{"name":"wp","href":"https:\/\/api.w.org\/{rel}","templated":true}]}}