{"id":159724,"date":"2025-12-19T00:47:11","date_gmt":"2025-12-18T21:47:11","guid":{"rendered":"https:\/\/baldumarket.lt\/product\/szafka-kuchenna-dolna-2-drzwiowa-d80-langen-grey\/"},"modified":"2026-02-18T11:26:47","modified_gmt":"2026-02-18T08:26:47","slug":"szafka-kuchenna-dolna-2-drzwiowa-d80-langen-grey","status":"publish","type":"product","link":"https:\/\/baldumarket.lt\/lt\/product\/szafka-kuchenna-dolna-2-drzwiowa-d80-langen-grey\/","title":{"rendered":"Apatin\u0117 2 dur\u0173 virtuv\u0117s spintel\u0117 D80 Langen pilka"},"content":{"rendered":"<p>\u201eLangen Grey\u201c dviej\u0173 dur\u0173 apatin\u0117 virtuv\u0117s spintel\u0117 derina estetik\u0105 ir funkcionalum\u0105, puikiai tinka bet kuriai virtuvei. Dizainerio pilkas priekis su matiniu pavir\u0161iumi pabr\u0117\u017eia modern\u0173 interjero stili\u0173 ir suteikia subtilios elegancijos element\u0105. Spintel\u0117 puikiai dera su naujausiomis dekoravimo tendencijomis, tod\u0117l idealiai tinka tiek minimalistiniam, tiek klasikiniam interjerui.<\/p>\n<p>Kaip ir bet kuri gera \u016bkin\u0117 patalpa, \u201eLangen Grey\u201c spintel\u0117 pasi\u017eymi kasdieniu prakti\u0161kumu. D\u0117l gerai apgalvoto dizaino ji puikiai tinka laikyti b\u016btiniausius virtuv\u0117s reikmenis. Funkcionalus dizainas leid\u017eia lengvai pasiekti vid\u0173, kuriame telpa tiek didesni puodai, tiek ma\u017eesni virtuv\u0117s reikmenys. Pagaminta i\u0161 auk\u0161tos kokyb\u0117s MDF plok\u0161t\u0117s, ji garantuoja patvarum\u0105 ir atsparum\u0105 kasdieniam naudojimui.<\/p>\n<p>\u201cSavaranki\u0161ko surinkimo\u201d koncepcija leid\u017eia lengvai pritaikyti spintel\u0119 individualiems dizaino poreikiams. Papildom\u0105 suasmeninimo element\u0105 suteikia ranken\u0117li\u0173 pasirinkimas \u2013 nuo klasikinio juodo metalo iki modernios, nematomos atidarymo spustel\u0117jus sistemos. Tai leid\u017eia pabr\u0117\u017eti unikal\u0173 virtuv\u0117s stili\u0173, b\u016bding\u0105 kiekvienam vartotojui.<\/p>\n<p>Spintel\u0117s galutin\u012f charakter\u012f papildo \u201eArtisan Oak\u201c korpusas, suteikiantis interjerui \u0161ilumos ir nat\u016bralumo. Eleganti\u0161kas \u201eLangen Grey\u201c spintel\u0117s paprastumas paver\u010dia j\u0105 ne tik prakti\u0161ku baldu, bet ir stilingu akcentu, traukian\u010diu d\u0117mes\u012f ir pabr\u0117\u017eian\u010diu unikal\u0173 virtuv\u0117s charakter\u012f.<\/p>","protected":false},"excerpt":{"rendered":"<p>Plotis (cm): 80<br \/>\n\u016agis (cm): 82<br \/>\nGylis (cm): 47<\/p>","protected":false},"featured_media":159725,"comment_status":"open","ping_status":"open","template":"","meta":[],"product_brand":[],"product_cat":[9442,4106],"product_tag":[],"class_list":{"0":"post-159724","1":"product","2":"type-product","3":"status-publish","4":"has-post-thumbnail","6":"product_cat-kitchen-system-langen-dab-artisan","7":"product_cat-gala-meble","9":"first","10":"instock","11":"purchasable","12":"product-type-simple"},"_links":{"self":[{"href":"https:\/\/baldumarket.lt\/lt\/wp-json\/wp\/v2\/product\/159724","targetHints":{"allow":["GET"]}}],"collection":[{"href":"https:\/\/baldumarket.lt\/lt\/wp-json\/wp\/v2\/product"}],"about":[{"href":"https:\/\/baldumarket.lt\/lt\/wp-json\/wp\/v2\/types\/product"}],"replies":[{"embeddable":true,"href":"https:\/\/baldumarket.lt\/lt\/wp-json\/wp\/v2\/comments?post=159724"}],"wp:featuredmedia":[{"embeddable":true,"href":"https:\/\/baldumarket.lt\/lt\/wp-json\/wp\/v2\/media\/159725"}],"wp:attachment":[{"href":"https:\/\/baldumarket.lt\/lt\/wp-json\/wp\/v2\/media?parent=159724"}],"wp:term":[{"taxonomy":"product_brand","embeddable":true,"href":"https:\/\/baldumarket.lt\/lt\/wp-json\/wp\/v2\/product_brand?post=159724"},{"taxonomy":"product_cat","embeddable":true,"href":"https:\/\/baldumarket.lt\/lt\/wp-json\/wp\/v2\/product_cat?post=159724"},{"taxonomy":"product_tag","embeddable":true,"href":"https:\/\/baldumarket.lt\/lt\/wp-json\/wp\/v2\/product_tag?post=159724"}],"curies":[{"name":"wp","href":"https:\/\/api.w.org\/{rel}","templated":true}]}}