{"id":159719,"date":"2025-12-19T00:47:00","date_gmt":"2025-12-18T21:47:00","guid":{"rendered":"https:\/\/baldumarket.lt\/product\/szafka-kuchenna-dolna-2-drzwiowa-d80-linea-grey-szary-mat\/"},"modified":"2026-02-18T11:35:06","modified_gmt":"2026-02-18T08:35:06","slug":"szafka-kuchenna-dolna-2-drzwiowa-d80-linea-grey-szary-mat","status":"publish","type":"product","link":"https:\/\/baldumarket.lt\/lt\/product\/szafka-kuchenna-dolna-2-drzwiowa-d80-linea-grey-szary-mat\/","title":{"rendered":"Apatin\u0117 2 dur\u0173 virtuv\u0117s spintel\u0117 D80 Linea pilka matin\u0117"},"content":{"rendered":"<p>\u201eLinea Grey\u201c apatin\u0117 2 dur\u0173 virtuv\u0117s spintel\u0117 \u2013 puikus pasirinkimas tiems, kurie nori savo virtuvei suteikti elegancijos ir modernumo. Jos matinis pilkas priekis harmoningai papildo matin\u012f balt\u0105 korpus\u0105, sukurdamas minimalistin\u012f, ta\u010diau rafinuot\u0105 vaizd\u0105. \u0160is dizainas leid\u017eia spintelei skland\u017eiai \u012fsilieti \u012f bet kok\u012f interjer\u0105, suteikdamas gaivumo ir stiliaus. Sukurta galvojant apie kasdien\u012f komfort\u0105, spintel\u0117 yra ne tik esteti\u0161kai patraukli, bet svarbiausia \u2013 funkcionali. Reguliuojamos kojel\u0117s leid\u017eia reguliuoti auk\u0161t\u012f pagal individualius poreikius, o tai ypa\u010d naudinga ant nelygi\u0173 grind\u0173. D\u0117l tvirtos konstrukcijos, pagamintos i\u0161 auk\u0161tos kokyb\u0117s med\u017eiag\u0173, toki\u0173 kaip MDF ir laminuota plok\u0161t\u0117, galite tik\u0117tis ilgalaikio naudojimo, nesijaudindami d\u0117l jos patvarumo. Pagrindinis \u0161ios spintel\u0117s privalumas \u2013 savaime u\u017esidarantys vyriai, u\u017etikrinantys skland\u0173 ir tyl\u0173 dureli\u0173 u\u017edarym\u0105. Tai leid\u017eia naudotis spintele maloniai ir be r\u016bpes\u010di\u0173, o virtuv\u0117je galite m\u0117gautis ramybe ir tyla. Tai puikus sprendimas \u017emon\u0117ms, kurie vertina modernias technologijas ir paprast\u0105 naudojim\u0105.<\/p>","protected":false},"excerpt":{"rendered":"<p>Plotis (cm): 80<br \/>\n\u016agis (cm): 82<br \/>\nGylis (cm): 47<\/p>","protected":false},"featured_media":159720,"comment_status":"open","ping_status":"open","template":"","meta":[],"product_brand":[],"product_cat":[9446,4106],"product_tag":[],"class_list":{"0":"post-159719","1":"product","2":"type-product","3":"status-publish","4":"has-post-thumbnail","6":"product_cat-kitchen-system-linea-white","7":"product_cat-gala-meble","9":"first","10":"instock","11":"purchasable","12":"product-type-simple"},"_links":{"self":[{"href":"https:\/\/baldumarket.lt\/lt\/wp-json\/wp\/v2\/product\/159719","targetHints":{"allow":["GET"]}}],"collection":[{"href":"https:\/\/baldumarket.lt\/lt\/wp-json\/wp\/v2\/product"}],"about":[{"href":"https:\/\/baldumarket.lt\/lt\/wp-json\/wp\/v2\/types\/product"}],"replies":[{"embeddable":true,"href":"https:\/\/baldumarket.lt\/lt\/wp-json\/wp\/v2\/comments?post=159719"}],"wp:featuredmedia":[{"embeddable":true,"href":"https:\/\/baldumarket.lt\/lt\/wp-json\/wp\/v2\/media\/159720"}],"wp:attachment":[{"href":"https:\/\/baldumarket.lt\/lt\/wp-json\/wp\/v2\/media?parent=159719"}],"wp:term":[{"taxonomy":"product_brand","embeddable":true,"href":"https:\/\/baldumarket.lt\/lt\/wp-json\/wp\/v2\/product_brand?post=159719"},{"taxonomy":"product_cat","embeddable":true,"href":"https:\/\/baldumarket.lt\/lt\/wp-json\/wp\/v2\/product_cat?post=159719"},{"taxonomy":"product_tag","embeddable":true,"href":"https:\/\/baldumarket.lt\/lt\/wp-json\/wp\/v2\/product_tag?post=159719"}],"curies":[{"name":"wp","href":"https:\/\/api.w.org\/{rel}","templated":true}]}}