{"id":159714,"date":"2025-12-19T00:46:50","date_gmt":"2025-12-18T21:46:50","guid":{"rendered":"https:\/\/baldumarket.lt\/product\/szafka-kuchenna-dolna-2-drzwiowa-d80-linea-white-bialy-mat\/"},"modified":"2026-02-18T11:35:06","modified_gmt":"2026-02-18T08:35:06","slug":"szafka-kuchenna-dolna-2-drzwiowa-d80-linea-white-bialy-mat","status":"publish","type":"product","link":"https:\/\/baldumarket.lt\/lt\/product\/szafka-kuchenna-dolna-2-drzwiowa-d80-linea-white-bialy-mat\/","title":{"rendered":"Apatin\u0117 2 dur\u0173 virtuv\u0117s spintel\u0117 D80 Linea balta matin\u0117 balta"},"content":{"rendered":"<p>Pristatome garsaus \u201eGa\u0142a Meble\u201c prek\u0117s \u017eenklo matin\u0117s baltos spalvos \u201eLinea White D80\u201c dviej\u0173 dur\u0173 apatin\u0119 virtuv\u0117s spintel\u0119. \u0160is unikalus baldas \u2013 tobulas modernaus stiliaus ir funkcionalumo derinys, suteikiantis elegancijos bet kuriai virtuvei. Minimalistinis matin\u0117s baltos spalvos dizainas puikiai tiks tiek moderniame, tiek klasikiniame interjere. \u201eLinea White D80\u201c spintel\u0117 \u017eavi savo estetika. Matin\u0117 balta korpuso ir priekin\u0117s dalies spalva suteikia jai subtilumo ir kartu pa\u0161viesina erdv\u0119. Auksin\u0117s metalin\u0117s ranken\u0117l\u0117s suteikia elegancijos, presti\u017eo ir prabangos. \u0160is spalv\u0173 derinys spintel\u0119 paver\u010dia ne tik funkcionalia, bet ir dekoratyviniu elementu virtuv\u0117je. \u0160io baldo funkcionalumas taip pat \u012fsp\u016bdingas. Spintel\u0117 turi reguliuojamas kojeles, kurios leid\u017eia puikiai prisitaikyti prie nelygi\u0173 grind\u0173. \u0160velniai u\u017esidarantys vyriai kasdien\u012f spintel\u0117s naudojim\u0105 paver\u010dia malonumu, pa\u0161alindami u\u017edarom\u0173 dureli\u0173 gars\u0105. Kompakti\u0161ki matmenys \u2013 80 cm plo\u010dio, 82 cm auk\u0161\u010dio ir 47 cm gylio \u2013 rei\u0161kia, kad spintel\u0117 tiks net ir ma\u017eesn\u0117se virtuv\u0117se, kartu suteikdama daug vietos daiktams susid\u0117ti.<\/p>","protected":false},"excerpt":{"rendered":"<p>Plotis (cm): 80<br \/>\n\u016agis (cm): 82<br \/>\nGylis (cm): 47<\/p>","protected":false},"featured_media":159715,"comment_status":"open","ping_status":"open","template":"","meta":[],"product_brand":[],"product_cat":[9446,4106],"product_tag":[],"class_list":{"0":"post-159714","1":"product","2":"type-product","3":"status-publish","4":"has-post-thumbnail","6":"product_cat-kitchen-system-linea-white","7":"product_cat-gala-meble","9":"first","10":"instock","11":"purchasable","12":"product-type-simple"},"_links":{"self":[{"href":"https:\/\/baldumarket.lt\/lt\/wp-json\/wp\/v2\/product\/159714","targetHints":{"allow":["GET"]}}],"collection":[{"href":"https:\/\/baldumarket.lt\/lt\/wp-json\/wp\/v2\/product"}],"about":[{"href":"https:\/\/baldumarket.lt\/lt\/wp-json\/wp\/v2\/types\/product"}],"replies":[{"embeddable":true,"href":"https:\/\/baldumarket.lt\/lt\/wp-json\/wp\/v2\/comments?post=159714"}],"wp:featuredmedia":[{"embeddable":true,"href":"https:\/\/baldumarket.lt\/lt\/wp-json\/wp\/v2\/media\/159715"}],"wp:attachment":[{"href":"https:\/\/baldumarket.lt\/lt\/wp-json\/wp\/v2\/media?parent=159714"}],"wp:term":[{"taxonomy":"product_brand","embeddable":true,"href":"https:\/\/baldumarket.lt\/lt\/wp-json\/wp\/v2\/product_brand?post=159714"},{"taxonomy":"product_cat","embeddable":true,"href":"https:\/\/baldumarket.lt\/lt\/wp-json\/wp\/v2\/product_cat?post=159714"},{"taxonomy":"product_tag","embeddable":true,"href":"https:\/\/baldumarket.lt\/lt\/wp-json\/wp\/v2\/product_tag?post=159714"}],"curies":[{"name":"wp","href":"https:\/\/api.w.org\/{rel}","templated":true}]}}