{"id":159708,"date":"2025-12-19T00:46:38","date_gmt":"2025-12-18T21:46:38","guid":{"rendered":"https:\/\/baldumarket.lt\/product\/szafka-kuchenna-dolna-2-drzwiowa-d80-prowansja-sosna-andersen-bialy-mat\/"},"modified":"2026-02-06T13:08:41","modified_gmt":"2026-02-06T10:08:41","slug":"szafka-kuchenna-dolna-2-drzwiowa-d80-prowansja-sosna-andersen-bialy-mat","status":"publish","type":"product","link":"https:\/\/baldumarket.lt\/lt\/product\/szafka-kuchenna-dolna-2-drzwiowa-d80-prowansja-sosna-andersen-bialy-mat\/","title":{"rendered":"Apatin\u0117 2 dur\u0173 virtuv\u0117s spintel\u0117 D80, Provanso pu\u0161is, Anderseno balta matin\u0117"},"content":{"rendered":"<p>Su \u0161ia 80 cm plo\u010dio virtuv\u0117s spintele suteikite savo interjerui Provanso \u017eavesio. \u0160is unikalus \u201eGa\u0142a Meble\u201c gaminys derina elegancij\u0105 ir funkcionalum\u0105. Sukurtos \u0161iltam piet\u0173 Pranc\u016bzijos klimatui, \u201eAndersen\u201c pu\u0161ies durel\u0117s harmoningai papildo matin\u0117s baltos spalvos korpus\u0105, sukurdamos darni\u0105 ir nuostabi\u0105 kompozicij\u0105. Tai puikus pasirinkimas virtuvei, kuri d\u017eiugins tiek \u0161eimos narius, tiek sve\u010dius. D80 virtuv\u0117s spintel\u0117 yra ne tik gra\u017eus dekoratyvinis akcentas, bet ir svarbiausia prakti\u0161kas sprendimas. D\u0117l gerai apgalvoto dizaino ji idealiai tinka \u012fvairiems virtuv\u0117s priedams laikyti. Reguliuojamos kojel\u0117s leid\u017eia reguliuoti auk\u0161t\u012f pagal individualius poreikius, o tai didelis privalumas, ypa\u010d dirbant su nelygiomis grindimis. Juodos metalin\u0117s rankenos suteikia modernumo ir pagerina kasdienio naudojimo komfort\u0105. Pagaminta i\u0161 auk\u0161tos kokyb\u0117s med\u017eiag\u0173, toki\u0173 kaip MDF priekin\u0117se dalyse ir laminuota plok\u0161t\u0117 korpuse, ji u\u017etikrina patvarum\u0105 ir ilgaam\u017ei\u0161kum\u0105. D\u0117l to \u201eProwansja\u201c virtuv\u0117s spintel\u0117 ne tik atrodo gra\u017eiai, bet ir yra atspari kasdieniams aktyvaus naudojimo virtuv\u0117je i\u0161\u0161\u016bkiams. Tai puikus pasirinkimas tiems, kurie vertina stili\u0173 ir komfort\u0105.<\/p>","protected":false},"excerpt":{"rendered":"<p>Plotis (cm): 80<br \/>\n\u016agis (cm): 82<br \/>\nGylis (cm): 47<\/p>","protected":false},"featured_media":159709,"comment_status":"open","ping_status":"open","template":"","meta":[],"product_brand":[],"product_cat":[9444,9441,4106,9118],"product_tag":[],"class_list":{"0":"post-159708","1":"product","2":"type-product","3":"status-publish","4":"has-post-thumbnail","6":"product_cat-kitchen-system-prowansja-sosna-andersen","7":"product_cat-white","8":"product_cat-gala-meble","9":"product_cat-kitchen-cabinets","11":"first","12":"instock","13":"purchasable","14":"product-type-simple"},"_links":{"self":[{"href":"https:\/\/baldumarket.lt\/lt\/wp-json\/wp\/v2\/product\/159708","targetHints":{"allow":["GET"]}}],"collection":[{"href":"https:\/\/baldumarket.lt\/lt\/wp-json\/wp\/v2\/product"}],"about":[{"href":"https:\/\/baldumarket.lt\/lt\/wp-json\/wp\/v2\/types\/product"}],"replies":[{"embeddable":true,"href":"https:\/\/baldumarket.lt\/lt\/wp-json\/wp\/v2\/comments?post=159708"}],"wp:featuredmedia":[{"embeddable":true,"href":"https:\/\/baldumarket.lt\/lt\/wp-json\/wp\/v2\/media\/159709"}],"wp:attachment":[{"href":"https:\/\/baldumarket.lt\/lt\/wp-json\/wp\/v2\/media?parent=159708"}],"wp:term":[{"taxonomy":"product_brand","embeddable":true,"href":"https:\/\/baldumarket.lt\/lt\/wp-json\/wp\/v2\/product_brand?post=159708"},{"taxonomy":"product_cat","embeddable":true,"href":"https:\/\/baldumarket.lt\/lt\/wp-json\/wp\/v2\/product_cat?post=159708"},{"taxonomy":"product_tag","embeddable":true,"href":"https:\/\/baldumarket.lt\/lt\/wp-json\/wp\/v2\/product_tag?post=159708"}],"curies":[{"name":"wp","href":"https:\/\/api.w.org\/{rel}","templated":true}]}}