{"id":159703,"date":"2025-12-19T00:46:28","date_gmt":"2025-12-18T21:46:28","guid":{"rendered":"https:\/\/baldumarket.lt\/product\/szafka-kuchenna-dolna-2-drzwiowa-d80-sycylia-andersen\/"},"modified":"2026-02-06T12:46:45","modified_gmt":"2026-02-06T09:46:45","slug":"szafka-kuchenna-dolna-2-drzwiowa-d80-sycylia-andersen","status":"publish","type":"product","link":"https:\/\/baldumarket.lt\/lt\/product\/szafka-kuchenna-dolna-2-drzwiowa-d80-sycylia-andersen\/","title":{"rendered":"Apatin\u0117 2 dur\u0173 virtuv\u0117s spintel\u0117 D80 Sicily Andersen"},"content":{"rendered":"<p>Pasisveikinkite su unikaliu elementu, kuris pakeis j\u016bs\u0173 virtuv\u0117s i\u0161vaizd\u0105. Apatin\u0117 virtuv\u0117s spintel\u0117 D80 i\u0161 garsaus \u201eGa\u0142a Meble\u201c prek\u0117s \u017eenklo \u201eAndersen Sycylia\u201c kolekcijos \u2013 puikus pasirinkimas tiems, kurie vertina modern\u0173 stili\u0173 ir funkcionalum\u0105. D\u0117l unikalaus \u201eAndersen\u201c pu\u0161ies ir matin\u0117s baltos spalv\u0173 derinio \u0161i spintel\u0117 suteiks j\u016bs\u0173 virtuvei gaivumo ir elegancijos, suteikdama interjerui modernumo. Sukurta kruop\u0161\u010diai apgalvojus detales, D80 spintel\u0117 harmoningai derina estetik\u0105 ir prakti\u0161kum\u0105. Dvi pla\u010dios durys leid\u017eia nepaprastai patogiai pasiekti laikomus daiktus, o erdvus interjeras suteikia pakankamai vietos viskam, ko reikia kasdieniam maisto gaminimui. D\u0117l kompakti\u0161k\u0173 matmen\u0173 ji idealiai tinka tiek ma\u017eesn\u0117ms, tiek didesn\u0117ms patalpoms, maksimaliai i\u0161naudojant naudojam\u0105 erdv\u0119. Auk\u0161tos kokyb\u0117s MDF fasadai ir laminuotas korpusas garantuoja patvarum\u0105 ir atsparum\u0105 kasdieniam naudojimui, tod\u0117l \u0161i spintel\u0117 yra ilgalaik\u0117 investicija. Be to, sidabrin\u0117 plastikin\u0117 rankena suteikia modernumo, sukurdama kontrast\u0105 su jaukiu med\u017eio atspalviu, kuris tikrai patrauks kiekvieno sve\u010dio ak\u012f.<\/p>","protected":false},"excerpt":{"rendered":"<p>Plotis (cm): 80<br \/>\n\u016agis (cm): 82<br \/>\nGylis (cm): 47<\/p>","protected":false},"featured_media":159704,"comment_status":"open","ping_status":"open","template":"","meta":[],"product_brand":[],"product_cat":[9440,9441,4106,9118],"product_tag":[],"class_list":{"0":"post-159703","1":"product","2":"type-product","3":"status-publish","4":"has-post-thumbnail","6":"product_cat-kitchen-system-sycylia-sosna-andersen","7":"product_cat-white","8":"product_cat-gala-meble","9":"product_cat-kitchen-cabinets","11":"first","12":"instock","13":"purchasable","14":"product-type-simple"},"_links":{"self":[{"href":"https:\/\/baldumarket.lt\/lt\/wp-json\/wp\/v2\/product\/159703","targetHints":{"allow":["GET"]}}],"collection":[{"href":"https:\/\/baldumarket.lt\/lt\/wp-json\/wp\/v2\/product"}],"about":[{"href":"https:\/\/baldumarket.lt\/lt\/wp-json\/wp\/v2\/types\/product"}],"replies":[{"embeddable":true,"href":"https:\/\/baldumarket.lt\/lt\/wp-json\/wp\/v2\/comments?post=159703"}],"wp:featuredmedia":[{"embeddable":true,"href":"https:\/\/baldumarket.lt\/lt\/wp-json\/wp\/v2\/media\/159704"}],"wp:attachment":[{"href":"https:\/\/baldumarket.lt\/lt\/wp-json\/wp\/v2\/media?parent=159703"}],"wp:term":[{"taxonomy":"product_brand","embeddable":true,"href":"https:\/\/baldumarket.lt\/lt\/wp-json\/wp\/v2\/product_brand?post=159703"},{"taxonomy":"product_cat","embeddable":true,"href":"https:\/\/baldumarket.lt\/lt\/wp-json\/wp\/v2\/product_cat?post=159703"},{"taxonomy":"product_tag","embeddable":true,"href":"https:\/\/baldumarket.lt\/lt\/wp-json\/wp\/v2\/product_tag?post=159703"}],"curies":[{"name":"wp","href":"https:\/\/api.w.org\/{rel}","templated":true}]}}