{"id":159698,"date":"2025-12-19T00:46:17","date_gmt":"2025-12-18T21:46:17","guid":{"rendered":"https:\/\/baldumarket.lt\/product\/szafka-kuchenna-dolna-2-drzwiowa-d80-sycylia-orzech\/"},"modified":"2026-02-06T14:32:35","modified_gmt":"2026-02-06T11:32:35","slug":"szafka-kuchenna-dolna-2-drzwiowa-d80-sycylia-orzech","status":"publish","type":"product","link":"https:\/\/baldumarket.lt\/lt\/product\/szafka-kuchenna-dolna-2-drzwiowa-d80-sycylia-orzech\/","title":{"rendered":"Apatin\u0117 2 dur\u0173 virtuv\u0117s spintel\u0117 D80 Sicily Walnut"},"content":{"rendered":"<p>Atraskite unikal\u0173 klasikin\u0117s elegancijos \u017eaves\u012f su dviej\u0173 dur\u0173 apatine virtuv\u0117s spintele D80 Sicylia i\u0161 \u201eGa\u0142a Meble\u201c kolekcijos. Subtiliai apdailintos MDF plok\u0161t\u0117s, pagamintos i\u0161 Milano rie\u0161uto spalvos, sukuria \u0161ilt\u0105 ir jauki\u0105 atmosfer\u0105 j\u016bs\u0173 virtuv\u0117je. Puikus estetikos ir funkcionalumo derinys daro \u0161i\u0105 spintel\u0119 idealiu pasirinkimu bet kuriai virtuvei, nepriklausomai nuo jos stiliaus. \u0160i virtuv\u0117s spintel\u0117 ne tik traukia ak\u012f savo klasikiniu stiliumi, bet ir skatina prakti\u0161k\u0105 erdv\u0117s i\u0161naudojim\u0105. D\u0117l gerai apgalvoto vidaus i\u0161planavimo galite lengvai sutalpinti visus b\u016btiniausius daiktus, tod\u0117l virtuv\u0117s organizavimas tampa paprastesnis ir efektyvesnis. Sidabrin\u0117s plastikin\u0117s ranken\u0117l\u0117s suteikia modernumo, eleganti\u0161kai kontrastuodamos su \u0161ilta rie\u0161uto spalva. Tvirta laminuotos plok\u0161t\u0117s konstrukcija u\u017etikrina patvarum\u0105 ir atsparum\u0105 kasdieniam naudojimui. \u0160is funkcionalumas yra labai svarbus bet kurios virtuv\u0117s privalumas, kur svarbi ne tik i\u0161vaizda, bet ir patvarumas. Subtilus estetikos ir patvarumo derinys paver\u010dia D80 apatin\u0119 spintel\u0119 j\u016bs\u0173 virtuv\u0117s i\u0161d\u0117stymo traukos centru.<\/p>","protected":false},"excerpt":{"rendered":"<p>Plotis (cm): 80<br \/>\n\u016agis (cm): 82<br \/>\nGylis (cm): 47<\/p>","protected":false},"featured_media":159699,"comment_status":"open","ping_status":"open","template":"","meta":[],"product_brand":[],"product_cat":[9450,4106,9118],"product_tag":[],"class_list":{"0":"post-159698","1":"product","2":"type-product","3":"status-publish","4":"has-post-thumbnail","6":"product_cat-kitchen-system-sycylia-orzech-milano","7":"product_cat-gala-meble","8":"product_cat-kitchen-cabinets","10":"first","11":"instock","12":"purchasable","13":"product-type-simple"},"_links":{"self":[{"href":"https:\/\/baldumarket.lt\/lt\/wp-json\/wp\/v2\/product\/159698","targetHints":{"allow":["GET"]}}],"collection":[{"href":"https:\/\/baldumarket.lt\/lt\/wp-json\/wp\/v2\/product"}],"about":[{"href":"https:\/\/baldumarket.lt\/lt\/wp-json\/wp\/v2\/types\/product"}],"replies":[{"embeddable":true,"href":"https:\/\/baldumarket.lt\/lt\/wp-json\/wp\/v2\/comments?post=159698"}],"wp:featuredmedia":[{"embeddable":true,"href":"https:\/\/baldumarket.lt\/lt\/wp-json\/wp\/v2\/media\/159699"}],"wp:attachment":[{"href":"https:\/\/baldumarket.lt\/lt\/wp-json\/wp\/v2\/media?parent=159698"}],"wp:term":[{"taxonomy":"product_brand","embeddable":true,"href":"https:\/\/baldumarket.lt\/lt\/wp-json\/wp\/v2\/product_brand?post=159698"},{"taxonomy":"product_cat","embeddable":true,"href":"https:\/\/baldumarket.lt\/lt\/wp-json\/wp\/v2\/product_cat?post=159698"},{"taxonomy":"product_tag","embeddable":true,"href":"https:\/\/baldumarket.lt\/lt\/wp-json\/wp\/v2\/product_tag?post=159698"}],"curies":[{"name":"wp","href":"https:\/\/api.w.org\/{rel}","templated":true}]}}