{"id":159695,"date":"2025-12-19T00:46:10","date_gmt":"2025-12-18T21:46:10","guid":{"rendered":"https:\/\/baldumarket.lt\/product\/szafka-kuchenna-dolna-2-drzwiowa-d80z-aspen-white-bialy-polysk\/"},"modified":"2026-02-18T11:30:50","modified_gmt":"2026-02-18T08:30:50","slug":"szafka-kuchenna-dolna-2-drzwiowa-d80z-aspen-white-bialy-polysk","status":"publish","type":"product","link":"https:\/\/baldumarket.lt\/lt\/product\/szafka-kuchenna-dolna-2-drzwiowa-d80z-aspen-white-bialy-polysk\/","title":{"rendered":"Apatin\u0117 2 dur\u0173 virtuv\u0117s spintel\u0117 D80Z Aspen White Gloss"},"content":{"rendered":"<p>Sveiki atvyk\u0119 \u012f elegancijos ir modernumo pasaul\u012f su D80Z pagrindine virtuv\u0117s spintele i\u0161 \u201eAspen White\u201c kolekcijos. Jos blizgi balta apdaila traukia d\u0117mes\u012f, suteikia spindesio bet kuriai virtuvei, tod\u0117l tai puikus pasirinkimas tiems, kurie vertina stili\u0173 ir estetik\u0105. \u0160i \u201eGa\u0142a Meble\u201c virtuv\u0117s spintel\u0117 yra ne tik baldas; tai tikras dizaino elementas, kuris pakeis bet kuri\u0173 nam\u0173 \u0161ird\u012f \u2013 virtuv\u0117s zon\u0105.<\/p>\n<p>D\u0117l tiksliai suprojektuot\u0173 MDF fasad\u0173 \u0161i virtuv\u0117s spintel\u0117 sujungia patvarum\u0105 ir elegancij\u0105. Blizgi balta apdaila praskaidrins bet kur\u012f kambar\u012f, nepriklausomai nuo interjero stiliaus. Kontrastingas matin\u0117s baltos spalvos korpusas suteikia modernumo, tod\u0117l spintel\u0117 yra nesenstanti. \u0160i spalv\u0173 schema puikiai der\u0117s prie bet kokio interjero \u2013 nuo minimalistinio iki klasikinio.<\/p>\n<p>\u0160ios spintel\u0117s funkcionalum\u0105 \u012fvertins visi, vertinantys prakti\u0161kus sprendimus. Dvi erdvios durys atveria begales galimybi\u0173 virtuv\u0117s pried\u0173 i\u0161d\u0117stymui. Savaime u\u017esidarantys vyriai u\u017etikrina paprast\u0105 naudojim\u0105 ir ilgaam\u017ei\u0161kum\u0105, u\u017etikrindami skland\u0173 ir lengv\u0105 atidarym\u0105 bei u\u017edarym\u0105. Be to, reguliuojamos kojel\u0117s leid\u017eia reguliuoti auk\u0161t\u012f, tod\u0117l spintel\u0119 lengva montuoti bet kurioje virtuv\u0117je.<\/p>\n<p>\u0160i virtuv\u0117s spintel\u0117 \u2013 puikus pasirinkimas ie\u0161kantiems kokyb\u0117s ir elegancijos. Sukurta savaranki\u0161kam surinkimui, ji taupo laik\u0105 ir pinigus. Tai puikus produktas tiems, kurie m\u0117gsta kurti savo interjer\u0105. Pasirinkite D80Z Aspen White virtuv\u0117s spintel\u0119 ir atraskite nauj\u0105 estetikos dimensij\u0105 savo virtuv\u0117je.<\/p>","protected":false},"excerpt":{"rendered":"<p>Plotis (cm): 80<br \/>\n\u016agis (cm): 82<br \/>\nGylis (cm): 47<\/p>","protected":false},"featured_media":156801,"comment_status":"open","ping_status":"open","template":"","meta":[],"product_brand":[],"product_cat":[9445,4106],"product_tag":[],"class_list":{"0":"post-159695","1":"product","2":"type-product","3":"status-publish","4":"has-post-thumbnail","6":"product_cat-kitchen-system-aspen-white","7":"product_cat-gala-meble","9":"first","10":"instock","11":"purchasable","12":"product-type-simple"},"_links":{"self":[{"href":"https:\/\/baldumarket.lt\/lt\/wp-json\/wp\/v2\/product\/159695","targetHints":{"allow":["GET"]}}],"collection":[{"href":"https:\/\/baldumarket.lt\/lt\/wp-json\/wp\/v2\/product"}],"about":[{"href":"https:\/\/baldumarket.lt\/lt\/wp-json\/wp\/v2\/types\/product"}],"replies":[{"embeddable":true,"href":"https:\/\/baldumarket.lt\/lt\/wp-json\/wp\/v2\/comments?post=159695"}],"wp:featuredmedia":[{"embeddable":true,"href":"https:\/\/baldumarket.lt\/lt\/wp-json\/wp\/v2\/media\/156801"}],"wp:attachment":[{"href":"https:\/\/baldumarket.lt\/lt\/wp-json\/wp\/v2\/media?parent=159695"}],"wp:term":[{"taxonomy":"product_brand","embeddable":true,"href":"https:\/\/baldumarket.lt\/lt\/wp-json\/wp\/v2\/product_brand?post=159695"},{"taxonomy":"product_cat","embeddable":true,"href":"https:\/\/baldumarket.lt\/lt\/wp-json\/wp\/v2\/product_cat?post=159695"},{"taxonomy":"product_tag","embeddable":true,"href":"https:\/\/baldumarket.lt\/lt\/wp-json\/wp\/v2\/product_tag?post=159695"}],"curies":[{"name":"wp","href":"https:\/\/api.w.org\/{rel}","templated":true}]}}