{"id":159690,"date":"2025-12-19T00:45:53","date_gmt":"2025-12-18T21:45:53","guid":{"rendered":"https:\/\/baldumarket.lt\/product\/szafka-kuchenna-dolna-2-drzwiowa-d80z-linea-white-bialy-mat\/"},"modified":"2026-02-18T11:35:06","modified_gmt":"2026-02-18T08:35:06","slug":"szafka-kuchenna-dolna-2-drzwiowa-d80z-linea-white-bialy-mat","status":"publish","type":"product","link":"https:\/\/baldumarket.lt\/lt\/product\/szafka-kuchenna-dolna-2-drzwiowa-d80z-linea-white-bialy-mat\/","title":{"rendered":"Apatin\u0117 2 dur\u0173 virtuv\u0117s spintel\u0117 D80Z Linea balta matin\u0117 balta"},"content":{"rendered":"<p>Apatin\u0117 virtuv\u0117s spintel\u0117 \u201eLinea White D80Z\u201c \u2013 puikus pasirinkimas tiems, kurie vertina elegancij\u0105 ir modernum\u0105 virtuv\u0117je. Matin\u0117s baltos spalvos korpusas ir priekin\u0117 dalis suteiks interjerui \u0161varos ir gaivos i\u0161vaizdos, puikiai der\u0117s prie \u012fvairi\u0173 interjero dizaino stili\u0173. Tai nesenstantis dizainas, kuris tikrai patrauks ak\u012f kaskart \u012f\u017eengus \u012f virtuv\u0119. \u0160i spintel\u0117 \u017eavi ne tik savo i\u0161vaizda, bet ir prakti\u0161kumu bei naudojimo paprastumu. D\u0117l tyli\u0173 vyri\u0173 durel\u0117s u\u017esidaro \u0161velniai, tod\u0117l jas tikrai patogu naudoti. Reguliuojamos kojel\u0117s leid\u017eia puikiai prisitaikyti prie nelygi\u0173 grind\u0173 \u2013 ne\u012fkainojamas privalumas bet kurioje virtuv\u0117je. Esteti\u0161kai patrauklios auksin\u0117s metalin\u0117s ranken\u0117l\u0117s suteikia spintelei prabangos ir yra skoningas akcentas, pabr\u0117\u017eiantis viso dizaino unikalum\u0105. \u0160i subtili, ta\u010diau rafinuota detal\u0117 i\u0161skiria \u201eLinea White D80Z\u201c i\u0161 kit\u0173 virtuv\u0117s bald\u0173.<\/p>","protected":false},"excerpt":{"rendered":"<p>Plotis (cm): 80<br \/>\n\u016agis (cm): 82<br \/>\nGylis (cm): 47<\/p>","protected":false},"featured_media":159691,"comment_status":"open","ping_status":"open","template":"","meta":[],"product_brand":[],"product_cat":[9446,4106],"product_tag":[],"class_list":{"0":"post-159690","1":"product","2":"type-product","3":"status-publish","4":"has-post-thumbnail","6":"product_cat-kitchen-system-linea-white","7":"product_cat-gala-meble","9":"first","10":"instock","11":"purchasable","12":"product-type-simple"},"_links":{"self":[{"href":"https:\/\/baldumarket.lt\/lt\/wp-json\/wp\/v2\/product\/159690","targetHints":{"allow":["GET"]}}],"collection":[{"href":"https:\/\/baldumarket.lt\/lt\/wp-json\/wp\/v2\/product"}],"about":[{"href":"https:\/\/baldumarket.lt\/lt\/wp-json\/wp\/v2\/types\/product"}],"replies":[{"embeddable":true,"href":"https:\/\/baldumarket.lt\/lt\/wp-json\/wp\/v2\/comments?post=159690"}],"wp:featuredmedia":[{"embeddable":true,"href":"https:\/\/baldumarket.lt\/lt\/wp-json\/wp\/v2\/media\/159691"}],"wp:attachment":[{"href":"https:\/\/baldumarket.lt\/lt\/wp-json\/wp\/v2\/media?parent=159690"}],"wp:term":[{"taxonomy":"product_brand","embeddable":true,"href":"https:\/\/baldumarket.lt\/lt\/wp-json\/wp\/v2\/product_brand?post=159690"},{"taxonomy":"product_cat","embeddable":true,"href":"https:\/\/baldumarket.lt\/lt\/wp-json\/wp\/v2\/product_cat?post=159690"},{"taxonomy":"product_tag","embeddable":true,"href":"https:\/\/baldumarket.lt\/lt\/wp-json\/wp\/v2\/product_tag?post=159690"}],"curies":[{"name":"wp","href":"https:\/\/api.w.org\/{rel}","templated":true}]}}