{"id":159684,"date":"2025-12-19T00:45:40","date_gmt":"2025-12-18T21:45:40","guid":{"rendered":"https:\/\/baldumarket.lt\/product\/szafka-kuchenna-dolna-2-drzwiowa-narozna-d90n-bez-blatu-aspen-grey-szary-polysk\/"},"modified":"2026-02-06T19:54:30","modified_gmt":"2026-02-06T16:54:30","slug":"szafka-kuchenna-dolna-2-drzwiowa-narozna-d90n-bez-blatu-aspen-grey-szary-polysk","status":"publish","type":"product","link":"https:\/\/baldumarket.lt\/lt\/product\/szafka-kuchenna-dolna-2-drzwiowa-narozna-d90n-bez-blatu-aspen-grey-szary-polysk\/","title":{"rendered":"Apatin\u0117 2 dur\u0173 kampin\u0117 virtuv\u0117s spintel\u0117 D90N be stalvir\u0161io, drebul\u0117s pilka, blizgi"},"content":{"rendered":"<p>Atraskite i\u0161skirtin\u0119 estetik\u0105 ir funkcionalum\u0105 su m\u016bs\u0173 \u201eAspen Grey\u201c kampine virtuv\u0117s spintele. \u0160is eleganti\u0161kas baldas su blizgia pilka apdaila suteiks j\u016bs\u0173 virtuvei modernumo ir klas\u0117s. Tvirtas MDF fasadas atspindi \u0161vies\u0105, sukurdamas unikali\u0105 jaukumo ir stiliaus atmosfer\u0105. \u201eAspen Grey\u201c spintel\u0117 yra ne tik gra\u017ei, bet ir ne\u012ftik\u0117tinai prakti\u0161ka. Jos apgalvotas dizainas u\u017etikrina maksimal\u0173 erdv\u0117s i\u0161naudojim\u0105 virtuv\u0117s kampe, o tai ne\u012fkainojama kasdieniam maisto gaminimui. Tai rei\u0161kia, kad galite m\u0117gautis visomis funkcionalumo i\u0161rai\u0161komis neaukodami estetikos. Matin\u0117s baltos spalvos korpusas suteikia \u0161viesumo ir modernumo, sukurdamas harmoning\u0105 kompozicij\u0105 su blizgiais fasadais. Ji puikiai dera tiek su klasikiniu, tiek su modernesniu interjero dizainu. Reguliuojamos kojel\u0117s leid\u017eia puikiai reguliuoti spintel\u0117s auk\u0161t\u012f pagal savo poreikius, kartu u\u017etikrinant stabilum\u0105 ir ilgaam\u017ei\u0161kum\u0105.<\/p>","protected":false},"excerpt":{"rendered":"<p>Plotis (cm): 79<br \/>\n\u016agis (cm): 82<br \/>\nGylis (cm): 79<\/p>","protected":false},"featured_media":159685,"comment_status":"open","ping_status":"open","template":"","meta":[],"product_brand":[],"product_cat":[9451,4106,9118],"product_tag":[],"class_list":{"0":"post-159684","1":"product","2":"type-product","3":"status-publish","4":"has-post-thumbnail","6":"product_cat-kitchen-system-aspen-grey","7":"product_cat-gala-meble","8":"product_cat-kitchen-cabinets","10":"first","11":"instock","12":"purchasable","13":"product-type-simple"},"_links":{"self":[{"href":"https:\/\/baldumarket.lt\/lt\/wp-json\/wp\/v2\/product\/159684","targetHints":{"allow":["GET"]}}],"collection":[{"href":"https:\/\/baldumarket.lt\/lt\/wp-json\/wp\/v2\/product"}],"about":[{"href":"https:\/\/baldumarket.lt\/lt\/wp-json\/wp\/v2\/types\/product"}],"replies":[{"embeddable":true,"href":"https:\/\/baldumarket.lt\/lt\/wp-json\/wp\/v2\/comments?post=159684"}],"wp:featuredmedia":[{"embeddable":true,"href":"https:\/\/baldumarket.lt\/lt\/wp-json\/wp\/v2\/media\/159685"}],"wp:attachment":[{"href":"https:\/\/baldumarket.lt\/lt\/wp-json\/wp\/v2\/media?parent=159684"}],"wp:term":[{"taxonomy":"product_brand","embeddable":true,"href":"https:\/\/baldumarket.lt\/lt\/wp-json\/wp\/v2\/product_brand?post=159684"},{"taxonomy":"product_cat","embeddable":true,"href":"https:\/\/baldumarket.lt\/lt\/wp-json\/wp\/v2\/product_cat?post=159684"},{"taxonomy":"product_tag","embeddable":true,"href":"https:\/\/baldumarket.lt\/lt\/wp-json\/wp\/v2\/product_tag?post=159684"}],"curies":[{"name":"wp","href":"https:\/\/api.w.org\/{rel}","templated":true}]}}