{"id":159679,"date":"2025-12-19T00:45:29","date_gmt":"2025-12-18T21:45:29","guid":{"rendered":"https:\/\/baldumarket.lt\/product\/szafka-kuchenna-dolna-2-drzwiowa-narozna-d90n-bez-blatu-aspen-white-bialy-polysk\/"},"modified":"2026-02-08T11:24:36","modified_gmt":"2026-02-08T08:24:36","slug":"szafka-kuchenna-dolna-2-drzwiowa-narozna-d90n-bez-blatu-aspen-white-bialy-polysk","status":"publish","type":"product","link":"https:\/\/baldumarket.lt\/lt\/product\/szafka-kuchenna-dolna-2-drzwiowa-narozna-d90n-bez-blatu-aspen-white-bialy-polysk\/","title":{"rendered":"Apatin\u0117 2 dur\u0173 kampin\u0117 virtuv\u0117s spintel\u0117 D90N be stalvir\u0161io, drebul\u0117s baltumo, blizgios baltos spalvos"},"content":{"rendered":"<p>Pristatome apatinio kampinio virtuv\u0117s spintel\u0119 D90N \u2013 dizain\u0105, kuris prad\u017eiugins kiekvien\u0105 modernios estetikos entuziast\u0105. Eleganti\u0161ki balti blizg\u016bs fasadai kartu su subtilia matine balta spalva sukuria harmoning\u0105 spalv\u0173 gam\u0105, kuri puikiai papildys bet kok\u012f virtuv\u0117s dizain\u0105. Tai puikus sprendimas tiems, kurie vertina minimalizm\u0105 ir modernum\u0105, tuo pa\u010diu kurdami \u0161viesi\u0105 ir \u0161vari\u0105 erdv\u0119. D\u0117l apgalvoto dizaino D90N spintel\u0117 leid\u017eia maksimaliai i\u0161naudoti kampin\u0119 erdv\u0119 virtuv\u0117je. Jos funkcionalumas neapsiriboja estetiniu patrauklumu \u2013 tai baldas, kuris padeda kasdien\u0117je virtuv\u0117s veikloje, suteikdamas vietos visiems b\u016btiniausiems daiktams laikyti \u2013 nuo puod\u0173 ir keptuvi\u0173 iki smulki\u0173 pried\u0173. \u0160is sprendimas ne tik taupo viet\u0105, bet ir padeda palaikyti tvark\u0105 virtuv\u0117je. Pagaminta i\u0161 auk\u0161tos kokyb\u0117s med\u017eiag\u0173, toki\u0173 kaip MDF fasadai ir laminuota plok\u0161t\u0117 korpusui, \u201eAspen White\u201c spintel\u0117 yra patvari ir atspari kasdieniam naudojimui. Reguliuojamos kojel\u0117s leid\u017eia reguliuoti jos auk\u0161t\u012f pagal savo poreikius, o tai \u017eymiai padidina komfort\u0105. Tai tik vienas i\u0161 daugelio aspekt\u0173, d\u0117l kuri\u0173 \u0161i spintel\u0117 yra itin prakti\u0161kas pasirinkimas.<\/p>","protected":false},"excerpt":{"rendered":"<p>Plotis (cm): 79<br \/>\n\u016agis (cm): 82<br \/>\nGylis (cm): 79<\/p>","protected":false},"featured_media":159680,"comment_status":"open","ping_status":"open","template":"","meta":[],"product_brand":[],"product_cat":[9445,4106,9118],"product_tag":[],"class_list":{"0":"post-159679","1":"product","2":"type-product","3":"status-publish","4":"has-post-thumbnail","6":"product_cat-kitchen-system-aspen-white","7":"product_cat-gala-meble","8":"product_cat-kitchen-cabinets","10":"first","11":"instock","12":"purchasable","13":"product-type-simple"},"_links":{"self":[{"href":"https:\/\/baldumarket.lt\/lt\/wp-json\/wp\/v2\/product\/159679","targetHints":{"allow":["GET"]}}],"collection":[{"href":"https:\/\/baldumarket.lt\/lt\/wp-json\/wp\/v2\/product"}],"about":[{"href":"https:\/\/baldumarket.lt\/lt\/wp-json\/wp\/v2\/types\/product"}],"replies":[{"embeddable":true,"href":"https:\/\/baldumarket.lt\/lt\/wp-json\/wp\/v2\/comments?post=159679"}],"wp:featuredmedia":[{"embeddable":true,"href":"https:\/\/baldumarket.lt\/lt\/wp-json\/wp\/v2\/media\/159680"}],"wp:attachment":[{"href":"https:\/\/baldumarket.lt\/lt\/wp-json\/wp\/v2\/media?parent=159679"}],"wp:term":[{"taxonomy":"product_brand","embeddable":true,"href":"https:\/\/baldumarket.lt\/lt\/wp-json\/wp\/v2\/product_brand?post=159679"},{"taxonomy":"product_cat","embeddable":true,"href":"https:\/\/baldumarket.lt\/lt\/wp-json\/wp\/v2\/product_cat?post=159679"},{"taxonomy":"product_tag","embeddable":true,"href":"https:\/\/baldumarket.lt\/lt\/wp-json\/wp\/v2\/product_tag?post=159679"}],"curies":[{"name":"wp","href":"https:\/\/api.w.org\/{rel}","templated":true}]}}