{"id":159674,"date":"2025-12-19T00:45:19","date_gmt":"2025-12-18T21:45:19","guid":{"rendered":"https:\/\/baldumarket.lt\/product\/szafka-kuchenna-dolna-2-drzwiowa-narozna-d90n-bez-blatu-langen-artisan\/"},"modified":"2026-02-18T11:26:47","modified_gmt":"2026-02-18T08:26:47","slug":"szafka-kuchenna-dolna-2-drzwiowa-narozna-d90n-bez-blatu-langen-artisan","status":"publish","type":"product","link":"https:\/\/baldumarket.lt\/lt\/product\/szafka-kuchenna-dolna-2-drzwiowa-narozna-d90n-bez-blatu-langen-artisan\/","title":{"rendered":"Apatin\u0117 2 dur\u0173 kampin\u0117 virtuv\u0117s spintel\u0117 D90N BE STALVIR\u0160IO Langen Artisan"},"content":{"rendered":"<p>Atgaivinkite savo virtuv\u0119 su unikalia D90N apatinio kampine virtuv\u0117s spintele i\u0161 \u201eGa\u0142a Meble\u201c \u201eLangen Artisan\u201c kolekcijos. Jos apgalvotas dizainas puikiai dera prie bet kokio interjero stiliaus, suteikdamas modernaus elegancijos prisilietim\u0105. Spintel\u0117, pagaminta i\u0161 \u201eArtisan Oak\u201c medienos, spinduliuoja nat\u016braliu gro\u017eiu ir \u0161iluma, suteikdama j\u016bs\u0173 virtuvei jauki\u0105 atmosfer\u0105. Sukurta galvojant apie kasdien\u012f komfort\u0105, \u0161i spintel\u0117 pasi\u017eymi erdvumu ir funkcionalumu, kurie b\u016btini bet kuriai virtuvei. Tai puikus sprendimas ma\u017eoms erdv\u0117ms, leid\u017eiantis efektyviai i\u0161naudoti kampin\u0119 virtuv\u0117s dal\u012f. Reguliuojamos kojel\u0117s leid\u017eia reguliuoti jos auk\u0161t\u012f pagal savo poreikius, u\u017etikrinant kasdien\u012f komfort\u0105. Spintel\u0117s estetin\u012f patrauklum\u0105 papildo jos med\u017eiag\u0173 patvarumas. Tiek priekin\u0117 dalis, tiek korpusas pagaminti i\u0161 auk\u0161tos kokyb\u0117s laminuotos plok\u0161t\u0117s, kuri garantuoja atsparum\u0105 \u012fbr\u0117\u017eimams ir dr\u0117gmei. Juoda metalin\u0117 rankena suteikia industrin\u012f akcent\u0105, kartu pabr\u0117\u017edama dizaino elegancij\u0105 ir paprastum\u0105.<\/p>","protected":false},"excerpt":{"rendered":"<p>Plotis (cm): 79<br \/>\n\u016agis (cm): 82<br \/>\nGylis (cm): 79<\/p>","protected":false},"featured_media":159675,"comment_status":"open","ping_status":"open","template":"","meta":[],"product_brand":[],"product_cat":[9442,4106],"product_tag":[],"class_list":{"0":"post-159674","1":"product","2":"type-product","3":"status-publish","4":"has-post-thumbnail","6":"product_cat-kitchen-system-langen-dab-artisan","7":"product_cat-gala-meble","9":"first","10":"instock","11":"purchasable","12":"product-type-simple"},"_links":{"self":[{"href":"https:\/\/baldumarket.lt\/lt\/wp-json\/wp\/v2\/product\/159674","targetHints":{"allow":["GET"]}}],"collection":[{"href":"https:\/\/baldumarket.lt\/lt\/wp-json\/wp\/v2\/product"}],"about":[{"href":"https:\/\/baldumarket.lt\/lt\/wp-json\/wp\/v2\/types\/product"}],"replies":[{"embeddable":true,"href":"https:\/\/baldumarket.lt\/lt\/wp-json\/wp\/v2\/comments?post=159674"}],"wp:featuredmedia":[{"embeddable":true,"href":"https:\/\/baldumarket.lt\/lt\/wp-json\/wp\/v2\/media\/159675"}],"wp:attachment":[{"href":"https:\/\/baldumarket.lt\/lt\/wp-json\/wp\/v2\/media?parent=159674"}],"wp:term":[{"taxonomy":"product_brand","embeddable":true,"href":"https:\/\/baldumarket.lt\/lt\/wp-json\/wp\/v2\/product_brand?post=159674"},{"taxonomy":"product_cat","embeddable":true,"href":"https:\/\/baldumarket.lt\/lt\/wp-json\/wp\/v2\/product_cat?post=159674"},{"taxonomy":"product_tag","embeddable":true,"href":"https:\/\/baldumarket.lt\/lt\/wp-json\/wp\/v2\/product_tag?post=159674"}],"curies":[{"name":"wp","href":"https:\/\/api.w.org\/{rel}","templated":true}]}}