{"id":159668,"date":"2025-12-19T00:45:06","date_gmt":"2025-12-18T21:45:06","guid":{"rendered":"https:\/\/baldumarket.lt\/product\/szafka-kuchenna-dolna-2-drzwiowa-narozna-d90n-bez-blatu-langen-beige\/"},"modified":"2026-02-18T11:26:47","modified_gmt":"2026-02-18T08:26:47","slug":"szafka-kuchenna-dolna-2-drzwiowa-narozna-d90n-bez-blatu-langen-beige","status":"publish","type":"product","link":"https:\/\/baldumarket.lt\/lt\/product\/szafka-kuchenna-dolna-2-drzwiowa-narozna-d90n-bez-blatu-langen-beige\/","title":{"rendered":"Apatin\u0117 2 dur\u0173 kampin\u0117 virtuv\u0117s spintel\u0117 D90N BE STALVIR\u0160IO Langen Beige"},"content":{"rendered":"<p>Atraskite vis\u0105 m\u016bs\u0173 modernios D90N Langen 2 dur\u0173 kampin\u0117s apatin\u0117s virtuv\u0117s spintel\u0117s, matin\u0117s sm\u0117lio spalvos, elegancij\u0105. \u0160is unikalus \u201eGa\u0142a Meble\u201c dizainas derina subtil\u0173 \u017eaves\u012f su prakti\u0161ku funkcionalumu, puikiai dera su dabartin\u0117mis interjero dizaino tendencijomis. Matinis sm\u0117lio spalvos priekis dera su \u0161ilta \u201eArtisan Oak\u201c korpuso apdaila, sukurdamas jaukumo ir stilingo minimalizmo atmosfer\u0105. \u0160i spintel\u0117 yra ne tik esteti\u0161kai patraukli, bet, svarbiausia, leid\u017eia efektyviau i\u0161naudoti j\u016bs\u0173 virtuv\u0117s erdv\u0119. Kampinis dizainas leid\u017eia optimaliai i\u0161naudoti dar sunkiau i\u0161d\u0117stomas erdves, si\u016blant i\u0161manius sprendimus b\u016btiniausi\u0173 pried\u0173 ir produkt\u0173 laikymui. Toks i\u0161d\u0117stymas suteikia daugiau vietos skaniems patiekalams ruo\u0161ti. D\u0117mesys detal\u0117ms suteiktos juodos metalin\u0117s rankenos suteikia spintelei modern\u0173 charakter\u012f, pabr\u0117\u017eiant jos eleganti\u0161k\u0105 dizain\u0105. Reguliuojamos kojel\u0117s leid\u017eia reguliuoti spintel\u0117s auk\u0161t\u012f pagal individualius poreikius, o tai labai svarbu, kad ji puikiai der\u0117t\u0173 prie likusios j\u016bs\u0173 virtuv\u0117s dalies. \u0160ie gerai apgalvoti sprendimai u\u017etikrina, kad j\u016bs\u0173 virtuv\u0117 ne tik gerai atrodyt\u0173, bet ir atitikt\u0173 visus j\u016bs\u0173 nam\u0173 \u016bkio funkcinius poreikius.<\/p>","protected":false},"excerpt":{"rendered":"<p>Plotis (cm): 79<br \/>\n\u016agis (cm): 82<br \/>\nGylis (cm): 79<\/p>","protected":false},"featured_media":159669,"comment_status":"open","ping_status":"open","template":"","meta":[],"product_brand":[],"product_cat":[9442,4106],"product_tag":[],"class_list":{"0":"post-159668","1":"product","2":"type-product","3":"status-publish","4":"has-post-thumbnail","6":"product_cat-kitchen-system-langen-dab-artisan","7":"product_cat-gala-meble","9":"first","10":"instock","11":"purchasable","12":"product-type-simple"},"_links":{"self":[{"href":"https:\/\/baldumarket.lt\/lt\/wp-json\/wp\/v2\/product\/159668","targetHints":{"allow":["GET"]}}],"collection":[{"href":"https:\/\/baldumarket.lt\/lt\/wp-json\/wp\/v2\/product"}],"about":[{"href":"https:\/\/baldumarket.lt\/lt\/wp-json\/wp\/v2\/types\/product"}],"replies":[{"embeddable":true,"href":"https:\/\/baldumarket.lt\/lt\/wp-json\/wp\/v2\/comments?post=159668"}],"wp:featuredmedia":[{"embeddable":true,"href":"https:\/\/baldumarket.lt\/lt\/wp-json\/wp\/v2\/media\/159669"}],"wp:attachment":[{"href":"https:\/\/baldumarket.lt\/lt\/wp-json\/wp\/v2\/media?parent=159668"}],"wp:term":[{"taxonomy":"product_brand","embeddable":true,"href":"https:\/\/baldumarket.lt\/lt\/wp-json\/wp\/v2\/product_brand?post=159668"},{"taxonomy":"product_cat","embeddable":true,"href":"https:\/\/baldumarket.lt\/lt\/wp-json\/wp\/v2\/product_cat?post=159668"},{"taxonomy":"product_tag","embeddable":true,"href":"https:\/\/baldumarket.lt\/lt\/wp-json\/wp\/v2\/product_tag?post=159668"}],"curies":[{"name":"wp","href":"https:\/\/api.w.org\/{rel}","templated":true}]}}