{"id":159663,"date":"2025-12-19T00:44:56","date_gmt":"2025-12-18T21:44:56","guid":{"rendered":"https:\/\/baldumarket.lt\/product\/szafka-kuchenna-dolna-2-drzwiowa-narozna-d90n-bez-blatu-langen-grey\/"},"modified":"2026-02-18T11:26:47","modified_gmt":"2026-02-18T08:26:47","slug":"szafka-kuchenna-dolna-2-drzwiowa-narozna-d90n-bez-blatu-langen-grey","status":"publish","type":"product","link":"https:\/\/baldumarket.lt\/lt\/product\/szafka-kuchenna-dolna-2-drzwiowa-narozna-d90n-bez-blatu-langen-grey\/","title":{"rendered":"Apatin\u0117 2 dur\u0173 kampin\u0117 virtuv\u0117s spintel\u0117 D90N be stalvir\u0161io, pilka, Langen"},"content":{"rendered":"<p>Sukurkite moderni\u0105 ir funkcionali\u0105 virtuv\u0117s erdv\u0119 su \u201eLangen Grey\u201c dviej\u0173 dur\u0173 kampine pagrindine spintele. \u0160is eleganti\u0161kas sprendimas ne tik suteikia j\u016bs\u0173 virtuvei stiliaus, bet ir maksimaliai padidina jos erdv\u0119. D\u0117l modernaus, minimalistinio dizaino \u0161i spintel\u0117 puikiai der\u0117s tiek prie tradicinio, tiek prie modernesnio interjero. \u201eArtisan Oak\u201c korpusas harmoningai dera su matin\u0117s pilkos spalvos priekiu, sukurdamas raminan\u010di\u0105, ta\u010diau i\u0161skirtin\u0119 estetik\u0105. \u0160i spintel\u0117 ne tik atrodo gra\u017eiai, bet ir yra ne\u012ftik\u0117tinai prakti\u0161ka. Reguliuojamos kojel\u0117s leid\u017eia reguliuoti jos auk\u0161t\u012f pagal j\u016bs\u0173 poreikius, o juodos metalin\u0117s rankenos suteikia charakterio ir yra patvarios bei atsparios kasdieniam naudojimui. Puiki \u0161ios spintel\u0117s savyb\u0117 \u2013 galimyb\u0117 rinktis tarp tradicin\u0117s rankenos arba atidarymo stumiant sistemos, leid\u017eian\u010dios susikurti asmeni\u0161kesn\u0119 erdv\u0119, tiksliai pagal j\u016bs\u0173 pageidavimus. \u0160is sprendimas idealiai tinka tiems, kurie vertina estetik\u0105 kiekvienoje detal\u0117je ir tiems, kurie vertina virtuv\u0117s naudojimo lankstum\u0105.<\/p>","protected":false},"excerpt":{"rendered":"<p>Plotis (cm): 79<br \/>\n\u016agis (cm): 82<br \/>\nGylis (cm): 79<\/p>","protected":false},"featured_media":159664,"comment_status":"open","ping_status":"open","template":"","meta":[],"product_brand":[],"product_cat":[9442,4106],"product_tag":[],"class_list":{"0":"post-159663","1":"product","2":"type-product","3":"status-publish","4":"has-post-thumbnail","6":"product_cat-kitchen-system-langen-dab-artisan","7":"product_cat-gala-meble","9":"first","10":"instock","11":"purchasable","12":"product-type-simple"},"_links":{"self":[{"href":"https:\/\/baldumarket.lt\/lt\/wp-json\/wp\/v2\/product\/159663","targetHints":{"allow":["GET"]}}],"collection":[{"href":"https:\/\/baldumarket.lt\/lt\/wp-json\/wp\/v2\/product"}],"about":[{"href":"https:\/\/baldumarket.lt\/lt\/wp-json\/wp\/v2\/types\/product"}],"replies":[{"embeddable":true,"href":"https:\/\/baldumarket.lt\/lt\/wp-json\/wp\/v2\/comments?post=159663"}],"wp:featuredmedia":[{"embeddable":true,"href":"https:\/\/baldumarket.lt\/lt\/wp-json\/wp\/v2\/media\/159664"}],"wp:attachment":[{"href":"https:\/\/baldumarket.lt\/lt\/wp-json\/wp\/v2\/media?parent=159663"}],"wp:term":[{"taxonomy":"product_brand","embeddable":true,"href":"https:\/\/baldumarket.lt\/lt\/wp-json\/wp\/v2\/product_brand?post=159663"},{"taxonomy":"product_cat","embeddable":true,"href":"https:\/\/baldumarket.lt\/lt\/wp-json\/wp\/v2\/product_cat?post=159663"},{"taxonomy":"product_tag","embeddable":true,"href":"https:\/\/baldumarket.lt\/lt\/wp-json\/wp\/v2\/product_tag?post=159663"}],"curies":[{"name":"wp","href":"https:\/\/api.w.org\/{rel}","templated":true}]}}