{"id":159657,"date":"2025-12-19T00:44:43","date_gmt":"2025-12-18T21:44:43","guid":{"rendered":"https:\/\/baldumarket.lt\/product\/szafka-kuchenna-dolna-2-drzwiowa-narozna-d90n-linea-grey-szary-mat\/"},"modified":"2026-02-18T11:34:50","modified_gmt":"2026-02-18T08:34:50","slug":"szafka-kuchenna-dolna-2-drzwiowa-narozna-d90n-linea-grey-szary-mat","status":"publish","type":"product","link":"https:\/\/baldumarket.lt\/lt\/product\/szafka-kuchenna-dolna-2-drzwiowa-narozna-d90n-linea-grey-szary-mat\/","title":{"rendered":"Apatin\u0117 2 dur\u0173 kampin\u0117 virtuv\u0117s spintel\u0117 D90N Linea pilka matin\u0117"},"content":{"rendered":"<p>Suteikite savo virtuvei modernaus stiliaus su \u201eLinea Grey\u201c kampine virtuv\u0117s spintele. Minimalistinis matin\u0117s pilkos spalvos dizainas puikiai dera su \u012fvairiais interjero dizainais, sukurdamas harmoning\u0105 erdv\u0119. Subtiliai \u017evilgantys fasadai suteikia elegancijos ir paver\u010dia virtuv\u0119 vieta, kur funkcionalumas dera su geru skoniu. \u201eLinea Grey\u201c yra ne tik prakti\u0161kas pasirinkimas, bet ir i\u0161skirtinai stilingas dekoro elementas. \u0160i kampin\u0117 spintel\u0117 yra puikus sprendimas tiems, kurie nori i\u0161naudoti kiekvien\u0105 savo virtuv\u0117s centimetr\u0105. D\u0117l sumaniai suprojektuoto interjero ji idealiai tinka indams, virtuv\u0117s prietaisams ir vis\u0173 r\u016b\u0161i\u0173 virtuv\u0117s reikmenims laikyti. D\u0117l universalaus dizaino ji puikiai tinka tiek ma\u017eoms, tiek didesn\u0117ms virtuv\u0117s erdv\u0117ms. Esteti\u0161kas matin\u0117s pilkos ir baltos spalv\u0173 derinys sukuria unikal\u0173 derin\u012f, kuris patraukia d\u0117mes\u012f ir suteikia interjerui gaivumo. Subtilios linijos ir paprasta forma leid\u017eia spintelei gerai dera su kitais virtuv\u0117s elementais, sukurdamos darni\u0105 visum\u0105. D\u0117l reguliuojam\u0173 kojeli\u0173 galite reguliuoti spintel\u0117s auk\u0161t\u012f pagal savo poreikius, o tai yra papildomas \u0161ios funkcionalios spintel\u0117s privalumas.<\/p>","protected":false},"excerpt":{"rendered":"<p>Plotis (cm): 79<br \/>\n\u016agis (cm): 82<br \/>\nGylis (cm): 79<\/p>","protected":false},"featured_media":159658,"comment_status":"open","ping_status":"open","template":"","meta":[],"product_brand":[],"product_cat":[9446,4106],"product_tag":[],"class_list":{"0":"post-159657","1":"product","2":"type-product","3":"status-publish","4":"has-post-thumbnail","6":"product_cat-kitchen-system-linea-white","7":"product_cat-gala-meble","9":"first","10":"instock","11":"purchasable","12":"product-type-simple"},"_links":{"self":[{"href":"https:\/\/baldumarket.lt\/lt\/wp-json\/wp\/v2\/product\/159657","targetHints":{"allow":["GET"]}}],"collection":[{"href":"https:\/\/baldumarket.lt\/lt\/wp-json\/wp\/v2\/product"}],"about":[{"href":"https:\/\/baldumarket.lt\/lt\/wp-json\/wp\/v2\/types\/product"}],"replies":[{"embeddable":true,"href":"https:\/\/baldumarket.lt\/lt\/wp-json\/wp\/v2\/comments?post=159657"}],"wp:featuredmedia":[{"embeddable":true,"href":"https:\/\/baldumarket.lt\/lt\/wp-json\/wp\/v2\/media\/159658"}],"wp:attachment":[{"href":"https:\/\/baldumarket.lt\/lt\/wp-json\/wp\/v2\/media?parent=159657"}],"wp:term":[{"taxonomy":"product_brand","embeddable":true,"href":"https:\/\/baldumarket.lt\/lt\/wp-json\/wp\/v2\/product_brand?post=159657"},{"taxonomy":"product_cat","embeddable":true,"href":"https:\/\/baldumarket.lt\/lt\/wp-json\/wp\/v2\/product_cat?post=159657"},{"taxonomy":"product_tag","embeddable":true,"href":"https:\/\/baldumarket.lt\/lt\/wp-json\/wp\/v2\/product_tag?post=159657"}],"curies":[{"name":"wp","href":"https:\/\/api.w.org\/{rel}","templated":true}]}}