{"id":159652,"date":"2025-12-19T00:44:33","date_gmt":"2025-12-18T21:44:33","guid":{"rendered":"https:\/\/baldumarket.lt\/product\/szafka-kuchenna-dolna-2-drzwiowa-narozna-d90n-linea-white-bialy-mat\/"},"modified":"2026-02-18T11:34:50","modified_gmt":"2026-02-18T08:34:50","slug":"szafka-kuchenna-dolna-2-drzwiowa-narozna-d90n-linea-white-bialy-mat","status":"publish","type":"product","link":"https:\/\/baldumarket.lt\/lt\/product\/szafka-kuchenna-dolna-2-drzwiowa-narozna-d90n-linea-white-bialy-mat\/","title":{"rendered":"Apatin\u0117 2 dur\u0173 kampin\u0117 virtuv\u0117s spintel\u0117 D90N Linea balta matin\u0117 balta"},"content":{"rendered":"<p>Matin\u0117s baltos spalvos apatin\u0117 kampin\u0117 virtuv\u0117s spintel\u0117 \u201eLinea White D90N\u201c su dviem durel\u0117mis yra tikras perlas \u0161iuolaikini\u0173 virtuvi\u0173 interjero pasaulyje. Minimalistin\u0117 forma ir eleganti\u0161ka apdaila puikiai tinka tiek klasikiniam, tiek moderniam dekorui. Matin\u0117s baltos spalvos pavir\u0161ius suteikia interjerui lengvumo ir gaivos poj\u016bt\u012f, puikiai atitinkant\u012f dabartines tendencijas. \u0160io baldo estetika dera su funkcionalumu. Kampin\u0117 spintel\u0117 \u201eLinea White\u201c leid\u017eia maksimaliai i\u0161naudoti virtuv\u0117s erdv\u0119, o tai labai svarbu ma\u017eose erdv\u0117se. Ji pavers j\u016bs\u0173 virtuv\u0117s kampus vieta, kur kiekvienas daiktas turi savo viet\u0105, tod\u0117l bus patogu laikyti kasdienius daiktus. Unikalus matin\u0117s baltos spalvos priekis, pagamintas i\u0161 MDF, yra ne tik ak\u012f traukiantis, bet ir patvarus bei lengvai valomas. Auksin\u0117s metalin\u0117s ranken\u0117l\u0117s suteikia elegancijos bendram dizainui, sukurdamos subtil\u0173, d\u0117mes\u012f patraukiant\u012f akcent\u0105. \u0160is paprastumo ir prabangos derinys suteikia spintelei modern\u0173, ta\u010diau nesenstant\u012f vaizd\u0105.<\/p>","protected":false},"excerpt":{"rendered":"<p>Plotis (cm): 79<br \/>\n\u016agis (cm): 82<br \/>\nGylis (cm): 79<\/p>","protected":false},"featured_media":159653,"comment_status":"open","ping_status":"open","template":"","meta":[],"product_brand":[],"product_cat":[9446,4106],"product_tag":[],"class_list":{"0":"post-159652","1":"product","2":"type-product","3":"status-publish","4":"has-post-thumbnail","6":"product_cat-kitchen-system-linea-white","7":"product_cat-gala-meble","9":"first","10":"instock","11":"purchasable","12":"product-type-simple"},"_links":{"self":[{"href":"https:\/\/baldumarket.lt\/lt\/wp-json\/wp\/v2\/product\/159652","targetHints":{"allow":["GET"]}}],"collection":[{"href":"https:\/\/baldumarket.lt\/lt\/wp-json\/wp\/v2\/product"}],"about":[{"href":"https:\/\/baldumarket.lt\/lt\/wp-json\/wp\/v2\/types\/product"}],"replies":[{"embeddable":true,"href":"https:\/\/baldumarket.lt\/lt\/wp-json\/wp\/v2\/comments?post=159652"}],"wp:featuredmedia":[{"embeddable":true,"href":"https:\/\/baldumarket.lt\/lt\/wp-json\/wp\/v2\/media\/159653"}],"wp:attachment":[{"href":"https:\/\/baldumarket.lt\/lt\/wp-json\/wp\/v2\/media?parent=159652"}],"wp:term":[{"taxonomy":"product_brand","embeddable":true,"href":"https:\/\/baldumarket.lt\/lt\/wp-json\/wp\/v2\/product_brand?post=159652"},{"taxonomy":"product_cat","embeddable":true,"href":"https:\/\/baldumarket.lt\/lt\/wp-json\/wp\/v2\/product_cat?post=159652"},{"taxonomy":"product_tag","embeddable":true,"href":"https:\/\/baldumarket.lt\/lt\/wp-json\/wp\/v2\/product_tag?post=159652"}],"curies":[{"name":"wp","href":"https:\/\/api.w.org\/{rel}","templated":true}]}}