{"id":159645,"date":"2025-12-19T00:44:18","date_gmt":"2025-12-18T21:44:18","guid":{"rendered":"https:\/\/baldumarket.lt\/product\/szafka-kuchenna-dolna-2-drzwiowa-narozna-d90n-prowansja-sosna-andersen-bialy-mat\/"},"modified":"2026-02-06T14:45:48","modified_gmt":"2026-02-06T11:45:48","slug":"szafka-kuchenna-dolna-2-drzwiowa-narozna-d90n-prowansja-sosna-andersen-bialy-mat","status":"publish","type":"product","link":"https:\/\/baldumarket.lt\/lt\/product\/szafka-kuchenna-dolna-2-drzwiowa-narozna-d90n-prowansja-sosna-andersen-bialy-mat\/","title":{"rendered":"Apatin\u0117 kampin\u0117 virtuv\u0117s spintel\u0117, 2 dur\u0173, D90N, provanso pu\u0161is, Andersen balta matin\u0117"},"content":{"rendered":"<p>Atraskite Provanso stiliaus \u017eaves\u012f su garsaus \u201eGa\u0142a Meble\u201c prek\u0117s \u017eenklo D90N apatine kampine virtuv\u0117s spintele. \u0160i eleganti\u0161ka spintel\u0117, pasi\u017eyminti anderseno pu\u0161ies ir matin\u0117s baltos spalvos atspalviais, \u012fne\u0161 \u012f j\u016bs\u0173 virtuv\u0119 gaivaus oro g\u016bs\u012f. Kruop\u0161\u010diai parinkta spalv\u0173 gama harmoningai sujungia kaimi\u0161k\u0105 \u017eaves\u012f su modernia elegancija, sukurdama jauk\u0173 ir sveting\u0105 interjer\u0105, kuriame pasijusite tarsi Provanso \u0161irdyje. D\u0117l gerai apgalvoto dizaino spintel\u0117 pasi\u017eymi bet kuriai virtuvei b\u016btinu funkcionalumu. Kampin\u0117 forma puikiai u\u017epildo erdv\u0119, maksimaliai padidindama turim\u0105 daikt\u0173 saugojimo viet\u0105. Spintel\u0117s vidus leid\u017eia patogiai pasl\u0117pti virtuv\u0117s reikmenis, i\u0161laikant kasdien\u0119 tvark\u0105 ir organizuotum\u0105. MDF ir laminato konstrukcija u\u017etikrina ne tik patvarum\u0105, bet ir esteti\u0161k\u0105 apdail\u0105, kuri d\u017eiugina nat\u016bralia ir subtilia i\u0161vaizda. Juodos metalin\u0117s rankenos suteikia modernumo, o savaime u\u017esidarantys vyriai u\u017etikrina skland\u0173 ir tyl\u0173 u\u017edarym\u0105, padidindami komfort\u0105.<\/p>","protected":false},"excerpt":{"rendered":"<p>Plotis (cm): 79<br \/>\n\u016agis (cm): 82<br \/>\nGylis (cm): 79<\/p>","protected":false},"featured_media":159646,"comment_status":"open","ping_status":"open","template":"","meta":[],"product_brand":[],"product_cat":[9444,4106,9118],"product_tag":[],"class_list":{"0":"post-159645","1":"product","2":"type-product","3":"status-publish","4":"has-post-thumbnail","6":"product_cat-kitchen-system-prowansja-sosna-andersen","7":"product_cat-gala-meble","8":"product_cat-kitchen-cabinets","10":"first","11":"instock","12":"purchasable","13":"product-type-simple"},"_links":{"self":[{"href":"https:\/\/baldumarket.lt\/lt\/wp-json\/wp\/v2\/product\/159645","targetHints":{"allow":["GET"]}}],"collection":[{"href":"https:\/\/baldumarket.lt\/lt\/wp-json\/wp\/v2\/product"}],"about":[{"href":"https:\/\/baldumarket.lt\/lt\/wp-json\/wp\/v2\/types\/product"}],"replies":[{"embeddable":true,"href":"https:\/\/baldumarket.lt\/lt\/wp-json\/wp\/v2\/comments?post=159645"}],"wp:featuredmedia":[{"embeddable":true,"href":"https:\/\/baldumarket.lt\/lt\/wp-json\/wp\/v2\/media\/159646"}],"wp:attachment":[{"href":"https:\/\/baldumarket.lt\/lt\/wp-json\/wp\/v2\/media?parent=159645"}],"wp:term":[{"taxonomy":"product_brand","embeddable":true,"href":"https:\/\/baldumarket.lt\/lt\/wp-json\/wp\/v2\/product_brand?post=159645"},{"taxonomy":"product_cat","embeddable":true,"href":"https:\/\/baldumarket.lt\/lt\/wp-json\/wp\/v2\/product_cat?post=159645"},{"taxonomy":"product_tag","embeddable":true,"href":"https:\/\/baldumarket.lt\/lt\/wp-json\/wp\/v2\/product_tag?post=159645"}],"curies":[{"name":"wp","href":"https:\/\/api.w.org\/{rel}","templated":true}]}}